{"id":9545005,"date":"2025-07-08T08:31:49","date_gmt":"2025-07-08T06:31:49","guid":{"rendered":"https:\/\/firmaostanski.pl\/produkt\/porsche-taycan-9j1-2019-przekladnia-kierownicza-maglownica-9j1423051ap-17697384053\/"},"modified":"2025-07-08T08:31:49","modified_gmt":"2025-07-08T06:31:49","slug":"porsche-taycan-9j1-2019-przekladnia-kierownicza-maglownica-9j1423051ap-17697384053","status":"publish","type":"product","link":"https:\/\/firmaostanski.pl\/en\/product\/porsche-taycan-9j1-2019-przekladnia-kierownicza-maglownica-9j1423051ap-17697384053\/","title":{"rendered":"PORSCHE TAYCAN 9J1 2019- PRZEK\u0141ADNIA KIEROWNICZA MAGLOWNICA 9J1423051AP"},"content":{"rendered":"<div class=\"container\">\n<div class=\"row\" style=\"margin-bottom: 1em\">\n<div class=\"col-sm\">\n<h2>Przedmiot:&nbsp;PORSCHE TAYCAN 9J1 2019- PRZEK\u0141ADNIA KIEROWNICZA MAGLOWNICA 9J1423051AP<\/h2>\n<h2>Dodatkowe parametry:<\/h2>\n<p>\u2022 &nbsp; &nbsp; &nbsp; Model auta:&nbsp;Taycan 9J1<\/p>\n<p>\u2022 &nbsp; &nbsp; &nbsp; Marka:&nbsp;Porsche<\/p>\n<p>\u2022 &nbsp; &nbsp; &nbsp; Miejsce instalacji:&nbsp;\u015arodek<\/p>\n<p>\u2022&nbsp; &nbsp; &nbsp; &nbsp;Rocznik modelowy:&nbsp;2019 &#8211; <\/p>\n<p>\u2022 &nbsp; &nbsp; &nbsp; Kod OEM:&nbsp;9J1423051AP<\/p>\n<p>&#8212;&#8212;&#8212;&#8212;&#8212;&#8212;&#8212;&#8212;&#8212;&#8212;&#8212;&#8212;&#8212;&#8212;&#8212;&#8212;&#8212;&#8212;&#8212;&#8212;&#8212;&#8212;&#8212;&#8212;&#8212;&#8212;&#8212;&#8212;&#8212;&#8212;&#8212;&#8212;&#8212;-<\/p>\n<p>Always check the OEM code and if you are not sure if a part fits your vehicle send us the VIN and we will check it for you<\/p>\n<p>&#8212;&#8212;&#8212;&#8212;&#8212;&#8212;&#8212;&#8212;&#8212;&#8212;&#8212;&#8212;&#8212;&#8212;&#8212;&#8212;&#8212;&#8212;&#8212;&#8212;&#8212;&#8212;&#8212;&#8212;&#8212;&#8212;&#8212;&#8212;&#8212;&#8212;&#8212;&#8212;&#8212;&#8212;<\/p>\n<p>If the product is used, it may bear minor signs of use (small marks, light scratches), but this does not prevent it from being used as intended. If it is damaged, this is shown in the photo. You are buying exactly as pictured. All body parts are ALWAYS to be painted. We do not have a paint code<\/p>\n<\/div>\n<\/div>\n<div class=\"row\" style=\"margin-bottom: 1em\">\n<div class=\"col-sm\">\n<figure class=\"wp-block-media-text__media\"><img decoding=\"async\" src=\"https:\/\/firmaostanski.pl\/wp-content\/uploads\/allegro\/2025\/7\/17697384053_a98a63964e0ca73208883d5e82bf.jpg\" alt=\"17697384053\" \/><\/figure>\n<\/div>\n<div class=\"col-sm\">\n<figure class=\"wp-block-media-text__media\"><img decoding=\"async\" src=\"https:\/\/firmaostanski.pl\/wp-content\/uploads\/allegro\/2025\/7\/17697384053_0ca191b14306bcfa6ca3a7fd6f9f.jpg\" alt=\"17697384053\" \/><\/figure>\n<\/div>\n<\/div>\n<div class=\"row\" style=\"margin-bottom: 1em\">\n<div class=\"col-sm\">\n<figure class=\"wp-block-media-text__media\"><img decoding=\"async\" src=\"https:\/\/firmaostanski.pl\/wp-content\/uploads\/allegro\/2025\/7\/17697384053_0539d82b4f8f8ba71a258fc0062d.jpg\" alt=\"17697384053\" \/><\/figure>\n<\/div>\n<div class=\"col-sm\">\n<figure class=\"wp-block-media-text__media\"><img decoding=\"async\" src=\"https:\/\/firmaostanski.pl\/wp-content\/uploads\/allegro\/2025\/7\/17697384053_b6154c0e4ede8abcf2f505b7bd98.jpg\" alt=\"17697384053\" \/><\/figure>\n<\/div>\n<\/div>\n<\/div>","protected":false},"excerpt":{"rendered":"<p>Przedmiot:&nbsp;PORSCHE TAYCAN 9J1 2019- PRZEK\u0141ADNIA KIEROWNICZA MAGLOWNICA 9J1423051AP Dodatkowe parametry: \u2022 &nbsp; &nbsp; &nbsp; Model auta:&nbsp;Taycan 9J1 \u2022 &nbsp; &nbsp; &nbsp; Marka:&nbsp;Porsche \u2022 &nbsp; &nbsp; &nbsp; Miejsce instalacji:&nbsp;\u015arodek \u2022&nbsp; &nbsp; &nbsp; &nbsp;Rocznik modelowy:&nbsp;2019 &#8211; \u2022 &nbsp; &nbsp; &nbsp; Kod OEM:&nbsp;9J1423051AP &#8212;&#8212;&#8212;&#8212;&#8212;&#8212;&#8212;&#8212;&#8212;&#8212;&#8212;&#8212;&#8212;&#8212;&#8212;&#8212;&#8212;&#8212;&#8212;&#8212;&#8212;&#8212;&#8212;&#8212;&#8212;&#8212;&#8212;&#8212;&#8212;&#8212;&#8212;&#8212;&#8212;- Zawsze sprawdzaj kod OEM a je\u015bli nie jeste\u015b pewien czy dana cz\u0119\u015b\u0107 pasuje do [&hellip;]<\/p>","protected":false},"featured_media":9545006,"comment_status":"open","ping_status":"closed","template":"","meta":{"_acf_changed":false,"inline_featured_image":false,"site-sidebar-layout":"default","site-content-layout":"","ast-site-content-layout":"","site-content-style":"default","site-sidebar-style":"default","ast-global-header-display":"","ast-banner-title-visibility":"","ast-main-header-display":"","ast-hfb-above-header-display":"","ast-hfb-below-header-display":"","ast-hfb-mobile-header-display":"","site-post-title":"","ast-breadcrumbs-content":"","ast-featured-img":"","footer-sml-layout":"","theme-transparent-header-meta":"","adv-header-id-meta":"","stick-header-meta":"","header-above-stick-meta":"","header-main-stick-meta":"","header-below-stick-meta":"","astra-migrate-meta-layouts":"default","ast-page-background-enabled":"default","ast-page-background-meta":{"desktop":{"background-color":"","background-image":"","background-repeat":"repeat","background-position":"center center","background-size":"auto","background-attachment":"scroll","background-type":"","background-media":"","overlay-type":"","overlay-color":"","overlay-opacity":"","overlay-gradient":""},"tablet":{"background-color":"","background-image":"","background-repeat":"repeat","background-position":"center center","background-size":"auto","background-attachment":"scroll","background-type":"","background-media":"","overlay-type":"","overlay-color":"","overlay-opacity":"","overlay-gradient":""},"mobile":{"background-color":"","background-image":"","background-repeat":"repeat","background-position":"center center","background-size":"auto","background-attachment":"scroll","background-type":"","background-media":"","overlay-type":"","overlay-color":"","overlay-opacity":"","overlay-gradient":""}},"ast-content-background-meta":{"desktop":{"background-color":"var(--ast-global-color-5)","background-image":"","background-repeat":"repeat","background-position":"center center","background-size":"auto","background-attachment":"scroll","background-type":"","background-media":"","overlay-type":"","overlay-color":"","overlay-opacity":"","overlay-gradient":""},"tablet":{"background-color":"var(--ast-global-color-5)","background-image":"","background-repeat":"repeat","background-position":"center center","background-size":"auto","background-attachment":"scroll","background-type":"","background-media":"","overlay-type":"","overlay-color":"","overlay-opacity":"","overlay-gradient":""},"mobile":{"background-color":"var(--ast-global-color-5)","background-image":"","background-repeat":"repeat","background-position":"center center","background-size":"auto","background-attachment":"scroll","background-type":"","background-media":"","overlay-type":"","overlay-color":"","overlay-opacity":"","overlay-gradient":""}}},"product_cat":[186,185,115],"product_tag":[],"acf":[],"_links":{"self":[{"href":"https:\/\/firmaostanski.pl\/en\/wp-json\/wp\/v2\/product\/9545005"}],"collection":[{"href":"https:\/\/firmaostanski.pl\/en\/wp-json\/wp\/v2\/product"}],"about":[{"href":"https:\/\/firmaostanski.pl\/en\/wp-json\/wp\/v2\/types\/product"}],"replies":[{"embeddable":true,"href":"https:\/\/firmaostanski.pl\/en\/wp-json\/wp\/v2\/comments?post=9545005"}],"wp:featuredmedia":[{"embeddable":true,"href":"https:\/\/firmaostanski.pl\/en\/wp-json\/wp\/v2\/media\/9545006"}],"wp:attachment":[{"href":"https:\/\/firmaostanski.pl\/en\/wp-json\/wp\/v2\/media?parent=9545005"}],"wp:term":[{"taxonomy":"product_cat","embeddable":true,"href":"https:\/\/firmaostanski.pl\/en\/wp-json\/wp\/v2\/product_cat?post=9545005"},{"taxonomy":"product_tag","embeddable":true,"href":"https:\/\/firmaostanski.pl\/en\/wp-json\/wp\/v2\/product_tag?post=9545005"}],"curies":[{"name":"wp","href":"https:\/\/api.w.org\/{rel}","templated":true}]}}