{"id":9528586,"date":"2025-05-20T14:11:22","date_gmt":"2025-05-20T12:11:22","guid":{"rendered":"https:\/\/firmaostanski.pl\/produkt\/kia-sorento-kola-letnie-felgi-aluminiowe-245-65-17-5x1143-52910-3e700-17532766308\/"},"modified":"2025-05-24T09:11:04","modified_gmt":"2025-05-24T07:11:04","slug":"kia-sorento-kola-letnie-felgi-aluminiowe-245-65-17-5x1143-52910-3e700-17532766308","status":"publish","type":"product","link":"https:\/\/firmaostanski.pl\/en\/product\/kia-sorento-kola-letnie-felgi-aluminiowe-245-65-17-5x1143-52910-3e700-17532766308\/","title":{"rendered":"HYUNDAI SANTAFE KO\u0141A LETNIE FELGI ALUMINIOWE 245\/65\/17 5&#215;114,3 52910-3E700"},"content":{"rendered":"<div class=\"container\">\n<div class=\"row\" style=\"margin-bottom: 1em\">\n<div class=\"col-sm\">\n<figure class=\"wp-block-media-text__media\"><img decoding=\"async\" src=\"https:\/\/firmaostanski.pl\/wp-content\/uploads\/allegro\/2025\/5\/17532766308_bda9a907436f900692eff131e2fa.jpg\" alt=\"17532766308\" \/><\/figure>\n<\/div>\n<div class=\"col-sm\">\n<h1>KO\u0141A LETNIE FELGI ALUMINIOWE<\/h1>\n<h1>Product description:<\/h1>\n<p><b>OPONY:<\/b><\/p>\n<p>KUMHO ROAD VENTURE ST<\/p>\n<p>245 \/ 65 \/ 17<\/p>\n<p>Index: 107 H<\/p>\n<p>Rocznik: 2006<\/p>\n<p>\u015aredni bie\u017cnik: 7,50 mm<\/p>\n<p><b>FELGI:<\/b><\/p>\n<p>NR KATALOGOWY FELG: 52910-3E700<\/p>\n<p>7.0 J&nbsp; x 17 H2<\/p>\n<p>ET 45<\/p>\n<p>Rozstaw \u015brub: 5&#215;114,3<\/p>\n<\/div>\n<\/div>\n<div class=\"row\" style=\"margin-bottom: 1em\">\n<div class=\"col-sm\">\n<figure class=\"wp-block-media-text__media\"><img decoding=\"async\" src=\"https:\/\/firmaostanski.pl\/wp-content\/uploads\/allegro\/2025\/5\/17532766308_26ac654c4ae688c6c427e350d5c3.jpg\" alt=\"17532766308\" \/><\/figure>\n<\/div>\n<div class=\"col-sm\">\n<figure class=\"wp-block-media-text__media\"><img decoding=\"async\" src=\"https:\/\/firmaostanski.pl\/wp-content\/uploads\/allegro\/2025\/5\/17532766308_d70c17bc4357be19a60350ccd394.jpg\" alt=\"17532766308\" \/><\/figure>\n<\/div>\n<\/div>\n<div class=\"row\" style=\"margin-bottom: 1em\">\n<div class=\"col-sm\">\n<figure class=\"wp-block-media-text__media\"><img decoding=\"async\" src=\"https:\/\/firmaostanski.pl\/wp-content\/uploads\/allegro\/2025\/5\/17532766308_7ec03ce14a64b68bc7efe622a2d1.jpg\" alt=\"17532766308\" \/><\/figure>\n<\/div>\n<div class=\"col-sm\">\n<figure class=\"wp-block-media-text__media\"><img decoding=\"async\" src=\"https:\/\/firmaostanski.pl\/wp-content\/uploads\/allegro\/2025\/5\/17532766308_06828d1b40259ab122b979bbbf1e.jpg\" alt=\"17532766308\" \/><\/figure>\n<\/div>\n<\/div>\n<div class=\"row\" style=\"margin-bottom: 1em\">\n<div class=\"col-sm\">\n<figure class=\"wp-block-media-text__media\"><img decoding=\"async\" src=\"https:\/\/firmaostanski.pl\/wp-content\/uploads\/allegro\/2025\/5\/17532766308_1d6dff074b6f9b0a4911a2ea1c3e.jpg\" alt=\"17532766308\" \/><\/figure>\n<\/div>\n<div class=\"col-sm\">\n<figure class=\"wp-block-media-text__media\"><img decoding=\"async\" src=\"https:\/\/firmaostanski.pl\/wp-content\/uploads\/allegro\/2025\/5\/17532766308_e96ad9594570bf4d277c0cc3482d.jpg\" alt=\"17532766308\" \/><\/figure>\n<\/div>\n<\/div>\n<div class=\"row\" style=\"margin-bottom: 1em\">\n<div class=\"col-sm\">\n<figure class=\"wp-block-media-text__media\"><img decoding=\"async\" src=\"https:\/\/firmaostanski.pl\/wp-content\/uploads\/allegro\/2025\/5\/17532766308_2ea575074425b6f048d3c987f3ca.jpg\" alt=\"17532766308\" \/><\/figure>\n<\/div>\n<div class=\"col-sm\">\n<figure class=\"wp-block-media-text__media\"><img decoding=\"async\" src=\"https:\/\/firmaostanski.pl\/wp-content\/uploads\/allegro\/2025\/5\/17532766308_e987909c4f5c9eb4deb837487011.jpg\" alt=\"17532766308\" \/><\/figure>\n<\/div>\n<\/div>\n<div class=\"row\" style=\"margin-bottom: 1em\">\n<div class=\"col-sm\">\n<figure class=\"wp-block-media-text__media\"><img decoding=\"async\" src=\"https:\/\/firmaostanski.pl\/wp-content\/uploads\/allegro\/2025\/5\/17532766308_9fd6ff784c34911de7f40a535427.jpg\" alt=\"17532766308\" \/><\/figure>\n<\/div>\n<div class=\"col-sm\">\n<figure class=\"wp-block-media-text__media\"><img decoding=\"async\" src=\"https:\/\/firmaostanski.pl\/wp-content\/uploads\/allegro\/2025\/5\/17532766308_4f0e9d1547aaae05cd9478c9ab2d.jpg\" alt=\"17532766308\" \/><\/figure>\n<\/div>\n<\/div>\n<div class=\"row\" style=\"margin-bottom: 1em\">\n<div class=\"col-sm\">\n<figure class=\"wp-block-media-text__media\"><img decoding=\"async\" src=\"https:\/\/firmaostanski.pl\/wp-content\/uploads\/allegro\/2025\/5\/17532766308_4f0e9d1547aaae05cd9478c9ab2d.jpg\" alt=\"17532766308\" \/><\/figure>\n<\/div>\n<\/div>\n<\/div>","protected":false},"excerpt":{"rendered":"<p>KO\u0141A LETNIE FELGI ALUMINIOWE Opis produktu: OPONY: KUMHO ROAD VENTURE ST 245 \/ 65 \/ 17 Index: 107 H Rocznik: 2006 \u015aredni bie\u017cnik: 7,50 mm FELGI: NR KATALOGOWY FELG: 52910-3E700 7.0 J&nbsp; x 17 H2 ET 45 Rozstaw \u015brub: 5&#215;114,3<\/p>","protected":false},"featured_media":9529808,"comment_status":"open","ping_status":"closed","template":"","meta":{"_acf_changed":false,"inline_featured_image":false,"site-sidebar-layout":"default","site-content-layout":"","ast-site-content-layout":"","site-content-style":"default","site-sidebar-style":"default","ast-global-header-display":"","ast-banner-title-visibility":"","ast-main-header-display":"","ast-hfb-above-header-display":"","ast-hfb-below-header-display":"","ast-hfb-mobile-header-display":"","site-post-title":"","ast-breadcrumbs-content":"","ast-featured-img":"","footer-sml-layout":"","theme-transparent-header-meta":"","adv-header-id-meta":"","stick-header-meta":"","header-above-stick-meta":"","header-main-stick-meta":"","header-below-stick-meta":"","astra-migrate-meta-layouts":"default","ast-page-background-enabled":"default","ast-page-background-meta":{"desktop":{"background-color":"","background-image":"","background-repeat":"repeat","background-position":"center center","background-size":"auto","background-attachment":"scroll","background-type":"","background-media":"","overlay-type":"","overlay-color":"","overlay-opacity":"","overlay-gradient":""},"tablet":{"background-color":"","background-image":"","background-repeat":"repeat","background-position":"center center","background-size":"auto","background-attachment":"scroll","background-type":"","background-media":"","overlay-type":"","overlay-color":"","overlay-opacity":"","overlay-gradient":""},"mobile":{"background-color":"","background-image":"","background-repeat":"repeat","background-position":"center center","background-size":"auto","background-attachment":"scroll","background-type":"","background-media":"","overlay-type":"","overlay-color":"","overlay-opacity":"","overlay-gradient":""}},"ast-content-background-meta":{"desktop":{"background-color":"var(--ast-global-color-5)","background-image":"","background-repeat":"repeat","background-position":"center center","background-size":"auto","background-attachment":"scroll","background-type":"","background-media":"","overlay-type":"","overlay-color":"","overlay-opacity":"","overlay-gradient":""},"tablet":{"background-color":"var(--ast-global-color-5)","background-image":"","background-repeat":"repeat","background-position":"center center","background-size":"auto","background-attachment":"scroll","background-type":"","background-media":"","overlay-type":"","overlay-color":"","overlay-opacity":"","overlay-gradient":""},"mobile":{"background-color":"var(--ast-global-color-5)","background-image":"","background-repeat":"repeat","background-position":"center center","background-size":"auto","background-attachment":"scroll","background-type":"","background-media":"","overlay-type":"","overlay-color":"","overlay-opacity":"","overlay-gradient":""}}},"product_cat":[173,172,171,162],"product_tag":[],"acf":[],"_links":{"self":[{"href":"https:\/\/firmaostanski.pl\/en\/wp-json\/wp\/v2\/product\/9528586"}],"collection":[{"href":"https:\/\/firmaostanski.pl\/en\/wp-json\/wp\/v2\/product"}],"about":[{"href":"https:\/\/firmaostanski.pl\/en\/wp-json\/wp\/v2\/types\/product"}],"replies":[{"embeddable":true,"href":"https:\/\/firmaostanski.pl\/en\/wp-json\/wp\/v2\/comments?post=9528586"}],"wp:featuredmedia":[{"embeddable":true,"href":"https:\/\/firmaostanski.pl\/en\/wp-json\/wp\/v2\/media\/9529808"}],"wp:attachment":[{"href":"https:\/\/firmaostanski.pl\/en\/wp-json\/wp\/v2\/media?parent=9528586"}],"wp:term":[{"taxonomy":"product_cat","embeddable":true,"href":"https:\/\/firmaostanski.pl\/en\/wp-json\/wp\/v2\/product_cat?post=9528586"},{"taxonomy":"product_tag","embeddable":true,"href":"https:\/\/firmaostanski.pl\/en\/wp-json\/wp\/v2\/product_tag?post=9528586"}],"curies":[{"name":"wp","href":"https:\/\/api.w.org\/{rel}","templated":true}]}}