{"id":9528562,"date":"2025-05-20T14:11:09","date_gmt":"2025-05-20T12:11:09","guid":{"rendered":"https:\/\/firmaostanski.pl\/produkt\/audi-a1-felgi-aluminiowe-kola-letnie-215-45-16-5x100-8x0601025b-17532694199\/"},"modified":"2025-05-24T09:10:57","modified_gmt":"2025-05-24T07:10:57","slug":"audi-a1-felgi-aluminiowe-kola-letnie-215-45-16-5x100-8x0601025b-17532694199","status":"publish","type":"product","link":"https:\/\/firmaostanski.pl\/en\/product\/audi-a1-felgi-aluminiowe-kola-letnie-215-45-16-5x100-8x0601025b-17532694199\/","title":{"rendered":"AUDI A1 FELGI ALUMINIOWE KO\u0141A LETNIE 215\/45\/16 5&#215;100 8X0601025B"},"content":{"rendered":"<div class=\"container\">\n<div class=\"row\" style=\"margin-bottom: 1em\">\n<div class=\"col-sm\">\n<figure class=\"wp-block-media-text__media\"><img decoding=\"async\" src=\"https:\/\/firmaostanski.pl\/wp-content\/uploads\/allegro\/2025\/5\/17532694199_abd9215048a1bf1517676f61941e.jpg\" alt=\"17532694199\" \/><\/figure>\n<\/div>\n<div class=\"col-sm\">\n<h1>KO\u0141A LETNIE FELGI ALUMINIOWE<\/h1>\n<h1>Product description:<\/h1>\n<p><b>OPONY:<\/b><\/p>\n<p>CONTINENTAL CONTI PREMIUM CONTACT 2<\/p>\n<p>215 \/ 45 \/ 16<\/p>\n<p>Index: 90 V<\/p>\n<p>Yearbook: 2011<\/p>\n<p>\u015aredni bie\u017cnik: 4 mm<\/p>\n<p><b>FELGI:<\/b><\/p>\n<p>NR KATALOGOWY FELG: 8X0601025B<\/p>\n<p>7 J&nbsp; x 16 H2<\/p>\n<p>ET 34<\/p>\n<p>Rozstaw \u015brub: 5X100<\/p>\n<\/div>\n<\/div>\n<div class=\"row\" style=\"margin-bottom: 1em\">\n<div class=\"col-sm\">\n<figure class=\"wp-block-media-text__media\"><img decoding=\"async\" src=\"https:\/\/firmaostanski.pl\/wp-content\/uploads\/allegro\/2025\/5\/17532694199_552d940d4a80af8b6ef454b2f7da.jpg\" alt=\"17532694199\" \/><\/figure>\n<\/div>\n<div class=\"col-sm\">\n<figure class=\"wp-block-media-text__media\"><img decoding=\"async\" src=\"https:\/\/firmaostanski.pl\/wp-content\/uploads\/allegro\/2025\/5\/17532694199_f306e38a4782a13c3a890bb90c6c.jpg\" alt=\"17532694199\" \/><\/figure>\n<\/div>\n<\/div>\n<div class=\"row\" style=\"margin-bottom: 1em\">\n<div class=\"col-sm\">\n<figure class=\"wp-block-media-text__media\"><img decoding=\"async\" src=\"https:\/\/firmaostanski.pl\/wp-content\/uploads\/allegro\/2025\/5\/17532694199_51c339f847c29520ff553d5823cf.jpg\" alt=\"17532694199\" \/><\/figure>\n<\/div>\n<div class=\"col-sm\">\n<figure class=\"wp-block-media-text__media\"><img decoding=\"async\" src=\"https:\/\/firmaostanski.pl\/wp-content\/uploads\/allegro\/2025\/5\/17532694199_3e2c248244a7b0171dde64faee24.jpg\" alt=\"17532694199\" \/><\/figure>\n<\/div>\n<\/div>\n<div class=\"row\" style=\"margin-bottom: 1em\">\n<div class=\"col-sm\">\n<figure class=\"wp-block-media-text__media\"><img decoding=\"async\" src=\"https:\/\/firmaostanski.pl\/wp-content\/uploads\/allegro\/2025\/5\/17532694199_63e595bc45fe9505352876fee9ce.jpg\" alt=\"17532694199\" \/><\/figure>\n<\/div>\n<div class=\"col-sm\">\n<figure class=\"wp-block-media-text__media\"><img decoding=\"async\" src=\"https:\/\/firmaostanski.pl\/wp-content\/uploads\/allegro\/2025\/5\/17532694199_296550a444ff9e50b339e56f9233.jpg\" alt=\"17532694199\" \/><\/figure>\n<\/div>\n<\/div>\n<div class=\"row\" style=\"margin-bottom: 1em\">\n<div class=\"col-sm\">\n<figure class=\"wp-block-media-text__media\"><img decoding=\"async\" src=\"https:\/\/firmaostanski.pl\/wp-content\/uploads\/allegro\/2025\/5\/17532694199_995c4303430886ec7f69dce6083c.jpg\" alt=\"17532694199\" \/><\/figure>\n<\/div>\n<div class=\"col-sm\">\n<figure class=\"wp-block-media-text__media\"><img decoding=\"async\" src=\"https:\/\/firmaostanski.pl\/wp-content\/uploads\/allegro\/2025\/5\/17532694199_e7948baf421596f73b35f2318dc5.jpg\" alt=\"17532694199\" \/><\/figure>\n<\/div>\n<\/div>\n<div class=\"row\" style=\"margin-bottom: 1em\">\n<div class=\"col-sm\">\n<figure class=\"wp-block-media-text__media\"><img decoding=\"async\" src=\"https:\/\/firmaostanski.pl\/wp-content\/uploads\/allegro\/2025\/5\/17532694199_d870c5c040dc9122a24b02c4d04a.jpg\" alt=\"17532694199\" \/><\/figure>\n<\/div>\n<div class=\"col-sm\">\n<figure class=\"wp-block-media-text__media\"><img decoding=\"async\" src=\"https:\/\/firmaostanski.pl\/wp-content\/uploads\/allegro\/2025\/5\/17532694199_395c1b7f4a6db9db643144d557f9.jpg\" alt=\"17532694199\" \/><\/figure>\n<\/div>\n<\/div>\n<div class=\"row\" style=\"margin-bottom: 1em\">\n<div class=\"col-sm\">\n<figure class=\"wp-block-media-text__media\"><img decoding=\"async\" src=\"https:\/\/firmaostanski.pl\/wp-content\/uploads\/allegro\/2025\/5\/17532694199_8da79d6b4b2382dd615cb9c4a09f.jpg\" alt=\"17532694199\" \/><\/figure>\n<\/div>\n<\/div>\n<\/div>","protected":false},"excerpt":{"rendered":"<p>KO\u0141A LETNIE FELGI ALUMINIOWE Opis produktu: OPONY: CONTINENTAL CONTI PREMIUM CONTACT 2 215 \/ 45 \/ 16 Index: 90 V Rocznik: 2011 \u015aredni bie\u017cnik: 4 mm FELGI: NR KATALOGOWY FELG: 8X0601025B 7 J&nbsp; x 16 H2 ET 34 Rozstaw \u015brub: 5X100<\/p>","protected":false},"featured_media":9529796,"comment_status":"open","ping_status":"closed","template":"","meta":{"_acf_changed":false,"inline_featured_image":false,"site-sidebar-layout":"default","site-content-layout":"","ast-site-content-layout":"","site-content-style":"default","site-sidebar-style":"default","ast-global-header-display":"","ast-banner-title-visibility":"","ast-main-header-display":"","ast-hfb-above-header-display":"","ast-hfb-below-header-display":"","ast-hfb-mobile-header-display":"","site-post-title":"","ast-breadcrumbs-content":"","ast-featured-img":"","footer-sml-layout":"","theme-transparent-header-meta":"","adv-header-id-meta":"","stick-header-meta":"","header-above-stick-meta":"","header-main-stick-meta":"","header-below-stick-meta":"","astra-migrate-meta-layouts":"default","ast-page-background-enabled":"default","ast-page-background-meta":{"desktop":{"background-color":"","background-image":"","background-repeat":"repeat","background-position":"center center","background-size":"auto","background-attachment":"scroll","background-type":"","background-media":"","overlay-type":"","overlay-color":"","overlay-opacity":"","overlay-gradient":""},"tablet":{"background-color":"","background-image":"","background-repeat":"repeat","background-position":"center center","background-size":"auto","background-attachment":"scroll","background-type":"","background-media":"","overlay-type":"","overlay-color":"","overlay-opacity":"","overlay-gradient":""},"mobile":{"background-color":"","background-image":"","background-repeat":"repeat","background-position":"center center","background-size":"auto","background-attachment":"scroll","background-type":"","background-media":"","overlay-type":"","overlay-color":"","overlay-opacity":"","overlay-gradient":""}},"ast-content-background-meta":{"desktop":{"background-color":"var(--ast-global-color-5)","background-image":"","background-repeat":"repeat","background-position":"center center","background-size":"auto","background-attachment":"scroll","background-type":"","background-media":"","overlay-type":"","overlay-color":"","overlay-opacity":"","overlay-gradient":""},"tablet":{"background-color":"var(--ast-global-color-5)","background-image":"","background-repeat":"repeat","background-position":"center center","background-size":"auto","background-attachment":"scroll","background-type":"","background-media":"","overlay-type":"","overlay-color":"","overlay-opacity":"","overlay-gradient":""},"mobile":{"background-color":"var(--ast-global-color-5)","background-image":"","background-repeat":"repeat","background-position":"center center","background-size":"auto","background-attachment":"scroll","background-type":"","background-media":"","overlay-type":"","overlay-color":"","overlay-opacity":"","overlay-gradient":""}}},"product_cat":[173,172,171,162],"product_tag":[],"acf":[],"_links":{"self":[{"href":"https:\/\/firmaostanski.pl\/en\/wp-json\/wp\/v2\/product\/9528562"}],"collection":[{"href":"https:\/\/firmaostanski.pl\/en\/wp-json\/wp\/v2\/product"}],"about":[{"href":"https:\/\/firmaostanski.pl\/en\/wp-json\/wp\/v2\/types\/product"}],"replies":[{"embeddable":true,"href":"https:\/\/firmaostanski.pl\/en\/wp-json\/wp\/v2\/comments?post=9528562"}],"wp:featuredmedia":[{"embeddable":true,"href":"https:\/\/firmaostanski.pl\/en\/wp-json\/wp\/v2\/media\/9529796"}],"wp:attachment":[{"href":"https:\/\/firmaostanski.pl\/en\/wp-json\/wp\/v2\/media?parent=9528562"}],"wp:term":[{"taxonomy":"product_cat","embeddable":true,"href":"https:\/\/firmaostanski.pl\/en\/wp-json\/wp\/v2\/product_cat?post=9528562"},{"taxonomy":"product_tag","embeddable":true,"href":"https:\/\/firmaostanski.pl\/en\/wp-json\/wp\/v2\/product_tag?post=9528562"}],"curies":[{"name":"wp","href":"https:\/\/api.w.org\/{rel}","templated":true}]}}