{"id":9525214,"date":"2025-05-06T10:44:57","date_gmt":"2025-05-06T08:44:57","guid":{"rendered":"https:\/\/firmaostanski.pl\/produkt\/3v0601025ba-skoda-superb-iii-3-2015-felga-aluminiowa-8-0j-x-19-h2-et-44-14804913513\/"},"modified":"2025-05-06T10:44:57","modified_gmt":"2025-05-06T08:44:57","slug":"3v0601025ba-skoda-superb-iii-3-2015-felga-aluminiowa-8-0j-x-19-h2-et-44-14804913513","status":"publish","type":"product","link":"https:\/\/firmaostanski.pl\/en\/product\/3v0601025ba-skoda-superb-iii-3-2015-felga-aluminiowa-8-0j-x-19-h2-et-44-14804913513\/","title":{"rendered":"3V0601025BA SKODA SUPERB III 3 2015- FELGA ALUMINIOWA 8.0J x 19 H2 ET 44"},"content":{"rendered":"<div class=\"container\">\n<div class=\"row\" style=\"margin-bottom: 1em\">\n<div class=\"col-sm\">\n<figure class=\"wp-block-media-text__media\"><img decoding=\"async\" src=\"https:\/\/firmaostanski.pl\/wp-content\/uploads\/allegro\/2025\/5\/14804913513_ba6a162c4e4d8972942b119094f4.jpg\" alt=\"14804913513\" \/><\/figure>\n<\/div>\n<div class=\"col-sm\">\n<h1>Product description:<\/h1>\n<h1>ALUMINIUM RIM<\/h1>\n<p>Rim diameter: <b>19<\/b><\/p>\n<p>Rim width: <b>8,0<\/b><\/p>\n<p>ET embedding:<b> 44<\/b><\/p>\n<p>Screw spacing:<b> 5 x 112<\/b><\/p>\n<p>Car model:&nbsp;<b>SKODA SUPERB III 3<\/b><\/p>\n<p>Model year:&nbsp;<b> 2015 &#8211;<\/b><\/p>\n<p>Catalogue number: <b>3V0601025BA<\/b><\/p>\n<\/div>\n<\/div>\n<div class=\"row\" style=\"margin-bottom: 1em\">\n<div class=\"col-sm\">\n<figure class=\"wp-block-media-text__media\"><img decoding=\"async\" src=\"https:\/\/firmaostanski.pl\/wp-content\/uploads\/allegro\/2025\/5\/14804913513_490432c54eac8a10aa653bd883a4.jpg\" alt=\"14804913513\" \/><\/figure>\n<\/div>\n<div class=\"col-sm\">\n<figure class=\"wp-block-media-text__media\"><img decoding=\"async\" src=\"https:\/\/firmaostanski.pl\/wp-content\/uploads\/allegro\/2025\/5\/14804913513_529109a1454398635c008acf9f7b.jpg\" alt=\"14804913513\" \/><\/figure>\n<\/div>\n<\/div>\n<div class=\"row\" style=\"margin-bottom: 1em\">\n<div class=\"col-sm\">\n<figure class=\"wp-block-media-text__media\"><img decoding=\"async\" src=\"https:\/\/firmaostanski.pl\/wp-content\/uploads\/allegro\/2025\/5\/14804913513_39163c75498ba91de81bc9dc08e5.jpg\" alt=\"14804913513\" \/><\/figure>\n<\/div>\n<div class=\"col-sm\">\n<figure class=\"wp-block-media-text__media\"><img decoding=\"async\" src=\"https:\/\/firmaostanski.pl\/wp-content\/uploads\/allegro\/2025\/5\/14804913513_81b40a424b69a053746504566dab.jpg\" alt=\"14804913513\" \/><\/figure>\n<\/div>\n<\/div>\n<div class=\"row\" style=\"margin-bottom: 1em\">\n<div class=\"col-sm\">\n<figure class=\"wp-block-media-text__media\"><img decoding=\"async\" src=\"https:\/\/firmaostanski.pl\/wp-content\/uploads\/allegro\/2025\/5\/14804913513_8bd11afe4e7d80a2a6bea321a881.jpg\" alt=\"14804913513\" \/><\/figure>\n<\/div>\n<\/div>\n<\/div>","protected":false},"excerpt":{"rendered":"<p>Opis produktu: FELGA&nbsp; ALUMINIOWA \u015arednica felgi: 19 Szeroko\u015b\u0107 felgi: 8,0 Osadzenie ET: 44 Rozstaw \u015brub: 5 x 112 Model auta:&nbsp;SKODA SUPERB III 3 Rocznik modelowy:&nbsp; 2015 &#8211; Numer katalogowy: 3V0601025BA<\/p>","protected":false},"featured_media":9525215,"comment_status":"open","ping_status":"closed","template":"","meta":{"_acf_changed":false,"inline_featured_image":false,"site-sidebar-layout":"default","site-content-layout":"","ast-site-content-layout":"","site-content-style":"default","site-sidebar-style":"default","ast-global-header-display":"","ast-banner-title-visibility":"","ast-main-header-display":"","ast-hfb-above-header-display":"","ast-hfb-below-header-display":"","ast-hfb-mobile-header-display":"","site-post-title":"","ast-breadcrumbs-content":"","ast-featured-img":"","footer-sml-layout":"","theme-transparent-header-meta":"","adv-header-id-meta":"","stick-header-meta":"","header-above-stick-meta":"","header-main-stick-meta":"","header-below-stick-meta":"","astra-migrate-meta-layouts":"default","ast-page-background-enabled":"default","ast-page-background-meta":{"desktop":{"background-color":"","background-image":"","background-repeat":"repeat","background-position":"center center","background-size":"auto","background-attachment":"scroll","background-type":"","background-media":"","overlay-type":"","overlay-color":"","overlay-opacity":"","overlay-gradient":""},"tablet":{"background-color":"","background-image":"","background-repeat":"repeat","background-position":"center center","background-size":"auto","background-attachment":"scroll","background-type":"","background-media":"","overlay-type":"","overlay-color":"","overlay-opacity":"","overlay-gradient":""},"mobile":{"background-color":"","background-image":"","background-repeat":"repeat","background-position":"center center","background-size":"auto","background-attachment":"scroll","background-type":"","background-media":"","overlay-type":"","overlay-color":"","overlay-opacity":"","overlay-gradient":""}},"ast-content-background-meta":{"desktop":{"background-color":"var(--ast-global-color-5)","background-image":"","background-repeat":"repeat","background-position":"center center","background-size":"auto","background-attachment":"scroll","background-type":"","background-media":"","overlay-type":"","overlay-color":"","overlay-opacity":"","overlay-gradient":""},"tablet":{"background-color":"var(--ast-global-color-5)","background-image":"","background-repeat":"repeat","background-position":"center center","background-size":"auto","background-attachment":"scroll","background-type":"","background-media":"","overlay-type":"","overlay-color":"","overlay-opacity":"","overlay-gradient":""},"mobile":{"background-color":"var(--ast-global-color-5)","background-image":"","background-repeat":"repeat","background-position":"center center","background-size":"auto","background-attachment":"scroll","background-type":"","background-media":"","overlay-type":"","overlay-color":"","overlay-opacity":"","overlay-gradient":""}}},"product_cat":[173,172,171,162],"product_tag":[],"acf":[],"_links":{"self":[{"href":"https:\/\/firmaostanski.pl\/en\/wp-json\/wp\/v2\/product\/9525214"}],"collection":[{"href":"https:\/\/firmaostanski.pl\/en\/wp-json\/wp\/v2\/product"}],"about":[{"href":"https:\/\/firmaostanski.pl\/en\/wp-json\/wp\/v2\/types\/product"}],"replies":[{"embeddable":true,"href":"https:\/\/firmaostanski.pl\/en\/wp-json\/wp\/v2\/comments?post=9525214"}],"wp:featuredmedia":[{"embeddable":true,"href":"https:\/\/firmaostanski.pl\/en\/wp-json\/wp\/v2\/media\/9525215"}],"wp:attachment":[{"href":"https:\/\/firmaostanski.pl\/en\/wp-json\/wp\/v2\/media?parent=9525214"}],"wp:term":[{"taxonomy":"product_cat","embeddable":true,"href":"https:\/\/firmaostanski.pl\/en\/wp-json\/wp\/v2\/product_cat?post=9525214"},{"taxonomy":"product_tag","embeddable":true,"href":"https:\/\/firmaostanski.pl\/en\/wp-json\/wp\/v2\/product_tag?post=9525214"}],"curies":[{"name":"wp","href":"https:\/\/api.w.org\/{rel}","templated":true}]}}