{"id":9522595,"date":"2025-05-05T15:46:02","date_gmt":"2025-05-05T13:46:02","guid":{"rendered":"https:\/\/firmaostanski.pl\/produkt\/06h109467ae-vw-audi-skoda-seat-1-8-2-0-tfsi-04-napinacz-lancucha-rozrzadu-15413240565\/"},"modified":"2025-05-05T15:46:02","modified_gmt":"2025-05-05T13:46:02","slug":"06h109467ae-vw-audi-skoda-seat-1-8-2-0-tfsi-04-napinacz-lancucha-rozrzadu-15413240565","status":"publish","type":"product","link":"https:\/\/firmaostanski.pl\/en\/product\/06h109467ae-vw-audi-skoda-seat-1-8-2-0-tfsi-04-napinacz-lancucha-rozrzadu-15413240565\/","title":{"rendered":"06H109467AE VW AUDI SKODA SEAT 1.8 2.0 TFSI 04- NAPINACZ \u0141A\u0143CUCHA ROZRZ\u0104DU"},"content":{"rendered":"<div class=\"container\">\n<div class=\"row\" style=\"margin-bottom: 1em\">\n<div class=\"col-sm\">\n<figure class=\"wp-block-media-text__media\"><img decoding=\"async\" src=\"https:\/\/firmaostanski.pl\/wp-content\/uploads\/allegro\/2025\/5\/15413240565_e6fb87f74bfc9cc734fad77f62ce.jpg\" alt=\"15413240565\" \/><\/figure>\n<\/div>\n<div class=\"col-sm\">\n<p><b>Przedmiot:<\/b><\/p>\n<p><b>NAPINACH \u0141A\u0143CUCHA ROZRZ\u0104DU<\/b><\/p>\n<p><b>Additional parameters<\/b><\/p>\n<p>\u2022&nbsp;&nbsp;&nbsp;&nbsp;&nbsp;&nbsp; Model auta: VW AUDI SKODA SEAT<\/p>\n<p>\u2022&nbsp;&nbsp;&nbsp;&nbsp;&nbsp;&nbsp; Miejsce instalacji: &#8211;<\/p>\n<p>- Condition: Used<\/p>\n<p>- Manufacturer: OEM<\/p>\n<p>\u2022&nbsp;&nbsp;&nbsp;&nbsp;&nbsp;&nbsp; Wersja: 1.8 TFSI, 2.0 TFSI<\/p>\n<p>\u2022&nbsp;&nbsp;&nbsp;&nbsp;&nbsp;&nbsp; Rok modelowy: &#8211;<\/p>\n<p>- Complete: YES<\/p>\n<p>- Damaged: NO<\/p>\n<p>\u2022&nbsp;&nbsp;&nbsp;&nbsp;&nbsp;&nbsp; Kod OEM: 06H109467AE<\/p>\n<p>\u2022&nbsp;&nbsp;&nbsp;&nbsp;&nbsp;&nbsp; Miejsce na magazynie: A1 B1<\/p>\n<p>&#8212;&#8212;&#8212;&#8212;&#8212;&#8212;&#8212;&#8212;&#8212;&#8212;&#8212;&#8212;&#8212;&#8212;&#8212;&#8212;&#8212;&#8212;&#8212;&#8212;&#8212;&#8212;&#8212;&#8212;&#8212;&#8212;&#8212;&#8212;&#8212;&#8212;&#8211;<\/p>\n<p>Always check the OEM code and if you are not sure if a part fits your vehicle send us the VIN and we will check it for you<\/p>\n<p>&#8212;&#8212;&#8212;&#8212;&#8212;&#8212;&#8212;&#8212;&#8212;&#8212;&#8212;&#8212;&#8212;&#8212;&#8212;&#8212;&#8212;&#8212;&#8212;&#8212;&#8212;&#8212;&#8212;&#8212;&#8212;&#8212;&#8212;&#8212;&#8212;&#8212;&#8211;<\/p>\n<p>If the product is used, it may bear minor signs of use (small marks, light scratches), but this does not prevent it from being used as intended. If it is damaged, this is shown in the photo. You are buying exactly as pictured. All body parts are ALWAYS to be painted. We do not have a paint code<\/p>\n<\/div>\n<\/div>\n<div class=\"row\" style=\"margin-bottom: 1em\">\n<div class=\"col-sm\">\n<figure class=\"wp-block-media-text__media\"><img decoding=\"async\" src=\"https:\/\/firmaostanski.pl\/wp-content\/uploads\/allegro\/2025\/5\/15413240565_80e4c9b74b67bd4633951ad3bb68.jpg\" alt=\"15413240565\" \/><\/figure>\n<\/div>\n<\/div>\n<\/div>","protected":false},"excerpt":{"rendered":"<p>Przedmiot: NAPINACH \u0141A\u0143CUCHA ROZRZ\u0104DU Dodatkowe parametry \u2022&nbsp;&nbsp;&nbsp;&nbsp;&nbsp;&nbsp; Model auta: VW AUDI SKODA SEAT \u2022&nbsp;&nbsp;&nbsp;&nbsp;&nbsp;&nbsp; Miejsce instalacji: &#8211; \u2022&nbsp;&nbsp;&nbsp;&nbsp;&nbsp;&nbsp; Stan:&nbsp; U\u017cywany \u2022&nbsp;&nbsp;&nbsp;&nbsp;&nbsp;&nbsp; Producent: OEM \u2022&nbsp;&nbsp;&nbsp;&nbsp;&nbsp;&nbsp; Wersja: 1.8 TFSI, 2.0 TFSI \u2022&nbsp;&nbsp;&nbsp;&nbsp;&nbsp;&nbsp; Rok modelowy: &#8211; \u2022&nbsp;&nbsp;&nbsp;&nbsp;&nbsp;&nbsp; Kompletny: TAK \u2022&nbsp;&nbsp;&nbsp;&nbsp;&nbsp;&nbsp; Uszkodzony: NIE \u2022&nbsp;&nbsp;&nbsp;&nbsp;&nbsp;&nbsp; Kod OEM: 06H109467AE \u2022&nbsp;&nbsp;&nbsp;&nbsp;&nbsp;&nbsp; Miejsce na magazynie: A1 B1 &#8212;&#8212;&#8212;&#8212;&#8212;&#8212;&#8212;&#8212;&#8212;&#8212;&#8212;&#8212;&#8212;&#8212;&#8212;&#8212;&#8212;&#8212;&#8212;&#8212;&#8212;&#8212;&#8212;&#8212;&#8212;&#8212;&#8212;&#8212;&#8212;&#8212;&#8211; Zawsze sprawdzaj kod OEM a [&hellip;]<\/p>","protected":false},"featured_media":9522596,"comment_status":"open","ping_status":"closed","template":"","meta":{"_acf_changed":false,"inline_featured_image":false,"site-sidebar-layout":"default","site-content-layout":"","ast-site-content-layout":"","site-content-style":"default","site-sidebar-style":"default","ast-global-header-display":"","ast-banner-title-visibility":"","ast-main-header-display":"","ast-hfb-above-header-display":"","ast-hfb-below-header-display":"","ast-hfb-mobile-header-display":"","site-post-title":"","ast-breadcrumbs-content":"","ast-featured-img":"","footer-sml-layout":"","theme-transparent-header-meta":"","adv-header-id-meta":"","stick-header-meta":"","header-above-stick-meta":"","header-main-stick-meta":"","header-below-stick-meta":"","astra-migrate-meta-layouts":"default","ast-page-background-enabled":"default","ast-page-background-meta":{"desktop":{"background-color":"","background-image":"","background-repeat":"repeat","background-position":"center center","background-size":"auto","background-attachment":"scroll","background-type":"","background-media":"","overlay-type":"","overlay-color":"","overlay-opacity":"","overlay-gradient":""},"tablet":{"background-color":"","background-image":"","background-repeat":"repeat","background-position":"center center","background-size":"auto","background-attachment":"scroll","background-type":"","background-media":"","overlay-type":"","overlay-color":"","overlay-opacity":"","overlay-gradient":""},"mobile":{"background-color":"","background-image":"","background-repeat":"repeat","background-position":"center center","background-size":"auto","background-attachment":"scroll","background-type":"","background-media":"","overlay-type":"","overlay-color":"","overlay-opacity":"","overlay-gradient":""}},"ast-content-background-meta":{"desktop":{"background-color":"var(--ast-global-color-5)","background-image":"","background-repeat":"repeat","background-position":"center center","background-size":"auto","background-attachment":"scroll","background-type":"","background-media":"","overlay-type":"","overlay-color":"","overlay-opacity":"","overlay-gradient":""},"tablet":{"background-color":"var(--ast-global-color-5)","background-image":"","background-repeat":"repeat","background-position":"center center","background-size":"auto","background-attachment":"scroll","background-type":"","background-media":"","overlay-type":"","overlay-color":"","overlay-opacity":"","overlay-gradient":""},"mobile":{"background-color":"var(--ast-global-color-5)","background-image":"","background-repeat":"repeat","background-position":"center center","background-size":"auto","background-attachment":"scroll","background-type":"","background-media":"","overlay-type":"","overlay-color":"","overlay-opacity":"","overlay-gradient":""}}},"product_cat":[594,306,168,115],"product_tag":[],"acf":[],"_links":{"self":[{"href":"https:\/\/firmaostanski.pl\/en\/wp-json\/wp\/v2\/product\/9522595"}],"collection":[{"href":"https:\/\/firmaostanski.pl\/en\/wp-json\/wp\/v2\/product"}],"about":[{"href":"https:\/\/firmaostanski.pl\/en\/wp-json\/wp\/v2\/types\/product"}],"replies":[{"embeddable":true,"href":"https:\/\/firmaostanski.pl\/en\/wp-json\/wp\/v2\/comments?post=9522595"}],"wp:featuredmedia":[{"embeddable":true,"href":"https:\/\/firmaostanski.pl\/en\/wp-json\/wp\/v2\/media\/9522596"}],"wp:attachment":[{"href":"https:\/\/firmaostanski.pl\/en\/wp-json\/wp\/v2\/media?parent=9522595"}],"wp:term":[{"taxonomy":"product_cat","embeddable":true,"href":"https:\/\/firmaostanski.pl\/en\/wp-json\/wp\/v2\/product_cat?post=9522595"},{"taxonomy":"product_tag","embeddable":true,"href":"https:\/\/firmaostanski.pl\/en\/wp-json\/wp\/v2\/product_tag?post=9522595"}],"curies":[{"name":"wp","href":"https:\/\/api.w.org\/{rel}","templated":true}]}}