{"id":9515169,"date":"2025-05-05T14:38:14","date_gmt":"2025-05-05T12:38:14","guid":{"rendered":"https:\/\/firmaostanski.pl\/produkt\/audi-a4-b9-kombi-zderzak-tylny-tyl-4pdc-8w9807511j-13275484993\/"},"modified":"2025-05-05T14:38:14","modified_gmt":"2025-05-05T12:38:14","slug":"audi-a4-b9-kombi-zderzak-tylny-tyl-4pdc-8w9807511j-13275484993","status":"publish","type":"product","link":"https:\/\/firmaostanski.pl\/en\/product\/audi-a4-b9-kombi-zderzak-tylny-tyl-4pdc-8w9807511j-13275484993\/","title":{"rendered":"AUDI A4 B9 STATION WAGON REAR BUMPER 4PDC 8W9807511J"},"content":{"rendered":"<div class=\"container\">\n<div class=\"row\" style=\"margin-bottom: 1em\">\n<div class=\"col-sm\">\n<figure class=\"wp-block-media-text__media\"><img decoding=\"async\" src=\"https:\/\/firmaostanski.pl\/wp-content\/uploads\/allegro\/2025\/5\/13275484993_b7f793774f888af02e7acd74c88e.jpg\" alt=\"13275484993\" \/><\/figure>\n<\/div>\n<div class=\"col-sm\">\n<p><b>Przedmiot:<\/b><\/p>\n<p><b>REAR BUMPER<\/b><\/p>\n<p><b>Additional parameters<\/b><\/p>\n<p>\u2022&nbsp;&nbsp;&nbsp;&nbsp;&nbsp;&nbsp; Model auta: AUDI A4 B9 8W KOMBI<\/p>\n<p>\u2022&nbsp;&nbsp;&nbsp;&nbsp;&nbsp;&nbsp; Miejsce instalacji: TY\u0141<\/p>\n<p>- Condition: Used<\/p>\n<p>- Manufacturer: OEM<\/p>\n<p>\u2022&nbsp;&nbsp;&nbsp;&nbsp;&nbsp;&nbsp; Wersja: AUDI A4 B9 8W KOMBI<\/p>\n<p>\u2022&nbsp;&nbsp;&nbsp;&nbsp;&nbsp;&nbsp; Rok modelowy: 2016- 2019<\/p>\n<p>- Complete: YES<\/p>\n<p>- Damaged: NO<\/p>\n<p>\u2022&nbsp;&nbsp;&nbsp;&nbsp;&nbsp;&nbsp; Kod OEM: 8W9807511J<\/p>\n<p>\u2022&nbsp;&nbsp;&nbsp;&nbsp;&nbsp;&nbsp; Miejsce na magazynie: &#8211;<\/p>\n<p>&#8212;&#8212;&#8212;&#8212;&#8212;&#8212;&#8212;&#8212;&#8212;&#8212;&#8212;&#8212;&#8212;&#8212;&#8212;&#8212;&#8212;&#8212;&#8212;&#8212;&#8212;&#8212;&#8212;&#8212;&#8212;&#8212;&#8212;&#8212;&#8212;&#8212;&#8212;-<\/p>\n<p>Zawsze sprawdzaj kod OEM a je\u015bli nie jeste\u015b pewien czy dana cz\u0119\u015b\u0107 pasuje do Twojego pojazdu wy\u015blij nam numer nadwozia VIN a My sprawdzimy to dla Ciebie.<\/p>\n<p>&#8212;&#8212;&#8212;&#8212;&#8212;&#8212;&#8212;&#8212;&#8212;&#8212;&#8212;&#8212;&#8212;&#8212;&#8212;&#8212;&#8212;&#8212;&#8212;&#8212;&#8212;&#8212;&#8212;&#8212;&#8212;&#8212;&#8212;&#8212;&#8212;&#8212;&#8212;-<\/p>\n<p>Je\u017celi produkt jest u\u017cywany, mo\u017ce nosi\u0107 drobne \u015blady u\u017cytkowania (drobne \u015blady, lekkie rysy), jednak nie przeszkadza to w u\u017cytkowaniu go zgodnie z przeznaczeniem. Je\u017celi jest uszkodzony jest to pokazane dok\u0142adnie na zdj\u0119ciu. Kupujesz towar dok\u0142adnie ze zdj\u0119cia. Wszystkie cz\u0119\u015bci karoseryjne s\u0105 ZAWSZE do lakierowania. Nie posiadamy kodu lakieru.<\/p>\n<\/div>\n<\/div>\n<div class=\"row\" style=\"margin-bottom: 1em\">\n<div class=\"col-sm\">\n<figure class=\"wp-block-media-text__media\"><img decoding=\"async\" src=\"https:\/\/firmaostanski.pl\/wp-content\/uploads\/allegro\/2025\/5\/13275484993_51d8fb4e4a0189d84e6bcf883649.jpg\" alt=\"13275484993\" \/><\/figure>\n<\/div>\n<div class=\"col-sm\">\n<figure class=\"wp-block-media-text__media\"><img decoding=\"async\" src=\"https:\/\/firmaostanski.pl\/wp-content\/uploads\/allegro\/2025\/5\/13275484993_4d0f293447159da8b60ce89907a3.jpg\" alt=\"13275484993\" \/><\/figure>\n<\/div>\n<\/div>\n<div class=\"row\" style=\"margin-bottom: 1em\">\n<div class=\"col-sm\">\n<figure class=\"wp-block-media-text__media\"><img decoding=\"async\" src=\"https:\/\/firmaostanski.pl\/wp-content\/uploads\/allegro\/2025\/5\/13275484993_b98d83a241fcac3417fc334019f0.jpg\" alt=\"13275484993\" \/><\/figure>\n<\/div>\n<\/div>\n<div class=\"row\" style=\"margin-bottom: 1em\">\n<div class=\"col-sm\">\n<figure class=\"wp-block-media-text__media\"><img decoding=\"async\" src=\"https:\/\/firmaostanski.pl\/wp-content\/uploads\/allegro\/2025\/5\/13275484993_c38bb26d47e2b0b764e305f6d939.jpg\" alt=\"13275484993\" \/><\/figure>\n<\/div>\n<\/div>\n<\/div>","protected":false},"excerpt":{"rendered":"<p>Przedmiot: ZDERZAK TYLNY Dodatkowe parametry \u2022&nbsp;&nbsp;&nbsp;&nbsp;&nbsp;&nbsp; Model auta: AUDI A4 B9 8W KOMBI \u2022&nbsp;&nbsp;&nbsp;&nbsp;&nbsp;&nbsp; Miejsce instalacji: TY\u0141 \u2022&nbsp;&nbsp;&nbsp;&nbsp;&nbsp;&nbsp; Stan:&nbsp; U\u017cywany \u2022&nbsp;&nbsp;&nbsp;&nbsp;&nbsp;&nbsp; Producent: OEM \u2022&nbsp;&nbsp;&nbsp;&nbsp;&nbsp;&nbsp; Wersja: AUDI A4 B9 8W KOMBI \u2022&nbsp;&nbsp;&nbsp;&nbsp;&nbsp;&nbsp; Rok modelowy: 2016- 2019 \u2022&nbsp;&nbsp;&nbsp;&nbsp;&nbsp;&nbsp; Kompletny: TAK \u2022&nbsp;&nbsp;&nbsp;&nbsp;&nbsp;&nbsp; Uszkodzony: NIE \u2022&nbsp;&nbsp;&nbsp;&nbsp;&nbsp;&nbsp; Kod OEM: 8W9807511J \u2022&nbsp;&nbsp;&nbsp;&nbsp;&nbsp;&nbsp; Miejsce na magazynie: &#8211; &#8212;&#8212;&#8212;&#8212;&#8212;&#8212;&#8212;&#8212;&#8212;&#8212;&#8212;&#8212;&#8212;&#8212;&#8212;&#8212;&#8212;&#8212;&#8212;&#8212;&#8212;&#8212;&#8212;&#8212;&#8212;&#8212;&#8212;&#8212;&#8212;&#8212;&#8212;- Zawsze sprawdzaj kod OEM [&hellip;]<\/p>","protected":false},"featured_media":9515170,"comment_status":"open","ping_status":"closed","template":"","meta":{"_acf_changed":false,"inline_featured_image":false,"site-sidebar-layout":"default","site-content-layout":"","ast-site-content-layout":"","site-content-style":"default","site-sidebar-style":"default","ast-global-header-display":"","ast-banner-title-visibility":"","ast-main-header-display":"","ast-hfb-above-header-display":"","ast-hfb-below-header-display":"","ast-hfb-mobile-header-display":"","site-post-title":"","ast-breadcrumbs-content":"","ast-featured-img":"","footer-sml-layout":"","theme-transparent-header-meta":"","adv-header-id-meta":"","stick-header-meta":"","header-above-stick-meta":"","header-main-stick-meta":"","header-below-stick-meta":"","astra-migrate-meta-layouts":"default","ast-page-background-enabled":"default","ast-page-background-meta":{"desktop":{"background-color":"","background-image":"","background-repeat":"repeat","background-position":"center center","background-size":"auto","background-attachment":"scroll","background-type":"","background-media":"","overlay-type":"","overlay-color":"","overlay-opacity":"","overlay-gradient":""},"tablet":{"background-color":"","background-image":"","background-repeat":"repeat","background-position":"center center","background-size":"auto","background-attachment":"scroll","background-type":"","background-media":"","overlay-type":"","overlay-color":"","overlay-opacity":"","overlay-gradient":""},"mobile":{"background-color":"","background-image":"","background-repeat":"repeat","background-position":"center center","background-size":"auto","background-attachment":"scroll","background-type":"","background-media":"","overlay-type":"","overlay-color":"","overlay-opacity":"","overlay-gradient":""}},"ast-content-background-meta":{"desktop":{"background-color":"var(--ast-global-color-5)","background-image":"","background-repeat":"repeat","background-position":"center center","background-size":"auto","background-attachment":"scroll","background-type":"","background-media":"","overlay-type":"","overlay-color":"","overlay-opacity":"","overlay-gradient":""},"tablet":{"background-color":"var(--ast-global-color-5)","background-image":"","background-repeat":"repeat","background-position":"center center","background-size":"auto","background-attachment":"scroll","background-type":"","background-media":"","overlay-type":"","overlay-color":"","overlay-opacity":"","overlay-gradient":""},"mobile":{"background-color":"var(--ast-global-color-5)","background-image":"","background-repeat":"repeat","background-position":"center center","background-size":"auto","background-attachment":"scroll","background-type":"","background-media":"","overlay-type":"","overlay-color":"","overlay-opacity":"","overlay-gradient":""}}},"product_cat":[192,139,115,151],"product_tag":[],"acf":[],"_links":{"self":[{"href":"https:\/\/firmaostanski.pl\/en\/wp-json\/wp\/v2\/product\/9515169"}],"collection":[{"href":"https:\/\/firmaostanski.pl\/en\/wp-json\/wp\/v2\/product"}],"about":[{"href":"https:\/\/firmaostanski.pl\/en\/wp-json\/wp\/v2\/types\/product"}],"replies":[{"embeddable":true,"href":"https:\/\/firmaostanski.pl\/en\/wp-json\/wp\/v2\/comments?post=9515169"}],"wp:featuredmedia":[{"embeddable":true,"href":"https:\/\/firmaostanski.pl\/en\/wp-json\/wp\/v2\/media\/9515170"}],"wp:attachment":[{"href":"https:\/\/firmaostanski.pl\/en\/wp-json\/wp\/v2\/media?parent=9515169"}],"wp:term":[{"taxonomy":"product_cat","embeddable":true,"href":"https:\/\/firmaostanski.pl\/en\/wp-json\/wp\/v2\/product_cat?post=9515169"},{"taxonomy":"product_tag","embeddable":true,"href":"https:\/\/firmaostanski.pl\/en\/wp-json\/wp\/v2\/product_tag?post=9515169"}],"curies":[{"name":"wp","href":"https:\/\/api.w.org\/{rel}","templated":true}]}}