{"id":9511629,"date":"2025-05-05T14:11:29","date_gmt":"2025-05-05T12:11:29","guid":{"rendered":"https:\/\/firmaostanski.pl\/produkt\/ford-tourneo-transit-tarcze-hamulcowe-6110745-13855353754\/"},"modified":"2025-05-05T14:11:29","modified_gmt":"2025-05-05T12:11:29","slug":"ford-tourneo-transit-tarcze-hamulcowe-6110745-13855353754","status":"publish","type":"product","link":"https:\/\/firmaostanski.pl\/en\/product\/ford-tourneo-transit-tarcze-hamulcowe-6110745-13855353754\/","title":{"rendered":"FORD TOURNEO TRANSIT BRAKE DISCS 6110745"},"content":{"rendered":"<div class=\"container\">\n<div class=\"row\" style=\"margin-bottom: 1em\">\n<div class=\"col-sm\">\n<figure class=\"wp-block-media-text__media\"><img decoding=\"async\" src=\"https:\/\/firmaostanski.pl\/wp-content\/uploads\/allegro\/2025\/5\/13855353754_2375653f4feea1991d448f56d6e9.jpg\" alt=\"13855353754\" \/><\/figure>\n<\/div>\n<div class=\"col-sm\">\n<h1>BRAKE DISCS<\/h1>\n<h1>Product description:<\/h1>\n<ul>\n<li>\u015brednica zewn\u0119trzna [mm]: 288<\/li>\n<li>Grubo\u015b\u0107 tarczy hamulcowej [mm]: 33<\/li>\n<li>Typ tarczy hamulcowej: wentylowany wewn\u0119trznie<\/li>\n<li>Minimalna grubo\u015b\u0107 [mm]: 30<\/li>\n<li>Wysoko\u015b\u0107 [mm]: 55,5<\/li>\n<li>Wz\u00f3r otwor\u00f3w\/Ilo\u015b\u0107 otwor\u00f3w: 05\/05<\/li>\n<li>\u00d8 rozmieszczenia otwor\u00f3w [mm]: 111,5<\/li>\n<li>\u015arednica otworu centruj\u0105cego [mm]: 93,1<\/li>\n<li>Ci\u0119\u017car [kg]: 9,7<\/li>\n<li>Artyku\u0142 uzupe\u0142niaj\u0105cy \/ informacja uzupe\u0142niaj\u0105ca 2: bez piasty ko\u0142a<\/li>\n<li>Artyku\u0142 uzupe\u0142niaj\u0105cy \/ informacja uzupe\u0142niaj\u0105ca 2: bez sworznia mocuj\u0105cego ko\u0142a<\/li>\n<li>Powierzchnia: pokryty<\/li>\n<li>D\u0142ugo\u015b\u0107 opakowania [cm]: 32,5<\/li>\n<li>Szeroko\u015b\u0107 opakowania [cm]: 31<\/li>\n<li>Wysoko\u015b\u0107 opakowania [cm]: 8<\/li>\n<li>Kod: 93260603<\/li>\n<li>Producent: TEXTAR<\/li>\n<li>GenArtName: Tarcza hamulcowa<\/li>\n<li>EAN: 4019722487927<\/li>\n<\/ul>\n<p><b>original, used,<\/b><\/p>\n<p>Car model:<\/p>\n<ul>\n<li>FORD TOURNEO CUSTOM V362 Autobus (F3) 2.2 TDCi 04.2012 &#8211; 12.2015 74kW \/ 100KM<\/li>\n<li>FORD TOURNEO CUSTOM V362 Autobus (F3) 2.2 TDCi 04.2012 &#8211; 12.2015 92kW \/ 125KM<\/li>\n<li>FORD TOURNEO CUSTOM V362 Autobus (F3) 2.2 TDCi 04.2012 &#8211; 12.2015 114kW \/ 155KM<\/li>\n<li>FORD TOURNEO CUSTOM V362 Autobus (F3) 2.0 EcoBlue 12.2015 77kW \/ 105KM<\/li>\n<li>FORD TOURNEO CUSTOM V362 Autobus (F3) 2.0 EcoBlue 12.2015 96kW \/ 130KM<\/li>\n<li>FORD TOURNEO CUSTOM V362 Autobus (F3) 2.0 EcoBlue 12.2015 125kW \/ 170KM<\/li>\n<li>FORD TRANSIT CUSTOM V362 Skrzynia (FY, FZ) 2.2 TDCi 09.2012 74kW \/ 100KM<\/li>\n<li>FORD TRANSIT CUSTOM V362 Skrzynia (FY, FZ) 2.2 TDCi 09.2012 &#8211; 04.2016 92kW \/ 125KM<\/li>\n<li>FORD TRANSIT CUSTOM V362 Skrzynia (FY, FZ) 2.2 TDCi 09.2012 114kW \/ 155KM<\/li>\n<li>FORD TRANSIT CUSTOM V362 Skrzynia (FY, FZ) 2.0 EcoBlue 12.2015 77kW \/ 105KM<\/li>\n<li>FORD TRANSIT CUSTOM V362 Skrzynia (FY, FZ) 2.0 EcoBlue 12.2015 96kW \/ 130KM<\/li>\n<li>FORD TRANSIT CUSTOM V362 Skrzynia (FY, FZ) 2.0 EcoBlue 12.2015 125kW \/ 170KM<\/li>\n<li>FORD TRANSIT CUSTOM V362 Autobus (F3) 2.2 TDCi 04.2012 &#8211; 12.2015 74kW \/ 100KM<\/li>\n<li>FORD TRANSIT CUSTOM V362 Autobus (F3) 2.2 TDCi 04.2012 &#8211; 12.2015 92kW \/ 125KM<\/li>\n<li>FORD TRANSIT CUSTOM V362 Autobus (F3) 2.2 TDCi 04.2012 &#8211; 12.2015 114kW \/ 155KM<\/li>\n<li>FORD TRANSIT CUSTOM V362 Autobus (F3) 2.0 EcoBlue 12.2015 77kW \/ 105KM<\/li>\n<li>FORD TRANSIT CUSTOM V362 Autobus (F3) 2.0 EcoBlue 12.2015 96kW \/ 130KM<\/li>\n<li>FORD TRANSIT CUSTOM V362 Autobus (F3) 2.0 EcoBlue 12.2015 125kW \/ 170KM<\/li>\n<li>FORD TRANSIT V363 Autobus (FAD, FBD) 2.2 TDCi RWD 08.2013 &#8211; 12.2018 92kW \/ 125KM<\/li>\n<li>FORD TRANSIT V363 Autobus (FAD, FBD) 2.2 TDCi RWD 08.2013 &#8211; 12.2018 114kW \/ 155KM<\/li>\n<li>FORD TRANSIT V363 Autobus (FAD, FBD) 2.2 TDCi RWD 08.2013 &#8211; 12.2018 74kW \/ 100KM<\/li>\n<li>FORD TRANSIT V363 Autobus (FAD, FBD) 2.2 TDCi 08.2013 &#8211; 12.2018 74kW \/ 100KM<\/li>\n<li>FORD TRANSIT V363 Autobus (FAD, FBD) 2.2 TDCi 08.2013 &#8211; 12.2018 92kW \/ 125KM<\/li>\n<li>FORD TRANSIT V363 Autobus (FAD, FBD) 2.2 TDCi 4&#215;4 08.2013 &#8211; 12.2018 92kW \/ 125KM<\/li>\n<li>FORD TRANSIT V363 Autobus (FAD, FBD) 2.2 TDCi 12.2014 &#8211; 12.2018 114kW \/ 155KM<\/li>\n<li>FORD TRANSIT V363 Autobus (FAD, FBD) 2.0 EcoBlue 03.2016 77kW \/ 105KM<\/li>\n<li>FORD TRANSIT V363 Autobus (FAD, FBD) 2.0 EcoBlue 03.2016 96kW \/ 130KM<\/li>\n<li>FORD TRANSIT V363 Autobus (FAD, FBD) 2.0 EcoBlue 03.2016 125kW \/ 170KM<\/li>\n<li>FORD TRANSIT V363 Autobus (FAD, FBD) 2.2 TDCi RWD 08.2013 &#8211; 12.2018 99kW \/ 135KM<\/li>\n<li>FORD TRANSIT V363 Autobus (FAD, FBD) 2.2 TDCi Nap\u0119d na wszystkie ko\u0142a 08.2015 &#8211; 12.2018 114kW \/ 155KM<\/li>\n<li>FORD TRANSIT V363 Autobus (FAD, FBD) 2.0 EcoBlue RWD 05.2019 96kW \/ 130KM<\/li>\n<li>FORD TRANSIT V363 Skrzynia (FCD, FDD) 2.2 TDCi RWD 08.2013 &#8211; 12.2018 114kW \/ 155KM<\/li>\n<li>FORD TRANSIT V363 Skrzynia (FCD, FDD) 2.2 TDCi 4&#215;4 08.2015 &#8211; 12.2018 114kW \/ 155KM<\/li>\n<li>FORD TRANSIT V363 Skrzynia (FCD, FDD) 2.2 TDCi 08.2013 &#8211; 12.2018 114kW \/ 155KM<\/li>\n<li>FORD TRANSIT V363 Skrzynia (FCD, FDD) 2.2 TDCi RWD 08.2013 &#8211; 12.2018 92kW \/ 125KM<\/li>\n<li>FORD TRANSIT V363 Skrzynia (FCD, FDD) 2.2 TDCi 08.2013 &#8211; 12.2018 92kW \/ 125KM<\/li>\n<li>FORD TRANSIT V363 Skrzynia (FCD, FDD) 2.2 TDCi 4&#215;4 08.2013 &#8211; 12.2018 92kW \/ 125KM<\/li>\n<li>FORD TRANSIT V363 Skrzynia (FCD, FDD) 2.2 TDCi 08.2013 &#8211; 12.2018 74kW \/ 100KM<\/li>\n<li>FORD TRANSIT V363 Skrzynia (FCD, FDD) 2.2 TDCi RWD 08.2013 &#8211; 12.2018 74kW \/ 100KM<\/li>\n<li>FORD TRANSIT V363 Skrzynia (FCD, FDD) 2.0 EcoBlue 03.2016 96kW \/ 130KM<\/li>\n<li>FORD TRANSIT V363 Skrzynia (FCD, FDD) 2.0 EcoBlue 03.2016 77kW \/ 105KM<\/li>\n<li>FORD TRANSIT V363 Skrzynia (FCD, FDD) 2.0 EcoBlue 03.2016 125kW \/ 170KM<\/li>\n<li>FORD TRANSIT V363 Skrzynia (FCD, FDD) 2.0 EcoBlue RWD 03.2016 77kW \/ 105KM<\/li>\n<li>FORD TRANSIT V363 Skrzynia (FCD, FDD) 2.0 EcoBlue RWD 03.2016 96kW \/ 130KM<\/li>\n<li>FORD TRANSIT V363 Skrzynia (FCD, FDD) 2.0 EcoBlue RWD 03.2016 125kW \/ 170KM<\/li>\n<li>FORD TRANSIT V363 Platforma \/ podwozie (FED, FFD) 2.2 TDCi 08.2013 &#8211; 12.2018 74kW \/ 100KM<\/li>\n<li>FORD TRANSIT V363 Platforma \/ podwozie (FED, FFD) 2.2 TDCi RWD 08.2013 &#8211; 12.2018 74kW \/ 100KM<\/li>\n<li>FORD TRANSIT V363 Platforma \/ podwozie (FED, FFD) 2.2 TDCi 08.2013 &#8211; 12.2018 92kW \/ 125KM<\/li>\n<li>FORD TRANSIT V363 Platforma \/ podwozie (FED, FFD) 2.2 TDCi RWD 08.2013 &#8211; 12.2018 92kW \/ 125KM<\/li>\n<li>FORD TRANSIT V363 Platforma \/ podwozie (FED, FFD) 2.2 TDCi 4&#215;4 08.2013 &#8211; 12.2018 92kW \/ 125KM<\/li>\n<li>FORD TRANSIT V363 Platforma \/ podwozie (FED, FFD) 2.2 TDCi 08.2013 &#8211; 12.2018 114kW \/ 155KM<\/li>\n<li>FORD TRANSIT V363 Platforma \/ podwozie (FED, FFD) 2.2 TDCi RWD 08.2013 &#8211; 12.2018 114kW \/ 155KM<\/li>\n<li>FORD TRANSIT V363 Platforma \/ podwozie (FED, FFD) 2.2 TDCi 4&#215;4 08.2013 &#8211; 12.2018 114kW \/ 155KM<\/li>\n<li>FORD TRANSIT V363 Platforma \/ podwozie (FED, FFD) 2.2 TDCi RWD 08.2013 &#8211; 12.2018 99kW \/ 135KM<\/li>\n<li>FORD TRANSIT V363 Platforma \/ podwozie (FED, FFD) 2.0 EcoBlue 03.2016 77kW \/ 105KM<\/li>\n<li>FORD TRANSIT V363 Platforma \/ podwozie (FED, FFD) 2.0 EcoBlue 03.2016 96kW \/ 130KM<\/li>\n<li>FORD TRANSIT V363 Platforma \/ podwozie (FED, FFD) 2.0 EcoBlue 03.2016 125kW \/ 170KM<\/li>\n<li>FORD TRANSIT V363 Platforma \/ podwozie (FED, FFD) 2.0 EcoBlue RWD 03.2016 77kW \/ 105KM<\/li>\n<li>FORD TRANSIT V363 Platforma \/ podwozie (FED, FFD) 2.0 EcoBlue RWD 03.2016 96kW \/ 130KM<\/li>\n<li>FORD TRANSIT V363 Platforma \/ podwozie (FED, FFD) 2.0 EcoBlue RWD 03.2016 125kW \/ 170KM<\/li>\n<\/ul>\n<p>Catalogue number: <b>6110745<\/b><\/p>\n<p>Cena dotyczy jednej pary.<\/p>\n<\/div>\n<\/div>\n<div class=\"row\" style=\"margin-bottom: 1em\">\n<div class=\"col-sm\">\n<figure class=\"wp-block-media-text__media\"><img decoding=\"async\" src=\"https:\/\/firmaostanski.pl\/wp-content\/uploads\/allegro\/2025\/5\/13855353754_2a842d1b40d2bd7a7650ba1892e3.jpg\" alt=\"13855353754\" \/><\/figure>\n<\/div>\n<\/div>\n<div class=\"row\" style=\"margin-bottom: 1em\">\n<div class=\"col-sm\">\n<figure class=\"wp-block-media-text__media\"><img decoding=\"async\" src=\"https:\/\/firmaostanski.pl\/wp-content\/uploads\/allegro\/2025\/5\/13855353754_02e1719140d7af9c1b0703fc2bd2.jpg\" alt=\"13855353754\" \/><\/figure>\n<\/div>\n<div class=\"col-sm\">\n<figure class=\"wp-block-media-text__media\"><img decoding=\"async\" src=\"https:\/\/firmaostanski.pl\/wp-content\/uploads\/allegro\/2025\/5\/13855353754_6bb4406944228acb7ad1b80a9e43.jpg\" alt=\"13855353754\" \/><\/figure>\n<\/div>\n<\/div>\n<div class=\"row\" style=\"margin-bottom: 1em\">\n<div class=\"col-sm\">\n<figure class=\"wp-block-media-text__media\"><img decoding=\"async\" src=\"https:\/\/firmaostanski.pl\/wp-content\/uploads\/allegro\/2025\/5\/13855353754_05f171194f4c9daf6484a6eb155e.jpg\" alt=\"13855353754\" \/><\/figure>\n<\/div>\n<\/div>\n<\/div>","protected":false},"excerpt":{"rendered":"<p>TARCZE HAMULCOWE Opis produktu: \u015brednica zewn\u0119trzna [mm]: 288 Grubo\u015b\u0107 tarczy hamulcowej [mm]: 33 Typ tarczy hamulcowej: wentylowany wewn\u0119trznie Minimalna grubo\u015b\u0107 [mm]: 30 Wysoko\u015b\u0107 [mm]: 55,5 Wz\u00f3r otwor\u00f3w\/Ilo\u015b\u0107 otwor\u00f3w: 05\/05 \u00d8 rozmieszczenia otwor\u00f3w [mm]: 111,5 \u015arednica otworu centruj\u0105cego [mm]: 93,1 Ci\u0119\u017car [kg]: 9,7 Artyku\u0142 uzupe\u0142niaj\u0105cy \/ informacja uzupe\u0142niaj\u0105ca 2: bez piasty ko\u0142a Artyku\u0142 uzupe\u0142niaj\u0105cy \/ informacja [&hellip;]<\/p>","protected":false},"featured_media":9511631,"comment_status":"open","ping_status":"closed","template":"","meta":{"_acf_changed":false,"inline_featured_image":false,"site-sidebar-layout":"default","site-content-layout":"","ast-site-content-layout":"","site-content-style":"default","site-sidebar-style":"default","ast-global-header-display":"","ast-banner-title-visibility":"","ast-main-header-display":"","ast-hfb-above-header-display":"","ast-hfb-below-header-display":"","ast-hfb-mobile-header-display":"","site-post-title":"","ast-breadcrumbs-content":"","ast-featured-img":"","footer-sml-layout":"","theme-transparent-header-meta":"","adv-header-id-meta":"","stick-header-meta":"","header-above-stick-meta":"","header-main-stick-meta":"","header-below-stick-meta":"","astra-migrate-meta-layouts":"default","ast-page-background-enabled":"default","ast-page-background-meta":{"desktop":{"background-color":"","background-image":"","background-repeat":"repeat","background-position":"center center","background-size":"auto","background-attachment":"scroll","background-type":"","background-media":"","overlay-type":"","overlay-color":"","overlay-opacity":"","overlay-gradient":""},"tablet":{"background-color":"","background-image":"","background-repeat":"repeat","background-position":"center center","background-size":"auto","background-attachment":"scroll","background-type":"","background-media":"","overlay-type":"","overlay-color":"","overlay-opacity":"","overlay-gradient":""},"mobile":{"background-color":"","background-image":"","background-repeat":"repeat","background-position":"center center","background-size":"auto","background-attachment":"scroll","background-type":"","background-media":"","overlay-type":"","overlay-color":"","overlay-opacity":"","overlay-gradient":""}},"ast-content-background-meta":{"desktop":{"background-color":"var(--ast-global-color-5)","background-image":"","background-repeat":"repeat","background-position":"center center","background-size":"auto","background-attachment":"scroll","background-type":"","background-media":"","overlay-type":"","overlay-color":"","overlay-opacity":"","overlay-gradient":""},"tablet":{"background-color":"var(--ast-global-color-5)","background-image":"","background-repeat":"repeat","background-position":"center center","background-size":"auto","background-attachment":"scroll","background-type":"","background-media":"","overlay-type":"","overlay-color":"","overlay-opacity":"","overlay-gradient":""},"mobile":{"background-color":"var(--ast-global-color-5)","background-image":"","background-repeat":"repeat","background-position":"center center","background-size":"auto","background-attachment":"scroll","background-type":"","background-media":"","overlay-type":"","overlay-color":"","overlay-opacity":"","overlay-gradient":""}}},"product_cat":[181,182,115,130],"product_tag":[],"acf":[],"_links":{"self":[{"href":"https:\/\/firmaostanski.pl\/en\/wp-json\/wp\/v2\/product\/9511629"}],"collection":[{"href":"https:\/\/firmaostanski.pl\/en\/wp-json\/wp\/v2\/product"}],"about":[{"href":"https:\/\/firmaostanski.pl\/en\/wp-json\/wp\/v2\/types\/product"}],"replies":[{"embeddable":true,"href":"https:\/\/firmaostanski.pl\/en\/wp-json\/wp\/v2\/comments?post=9511629"}],"wp:featuredmedia":[{"embeddable":true,"href":"https:\/\/firmaostanski.pl\/en\/wp-json\/wp\/v2\/media\/9511631"}],"wp:attachment":[{"href":"https:\/\/firmaostanski.pl\/en\/wp-json\/wp\/v2\/media?parent=9511629"}],"wp:term":[{"taxonomy":"product_cat","embeddable":true,"href":"https:\/\/firmaostanski.pl\/en\/wp-json\/wp\/v2\/product_cat?post=9511629"},{"taxonomy":"product_tag","embeddable":true,"href":"https:\/\/firmaostanski.pl\/en\/wp-json\/wp\/v2\/product_tag?post=9511629"}],"curies":[{"name":"wp","href":"https:\/\/api.w.org\/{rel}","templated":true}]}}