{"id":9505475,"date":"2025-05-05T12:51:32","date_gmt":"2025-05-05T10:51:32","guid":{"rendered":"https:\/\/firmaostanski.pl\/produkt\/renault-zoe-2012-2024-deska-rozdzielcza-konsola-kokpit-16363419674\/"},"modified":"2025-05-05T12:51:32","modified_gmt":"2025-05-05T10:51:32","slug":"renault-zoe-2012-2024-deska-rozdzielcza-konsola-kokpit-16363419674","status":"publish","type":"product","link":"https:\/\/firmaostanski.pl\/en\/product\/renault-zoe-2012-2024-deska-rozdzielcza-konsola-kokpit-16363419674\/","title":{"rendered":"RENAULT ZOE 2012-2024 DESKA ROZDZIELCZA KONSOLA KOKPIT"},"content":{"rendered":"<div class=\"container\">\n<div class=\"row\" style=\"margin-bottom: 1em\">\n<div class=\"col-sm\">\n<h2>Przedmiot:&nbsp;RENAULT ZOE 2012-2024 DESKA ROZDZIELCZA KONSOLA KOKPIT<\/h2>\n<h2>Dodatkowe parametry:<\/h2>\n<p>\u2022 &nbsp; &nbsp; &nbsp; Model auta:&nbsp;Zoe<\/p>\n<p>\u2022 &nbsp; &nbsp; &nbsp; Marka:&nbsp;Renault<\/p>\n<p>\u2022 &nbsp; &nbsp; &nbsp; Miejsce instalacji:&nbsp;\u015arodek<\/p>\n<p>\u2022&nbsp; &nbsp; &nbsp; &nbsp;Rocznik modelowy:&nbsp;2012 &#8211;<\/p>\n<p>\u2022 &nbsp; &nbsp; &nbsp; Kod OEM:<\/p>\n<p>PRICE PER PIECE!<\/p>\n<p>&#8212;&#8212;&#8212;&#8212;&#8212;&#8212;&#8212;&#8212;&#8212;&#8212;&#8212;&#8212;&#8212;&#8212;&#8212;&#8212;&#8212;&#8212;&#8212;&#8212;&#8212;&#8212;&#8212;&#8212;&#8212;&#8212;&#8212;&#8212;&#8212;&#8212;&#8212;&#8212;&#8212;-<\/p>\n<p>Always check the OEM code and if you are not sure if a part fits your vehicle send us the VIN and we will check it for you<\/p>\n<p>&#8212;&#8212;&#8212;&#8212;&#8212;&#8212;&#8212;&#8212;&#8212;&#8212;&#8212;&#8212;&#8212;&#8212;&#8212;&#8212;&#8212;&#8212;&#8212;&#8212;&#8212;&#8212;&#8212;&#8212;&#8212;&#8212;&#8212;&#8212;&#8212;&#8212;&#8212;&#8212;&#8212;&#8212;<\/p>\n<p>If the product is used, it may bear minor signs of use (small marks, light scratches), but this does not prevent it from being used as intended. If it is damaged, this is shown in the photo. You are buying exactly as pictured. All body parts are ALWAYS to be painted. We do not have a paint code<\/p>\n<\/div>\n<\/div>\n<div class=\"row\" style=\"margin-bottom: 1em\">\n<div class=\"col-sm\">\n<figure class=\"wp-block-media-text__media\"><img decoding=\"async\" src=\"https:\/\/firmaostanski.pl\/wp-content\/uploads\/allegro\/2025\/5\/16363419674_9bb7d3584c108a4c62fd7ed310e8.jpg\" alt=\"16363419674\" \/><\/figure>\n<\/div>\n<div class=\"col-sm\">\n<figure class=\"wp-block-media-text__media\"><img decoding=\"async\" src=\"https:\/\/firmaostanski.pl\/wp-content\/uploads\/allegro\/2025\/5\/16363419674_72eab6334aa7996b95d052262328.jpg\" alt=\"16363419674\" \/><\/figure>\n<\/div>\n<\/div>\n<div class=\"row\" style=\"margin-bottom: 1em\">\n<div class=\"col-sm\">\n<figure class=\"wp-block-media-text__media\"><img decoding=\"async\" src=\"https:\/\/firmaostanski.pl\/wp-content\/uploads\/allegro\/2025\/5\/16363419674_230b65ee49c8bb97c65c9bec81e3.jpg\" alt=\"16363419674\" \/><\/figure>\n<\/div>\n<div class=\"col-sm\">\n<figure class=\"wp-block-media-text__media\"><img decoding=\"async\" src=\"https:\/\/firmaostanski.pl\/wp-content\/uploads\/allegro\/2025\/5\/16363419674_a49e44214d98896eb1564a3940b1.jpg\" alt=\"16363419674\" \/><\/figure>\n<\/div>\n<\/div>\n<div class=\"row\" style=\"margin-bottom: 1em\">\n<div class=\"col-sm\">\n<figure class=\"wp-block-media-text__media\"><img decoding=\"async\" src=\"https:\/\/firmaostanski.pl\/wp-content\/uploads\/allegro\/2025\/5\/16363419674_705141274871ad45ec3c383edb7e.jpg\" alt=\"16363419674\" \/><\/figure>\n<\/div>\n<div class=\"col-sm\">\n<figure class=\"wp-block-media-text__media\"><img decoding=\"async\" src=\"https:\/\/firmaostanski.pl\/wp-content\/uploads\/allegro\/2025\/5\/16363419674_7313689f4edc89aba019ddda5691.jpg\" alt=\"16363419674\" \/><\/figure>\n<\/div>\n<\/div>\n<div class=\"row\" style=\"margin-bottom: 1em\">\n<div class=\"col-sm\">\n<figure class=\"wp-block-media-text__media\"><img decoding=\"async\" src=\"https:\/\/firmaostanski.pl\/wp-content\/uploads\/allegro\/2025\/5\/16363419674_af58d7b24e7289b9e97921f5ee1a.jpg\" alt=\"16363419674\" \/><\/figure>\n<\/div>\n<div class=\"col-sm\">\n<figure class=\"wp-block-media-text__media\"><img decoding=\"async\" src=\"https:\/\/firmaostanski.pl\/wp-content\/uploads\/allegro\/2025\/5\/16363419674_95e7676d47d1bd40893d8c76c146.jpg\" alt=\"16363419674\" \/><\/figure>\n<\/div>\n<\/div>\n<\/div>","protected":false},"excerpt":{"rendered":"<p>Przedmiot:&nbsp;RENAULT ZOE 2012-2024 DESKA ROZDZIELCZA KONSOLA KOKPIT Dodatkowe parametry: \u2022 &nbsp; &nbsp; &nbsp; Model auta:&nbsp;Zoe \u2022 &nbsp; &nbsp; &nbsp; Marka:&nbsp;Renault \u2022 &nbsp; &nbsp; &nbsp; Miejsce instalacji:&nbsp;\u015arodek \u2022&nbsp; &nbsp; &nbsp; &nbsp;Rocznik modelowy:&nbsp;2012 &#8211; \u2022 &nbsp; &nbsp; &nbsp; Kod OEM: CENA ZA SZTUK\u0118! &#8212;&#8212;&#8212;&#8212;&#8212;&#8212;&#8212;&#8212;&#8212;&#8212;&#8212;&#8212;&#8212;&#8212;&#8212;&#8212;&#8212;&#8212;&#8212;&#8212;&#8212;&#8212;&#8212;&#8212;&#8212;&#8212;&#8212;&#8212;&#8212;&#8212;&#8212;&#8212;&#8212;- Zawsze sprawdzaj kod OEM a je\u015bli nie jeste\u015b pewien czy dana cz\u0119\u015b\u0107 pasuje [&hellip;]<\/p>","protected":false},"featured_media":9505476,"comment_status":"open","ping_status":"closed","template":"","meta":{"_acf_changed":false,"inline_featured_image":false,"site-sidebar-layout":"default","site-content-layout":"","ast-site-content-layout":"","site-content-style":"default","site-sidebar-style":"default","ast-global-header-display":"","ast-banner-title-visibility":"","ast-main-header-display":"","ast-hfb-above-header-display":"","ast-hfb-below-header-display":"","ast-hfb-mobile-header-display":"","site-post-title":"","ast-breadcrumbs-content":"","ast-featured-img":"","footer-sml-layout":"","theme-transparent-header-meta":"","adv-header-id-meta":"","stick-header-meta":"","header-above-stick-meta":"","header-main-stick-meta":"","header-below-stick-meta":"","astra-migrate-meta-layouts":"default","ast-page-background-enabled":"default","ast-page-background-meta":{"desktop":{"background-color":"","background-image":"","background-repeat":"repeat","background-position":"center center","background-size":"auto","background-attachment":"scroll","background-type":"","background-media":"","overlay-type":"","overlay-color":"","overlay-opacity":"","overlay-gradient":""},"tablet":{"background-color":"","background-image":"","background-repeat":"repeat","background-position":"center center","background-size":"auto","background-attachment":"scroll","background-type":"","background-media":"","overlay-type":"","overlay-color":"","overlay-opacity":"","overlay-gradient":""},"mobile":{"background-color":"","background-image":"","background-repeat":"repeat","background-position":"center center","background-size":"auto","background-attachment":"scroll","background-type":"","background-media":"","overlay-type":"","overlay-color":"","overlay-opacity":"","overlay-gradient":""}},"ast-content-background-meta":{"desktop":{"background-color":"var(--ast-global-color-5)","background-image":"","background-repeat":"repeat","background-position":"center center","background-size":"auto","background-attachment":"scroll","background-type":"","background-media":"","overlay-type":"","overlay-color":"","overlay-opacity":"","overlay-gradient":""},"tablet":{"background-color":"var(--ast-global-color-5)","background-image":"","background-repeat":"repeat","background-position":"center center","background-size":"auto","background-attachment":"scroll","background-type":"","background-media":"","overlay-type":"","overlay-color":"","overlay-opacity":"","overlay-gradient":""},"mobile":{"background-color":"var(--ast-global-color-5)","background-image":"","background-repeat":"repeat","background-position":"center center","background-size":"auto","background-attachment":"scroll","background-type":"","background-media":"","overlay-type":"","overlay-color":"","overlay-opacity":"","overlay-gradient":""}}},"product_cat":[208,115,138],"product_tag":[],"acf":[],"_links":{"self":[{"href":"https:\/\/firmaostanski.pl\/en\/wp-json\/wp\/v2\/product\/9505475"}],"collection":[{"href":"https:\/\/firmaostanski.pl\/en\/wp-json\/wp\/v2\/product"}],"about":[{"href":"https:\/\/firmaostanski.pl\/en\/wp-json\/wp\/v2\/types\/product"}],"replies":[{"embeddable":true,"href":"https:\/\/firmaostanski.pl\/en\/wp-json\/wp\/v2\/comments?post=9505475"}],"wp:featuredmedia":[{"embeddable":true,"href":"https:\/\/firmaostanski.pl\/en\/wp-json\/wp\/v2\/media\/9505476"}],"wp:attachment":[{"href":"https:\/\/firmaostanski.pl\/en\/wp-json\/wp\/v2\/media?parent=9505475"}],"wp:term":[{"taxonomy":"product_cat","embeddable":true,"href":"https:\/\/firmaostanski.pl\/en\/wp-json\/wp\/v2\/product_cat?post=9505475"},{"taxonomy":"product_tag","embeddable":true,"href":"https:\/\/firmaostanski.pl\/en\/wp-json\/wp\/v2\/product_tag?post=9505475"}],"curies":[{"name":"wp","href":"https:\/\/api.w.org\/{rel}","templated":true}]}}