{"id":9505063,"date":"2025-05-05T12:37:59","date_gmt":"2025-05-05T10:37:59","guid":{"rendered":"https:\/\/firmaostanski.pl\/produkt\/vw-id-buzz-it3-felga-aluminiowa-8-0-x-19-et45-1t3601025h-5x112-16424931448\/"},"modified":"2025-05-05T12:37:59","modified_gmt":"2025-05-05T10:37:59","slug":"vw-id-buzz-it3-felga-aluminiowa-8-0-x-19-et45-1t3601025h-5x112-16424931448","status":"publish","type":"product","link":"https:\/\/firmaostanski.pl\/en\/product\/vw-id-buzz-it3-felga-aluminiowa-8-0-x-19-et45-1t3601025h-5x112-16424931448\/","title":{"rendered":"VW ID BUZZ IT3 FELGA ALUMINIOWA 8.0&#8243; x 19&#8243; ET45 1T3601025H 5&#215;112"},"content":{"rendered":"<div class=\"container\">\n<div class=\"row\" style=\"margin-bottom: 1em\">\n<div class=\"col-sm\">\n<figure class=\"wp-block-media-text__media\"><img decoding=\"async\" src=\"https:\/\/firmaostanski.pl\/wp-content\/uploads\/allegro\/2025\/5\/16424931448_9dd097cc493e944c67aed12c7aa7.jpg\" alt=\"16424931448\" \/><\/figure>\n<\/div>\n<div class=\"col-sm\">\n<h1>Product description:<\/h1>\n<h1>ALUMINIUM RIM<\/h1>\n<p>Rim diameter: <b>19<\/b><\/p>\n<p>Rim width: <b>8.0<\/b><\/p>\n<p>ET embedding:<b> 45<\/b><\/p>\n<p>Screw spacing:<b> 5 x 112<\/b><\/p>\n<p>Car model:&nbsp;<b>VW ID.BUZZ<\/b><\/p>\n<p>Model year:&nbsp;<b> 2022-<\/b><\/p>\n<p>Catalogue number: <b>1T3601025H<\/b><\/p>\n<\/div>\n<\/div>\n<div class=\"row\" style=\"margin-bottom: 1em\">\n<div class=\"col-sm\">\n<figure class=\"wp-block-media-text__media\"><img decoding=\"async\" src=\"https:\/\/firmaostanski.pl\/wp-content\/uploads\/allegro\/2025\/5\/16424931448_d3bcc26045c1813142e2e6bb9b5b.jpg\" alt=\"16424931448\" \/><\/figure>\n<\/div>\n<div class=\"col-sm\">\n<figure class=\"wp-block-media-text__media\"><img decoding=\"async\" src=\"https:\/\/firmaostanski.pl\/wp-content\/uploads\/allegro\/2025\/5\/16424931448_20f43f0844a296808bee19216218.jpg\" alt=\"16424931448\" \/><\/figure>\n<\/div>\n<\/div>\n<div class=\"row\" style=\"margin-bottom: 1em\">\n<div class=\"col-sm\">\n<figure class=\"wp-block-media-text__media\"><img decoding=\"async\" src=\"https:\/\/firmaostanski.pl\/wp-content\/uploads\/allegro\/2025\/5\/16424931448_293dd347403b980723af60ca6689.jpg\" alt=\"16424931448\" \/><\/figure>\n<\/div>\n<div class=\"col-sm\">\n<figure class=\"wp-block-media-text__media\"><img decoding=\"async\" src=\"https:\/\/firmaostanski.pl\/wp-content\/uploads\/allegro\/2025\/5\/16424931448_5bcdb7514b6e94e0e8a3a9886d33.jpg\" alt=\"16424931448\" \/><\/figure>\n<\/div>\n<\/div>\n<\/div>","protected":false},"excerpt":{"rendered":"<p>Opis produktu: FELGA&nbsp; ALUMINIOWA \u015arednica felgi: 19 Szeroko\u015b\u0107 felgi: 8.0 Osadzenie ET: 45 Rozstaw \u015brub: 5 x 112 Model auta:&nbsp;VW ID.BUZZ Rocznik modelowy:&nbsp; 2022- Numer katalogowy: 1T3601025H<\/p>","protected":false},"featured_media":9505064,"comment_status":"open","ping_status":"closed","template":"","meta":{"_acf_changed":false,"inline_featured_image":false,"site-sidebar-layout":"default","site-content-layout":"","ast-site-content-layout":"","site-content-style":"default","site-sidebar-style":"default","ast-global-header-display":"","ast-banner-title-visibility":"","ast-main-header-display":"","ast-hfb-above-header-display":"","ast-hfb-below-header-display":"","ast-hfb-mobile-header-display":"","site-post-title":"","ast-breadcrumbs-content":"","ast-featured-img":"","footer-sml-layout":"","theme-transparent-header-meta":"","adv-header-id-meta":"","stick-header-meta":"","header-above-stick-meta":"","header-main-stick-meta":"","header-below-stick-meta":"","astra-migrate-meta-layouts":"default","ast-page-background-enabled":"default","ast-page-background-meta":{"desktop":{"background-color":"","background-image":"","background-repeat":"repeat","background-position":"center center","background-size":"auto","background-attachment":"scroll","background-type":"","background-media":"","overlay-type":"","overlay-color":"","overlay-opacity":"","overlay-gradient":""},"tablet":{"background-color":"","background-image":"","background-repeat":"repeat","background-position":"center center","background-size":"auto","background-attachment":"scroll","background-type":"","background-media":"","overlay-type":"","overlay-color":"","overlay-opacity":"","overlay-gradient":""},"mobile":{"background-color":"","background-image":"","background-repeat":"repeat","background-position":"center center","background-size":"auto","background-attachment":"scroll","background-type":"","background-media":"","overlay-type":"","overlay-color":"","overlay-opacity":"","overlay-gradient":""}},"ast-content-background-meta":{"desktop":{"background-color":"var(--ast-global-color-5)","background-image":"","background-repeat":"repeat","background-position":"center center","background-size":"auto","background-attachment":"scroll","background-type":"","background-media":"","overlay-type":"","overlay-color":"","overlay-opacity":"","overlay-gradient":""},"tablet":{"background-color":"var(--ast-global-color-5)","background-image":"","background-repeat":"repeat","background-position":"center center","background-size":"auto","background-attachment":"scroll","background-type":"","background-media":"","overlay-type":"","overlay-color":"","overlay-opacity":"","overlay-gradient":""},"mobile":{"background-color":"var(--ast-global-color-5)","background-image":"","background-repeat":"repeat","background-position":"center center","background-size":"auto","background-attachment":"scroll","background-type":"","background-media":"","overlay-type":"","overlay-color":"","overlay-opacity":"","overlay-gradient":""}}},"product_cat":[173,172,171,162],"product_tag":[],"acf":[],"_links":{"self":[{"href":"https:\/\/firmaostanski.pl\/en\/wp-json\/wp\/v2\/product\/9505063"}],"collection":[{"href":"https:\/\/firmaostanski.pl\/en\/wp-json\/wp\/v2\/product"}],"about":[{"href":"https:\/\/firmaostanski.pl\/en\/wp-json\/wp\/v2\/types\/product"}],"replies":[{"embeddable":true,"href":"https:\/\/firmaostanski.pl\/en\/wp-json\/wp\/v2\/comments?post=9505063"}],"wp:featuredmedia":[{"embeddable":true,"href":"https:\/\/firmaostanski.pl\/en\/wp-json\/wp\/v2\/media\/9505064"}],"wp:attachment":[{"href":"https:\/\/firmaostanski.pl\/en\/wp-json\/wp\/v2\/media?parent=9505063"}],"wp:term":[{"taxonomy":"product_cat","embeddable":true,"href":"https:\/\/firmaostanski.pl\/en\/wp-json\/wp\/v2\/product_cat?post=9505063"},{"taxonomy":"product_tag","embeddable":true,"href":"https:\/\/firmaostanski.pl\/en\/wp-json\/wp\/v2\/product_tag?post=9505063"}],"curies":[{"name":"wp","href":"https:\/\/api.w.org\/{rel}","templated":true}]}}