{"id":9502014,"date":"2025-05-05T09:57:38","date_gmt":"2025-05-05T07:57:38","guid":{"rendered":"https:\/\/firmaostanski.pl\/produkt\/pokrywa-komory-silnika-volkswagen-lupo-2002-16772043914\/"},"modified":"2025-05-05T09:57:38","modified_gmt":"2025-05-05T07:57:38","slug":"pokrywa-komory-silnika-volkswagen-lupo-2002-16772043914","status":"publish","type":"product","link":"https:\/\/firmaostanski.pl\/en\/product\/pokrywa-komory-silnika-volkswagen-lupo-2002-16772043914\/","title":{"rendered":"POKRYWA KOMORY SILNIKA Volkswagen Lupo 2002"},"content":{"rendered":"<div class=\"container\">\n<div class=\"row\" style=\"margin-bottom: 1em\">\n<div class=\"col-sm\">\n<h2>Witamy na naszej aukcji.<\/h2>\n<h2>Przedmiotem sprzeda\u017cy jest:<\/h2>\n<h2> do samochodu Volkswagen Lupo Inne<\/h2>\n<ul>\n<li><b>Marka:<\/b>&nbsp;Volkswagen<\/li>\n<li><b>Model: <\/b>Lupo<\/li>\n<li><b>Rodzaj nadwozia: <\/b>Inne<\/li>\n<li><b>Rok produkcji:<\/b> 2002<\/li>\n<li><b>Kierownica:<\/b>&nbsp;Lewa strona<\/li>\n<li><b>Nr magazynowy:<\/b> VWP5400<\/li>\n<li><b>Kod cz\u0119\u015bci:<\/b> <\/li>\n<li><b>Numer OEM:&nbsp;<\/b><\/li>\n<li><b>Inne numery:<\/b>&nbsp;<\/li>\n<li><b>Strona zabudowy:<\/b> Z przodu<\/li>\n<li><b>Colour:<\/b>&nbsp;&#8211;<\/li>\n<li><b>Paint code:<\/b>&nbsp;<\/li>\n<li><b>Uwagi:<\/b>&nbsp;<\/li>\n<\/ul>\n<p><b>Podana cena 247.00 pln dotyczy 1 sztuki.<\/b><\/p>\n<p><b>\u017byczymy udanych zakup\u00f3w i zapraszamy na nasze pozosta\u0142e aukcje na kt\u00f3rych znajdziesz inne cz\u0119\u015bci do tego samochodu.<\/b><\/p>\n<\/div>\n<div class=\"col-sm\">\n<figure class=\"wp-block-media-text__media\"><img decoding=\"async\" src=\"https:\/\/firmaostanski.pl\/wp-content\/uploads\/allegro\/2025\/5\/16772043914_100a0a5c4b0eb7c44f0227b12f9a.jpg\" alt=\"16772043914\" \/><\/figure>\n<\/div>\n<\/div>\n<\/div>","protected":false},"excerpt":{"rendered":"<p>Witamy na naszej aukcji. Przedmiotem sprzeda\u017cy jest: do samochodu Volkswagen Lupo Inne Marka:&nbsp;Volkswagen Model: Lupo Rodzaj nadwozia: Inne Rok produkcji: 2002 Kierownica:&nbsp;Lewa strona Nr magazynowy: VWP5400 Kod cz\u0119\u015bci: Numer OEM:&nbsp; Inne numery:&nbsp; Strona zabudowy: Z przodu Kolor:&nbsp;&#8211; Kod lakieru:&nbsp; Uwagi:&nbsp; Podana cena 247.00 pln dotyczy 1 sztuki. \u017byczymy udanych zakup\u00f3w i zapraszamy na nasze pozosta\u0142e [&hellip;]<\/p>","protected":false},"featured_media":9502015,"comment_status":"open","ping_status":"closed","template":"","meta":{"_acf_changed":false,"inline_featured_image":false,"site-sidebar-layout":"default","site-content-layout":"","ast-site-content-layout":"","site-content-style":"default","site-sidebar-style":"default","ast-global-header-display":"","ast-banner-title-visibility":"","ast-main-header-display":"","ast-hfb-above-header-display":"","ast-hfb-below-header-display":"","ast-hfb-mobile-header-display":"","site-post-title":"","ast-breadcrumbs-content":"","ast-featured-img":"","footer-sml-layout":"","theme-transparent-header-meta":"","adv-header-id-meta":"","stick-header-meta":"","header-above-stick-meta":"","header-main-stick-meta":"","header-below-stick-meta":"","astra-migrate-meta-layouts":"default","ast-page-background-enabled":"default","ast-page-background-meta":{"desktop":{"background-color":"","background-image":"","background-repeat":"repeat","background-position":"center center","background-size":"auto","background-attachment":"scroll","background-type":"","background-media":"","overlay-type":"","overlay-color":"","overlay-opacity":"","overlay-gradient":""},"tablet":{"background-color":"","background-image":"","background-repeat":"repeat","background-position":"center center","background-size":"auto","background-attachment":"scroll","background-type":"","background-media":"","overlay-type":"","overlay-color":"","overlay-opacity":"","overlay-gradient":""},"mobile":{"background-color":"","background-image":"","background-repeat":"repeat","background-position":"center center","background-size":"auto","background-attachment":"scroll","background-type":"","background-media":"","overlay-type":"","overlay-color":"","overlay-opacity":"","overlay-gradient":""}},"ast-content-background-meta":{"desktop":{"background-color":"var(--ast-global-color-5)","background-image":"","background-repeat":"repeat","background-position":"center center","background-size":"auto","background-attachment":"scroll","background-type":"","background-media":"","overlay-type":"","overlay-color":"","overlay-opacity":"","overlay-gradient":""},"tablet":{"background-color":"var(--ast-global-color-5)","background-image":"","background-repeat":"repeat","background-position":"center center","background-size":"auto","background-attachment":"scroll","background-type":"","background-media":"","overlay-type":"","overlay-color":"","overlay-opacity":"","overlay-gradient":""},"mobile":{"background-color":"var(--ast-global-color-5)","background-image":"","background-repeat":"repeat","background-position":"center center","background-size":"auto","background-attachment":"scroll","background-type":"","background-media":"","overlay-type":"","overlay-color":"","overlay-opacity":"","overlay-gradient":""}}},"product_cat":[193,139,115,147],"product_tag":[],"acf":[],"_links":{"self":[{"href":"https:\/\/firmaostanski.pl\/en\/wp-json\/wp\/v2\/product\/9502014"}],"collection":[{"href":"https:\/\/firmaostanski.pl\/en\/wp-json\/wp\/v2\/product"}],"about":[{"href":"https:\/\/firmaostanski.pl\/en\/wp-json\/wp\/v2\/types\/product"}],"replies":[{"embeddable":true,"href":"https:\/\/firmaostanski.pl\/en\/wp-json\/wp\/v2\/comments?post=9502014"}],"wp:featuredmedia":[{"embeddable":true,"href":"https:\/\/firmaostanski.pl\/en\/wp-json\/wp\/v2\/media\/9502015"}],"wp:attachment":[{"href":"https:\/\/firmaostanski.pl\/en\/wp-json\/wp\/v2\/media?parent=9502014"}],"wp:term":[{"taxonomy":"product_cat","embeddable":true,"href":"https:\/\/firmaostanski.pl\/en\/wp-json\/wp\/v2\/product_cat?post=9502014"},{"taxonomy":"product_tag","embeddable":true,"href":"https:\/\/firmaostanski.pl\/en\/wp-json\/wp\/v2\/product_tag?post=9502014"}],"curies":[{"name":"wp","href":"https:\/\/api.w.org\/{rel}","templated":true}]}}