{"id":9488842,"date":"2025-05-05T00:10:18","date_gmt":"2025-05-04T22:10:18","guid":{"rendered":"https:\/\/firmaostanski.pl\/produkt\/vw-tiguan-5na-16-kompletny-przod-maska-lampa-led-9636235520\/"},"modified":"2025-05-27T15:13:29","modified_gmt":"2025-05-27T13:13:29","slug":"vw-tiguan-5na-16-kompletny-przod-maska-lampa-led-9636235520","status":"publish","type":"product","link":"https:\/\/firmaostanski.pl\/en\/product\/vw-tiguan-5na-16-kompletny-przod-maska-lampa-led-9636235520\/","title":{"rendered":"VW TIGUAN 5NA 16- COMPLETE FRONT BONNET LED LAMP"},"content":{"rendered":"<div class=\"container\">\n<div class=\"row\" style=\"margin-bottom: 1em\">\n<div class=\"col-sm\">\n<figure class=\"wp-block-media-text__media\"><img decoding=\"async\" src=\"https:\/\/firmaostanski.pl\/wp-content\/uploads\/allegro\/2025\/5\/9636235520_263cd08d403cac14c3c715e17583.jpg\" alt=\"9636235520\" \/><\/figure>\n<\/div>\n<div class=\"col-sm\">\n<p><b>VW TIGUAN 5NA 2016-2018<\/b><\/p>\n<p>COMPLETE FRONT :<\/p>\n<ul>\n<li>MASK<\/li>\n<li>COMPLETE Bumper with or without fittings (washers, parking sensors, grilles, halogen lights).<\/li>\n<li>2 x LAMPY LED<\/li>\n<li>2 x mudguards<\/li>\n<li>COMPLETE FRONT BELT WITH RADIATORS AND FANS<\/li>\n<\/ul>\n<\/div>\n<\/div>\n<div class=\"row\" style=\"margin-bottom: 1em\">\n<div class=\"col-sm\">\n<p>All parts are always for painting. View photos.<\/p>\n<p>We do not have parts in colour.<\/p>\n<p><b>Our company completes front ends according to VIN number<\/b><\/p>\n<p><b>for a specific car.<\/b>&nbsp;Body parts are used, while things such as air handlebars, grips, profiles, clips and rubbers are ordered new from Audi's service department.<\/p>\n<p>Lead time&nbsp;<b>4 - 7 days.<\/b><\/p>\n<p><b>Delivery by own transport available. Payment in cash with driver<\/b><\/p>\n<\/div>\n<div class=\"col-sm\">\n<figure class=\"wp-block-media-text__media\"><img decoding=\"async\" src=\"https:\/\/firmaostanski.pl\/wp-content\/uploads\/allegro\/2025\/5\/9636235520_a57e1663416995f664ab9bd2b0e8.jpg\" alt=\"9636235520\" \/><\/figure>\n<\/div>\n<\/div>\n<div class=\"row\" style=\"margin-bottom: 1em\">\n<div class=\"col-sm\">\n<h2>THANK YOU AND ENJOY YOUR SHOPPING!<\/h2>\n<h2>SEE OUR OTHER AUCTIONS<\/h2>\n<\/div>\n<\/div>\n<div class=\"row\" style=\"margin-bottom: 1em\">\n<div class=\"col-sm\">\n<figure class=\"wp-block-media-text__media\"><img decoding=\"async\" src=\"https:\/\/firmaostanski.pl\/wp-content\/uploads\/allegro\/2025\/5\/9636235520_e6039f0346c899d3088828c04a43.jpg\" alt=\"9636235520\" \/><\/figure>\n<\/div>\n<div class=\"col-sm\">\n<figure class=\"wp-block-media-text__media\"><img decoding=\"async\" src=\"https:\/\/firmaostanski.pl\/wp-content\/uploads\/allegro\/2025\/5\/9636235520_256005e64030b2ce6242bf4d6fee.jpg\" alt=\"9636235520\" \/><\/figure>\n<\/div>\n<\/div>\n<div class=\"row\" style=\"margin-bottom: 1em\">\n<div class=\"col-sm\">\n<figure class=\"wp-block-media-text__media\"><img decoding=\"async\" src=\"https:\/\/firmaostanski.pl\/wp-content\/uploads\/allegro\/2025\/5\/9636235520_57bea8a446858bbe2195d2c5f799.jpg\" alt=\"9636235520\" \/><\/figure>\n<\/div>\n<div class=\"col-sm\">\n<figure class=\"wp-block-media-text__media\"><img decoding=\"async\" src=\"https:\/\/firmaostanski.pl\/wp-content\/uploads\/allegro\/2025\/5\/9636235520_204f67e544c197634038d319b93b.jpg\" alt=\"9636235520\" \/><\/figure>\n<\/div>\n<\/div>\n<div class=\"row\" style=\"margin-bottom: 1em\">\n<div class=\"col-sm\">\n<figure class=\"wp-block-media-text__media\"><img decoding=\"async\" src=\"https:\/\/firmaostanski.pl\/wp-content\/uploads\/allegro\/2025\/5\/9636235520_1c5a613d46f193c90b7ca5551256.jpg\" alt=\"9636235520\" \/><\/figure>\n<\/div>\n<\/div>\n<\/div>","protected":false},"excerpt":{"rendered":"<p>VW&nbsp; TIGUAN&nbsp; &nbsp;5NA&nbsp; &nbsp;2016-2018 KOMPLETNY PRZ\u00d3D : MASKA ZDERZAK KOMPLETNY Z OSPRZ\u0118TEM (spryskiwacze, czujniki parkowania, kratki, halogeny lub bez). 2 x LAMPY LED 2 x B\u0141OTNIKI KOMPLETNY PAS PRZEDNI Z CH\u0141ODNICAMI I WENTYLATORAMI Wszystkie cz\u0119\u015bci s\u0105 zawsze do lakierowania.&nbsp;Zdj\u0119cia pogl\u0105dowe. Nie mamy cz\u0119\u015bci w kolor. Nasza firma zajmuje si\u0119 kompletowaniem przod\u00f3w wg numeru VIN do [&hellip;]<\/p>","protected":false},"featured_media":9538882,"comment_status":"open","ping_status":"closed","template":"","meta":{"_acf_changed":false,"inline_featured_image":false,"site-sidebar-layout":"default","site-content-layout":"","ast-site-content-layout":"","site-content-style":"default","site-sidebar-style":"default","ast-global-header-display":"","ast-banner-title-visibility":"","ast-main-header-display":"","ast-hfb-above-header-display":"","ast-hfb-below-header-display":"","ast-hfb-mobile-header-display":"","site-post-title":"","ast-breadcrumbs-content":"","ast-featured-img":"","footer-sml-layout":"","theme-transparent-header-meta":"","adv-header-id-meta":"","stick-header-meta":"","header-above-stick-meta":"","header-main-stick-meta":"","header-below-stick-meta":"","astra-migrate-meta-layouts":"default","ast-page-background-enabled":"default","ast-page-background-meta":{"desktop":{"background-color":"","background-image":"","background-repeat":"repeat","background-position":"center center","background-size":"auto","background-attachment":"scroll","background-type":"","background-media":"","overlay-type":"","overlay-color":"","overlay-opacity":"","overlay-gradient":""},"tablet":{"background-color":"","background-image":"","background-repeat":"repeat","background-position":"center center","background-size":"auto","background-attachment":"scroll","background-type":"","background-media":"","overlay-type":"","overlay-color":"","overlay-opacity":"","overlay-gradient":""},"mobile":{"background-color":"","background-image":"","background-repeat":"repeat","background-position":"center center","background-size":"auto","background-attachment":"scroll","background-type":"","background-media":"","overlay-type":"","overlay-color":"","overlay-opacity":"","overlay-gradient":""}},"ast-content-background-meta":{"desktop":{"background-color":"var(--ast-global-color-5)","background-image":"","background-repeat":"repeat","background-position":"center center","background-size":"auto","background-attachment":"scroll","background-type":"","background-media":"","overlay-type":"","overlay-color":"","overlay-opacity":"","overlay-gradient":""},"tablet":{"background-color":"var(--ast-global-color-5)","background-image":"","background-repeat":"repeat","background-position":"center center","background-size":"auto","background-attachment":"scroll","background-type":"","background-media":"","overlay-type":"","overlay-color":"","overlay-opacity":"","overlay-gradient":""},"mobile":{"background-color":"var(--ast-global-color-5)","background-image":"","background-repeat":"repeat","background-position":"center center","background-size":"auto","background-attachment":"scroll","background-type":"","background-media":"","overlay-type":"","overlay-color":"","overlay-opacity":"","overlay-gradient":""}}},"product_cat":[139,115,134],"product_tag":[],"acf":[],"_links":{"self":[{"href":"https:\/\/firmaostanski.pl\/en\/wp-json\/wp\/v2\/product\/9488842"}],"collection":[{"href":"https:\/\/firmaostanski.pl\/en\/wp-json\/wp\/v2\/product"}],"about":[{"href":"https:\/\/firmaostanski.pl\/en\/wp-json\/wp\/v2\/types\/product"}],"replies":[{"embeddable":true,"href":"https:\/\/firmaostanski.pl\/en\/wp-json\/wp\/v2\/comments?post=9488842"}],"wp:featuredmedia":[{"embeddable":true,"href":"https:\/\/firmaostanski.pl\/en\/wp-json\/wp\/v2\/media\/9538882"}],"wp:attachment":[{"href":"https:\/\/firmaostanski.pl\/en\/wp-json\/wp\/v2\/media?parent=9488842"}],"wp:term":[{"taxonomy":"product_cat","embeddable":true,"href":"https:\/\/firmaostanski.pl\/en\/wp-json\/wp\/v2\/product_cat?post=9488842"},{"taxonomy":"product_tag","embeddable":true,"href":"https:\/\/firmaostanski.pl\/en\/wp-json\/wp\/v2\/product_tag?post=9488842"}],"curies":[{"name":"wp","href":"https:\/\/api.w.org\/{rel}","templated":true}]}}