{"id":9488380,"date":"2025-05-05T00:06:59","date_gmt":"2025-05-04T22:06:59","guid":{"rendered":"https:\/\/firmaostanski.pl\/produkt\/audi-q7-s-line-05-09-zderzak-tylny-tyl-4l0807511g-12862098690\/"},"modified":"2025-05-26T18:11:00","modified_gmt":"2025-05-26T16:11:00","slug":"audi-q7-s-line-05-09-zderzak-tylny-tyl-4l0807511g-12862098690","status":"publish","type":"product","link":"https:\/\/firmaostanski.pl\/en\/product\/audi-q7-s-line-05-09-zderzak-tylny-tyl-4l0807511g-12862098690\/","title":{"rendered":"AUDI Q7 S-LINE 05-09 ZDERZAK TYLNY TY\u0141 4L0807511G"},"content":{"rendered":"<div class=\"container\">\n<div class=\"row\" style=\"margin-bottom: 1em\">\n<div class=\"col-sm\">\n<figure class=\"wp-block-media-text__media\"><img decoding=\"async\" src=\"https:\/\/firmaostanski.pl\/wp-content\/uploads\/allegro\/2025\/5\/12862098690_03c1d04a439d9145fd67ae1a24ed.jpg\" alt=\"12862098690\" \/><\/figure>\n<\/div>\n<div class=\"col-sm\">\n<h1>REAR BUMPER<\/h1>\n<p><b>Product description:<\/b><\/p>\n<p><b>original, used, undamaged<\/b><\/p>\n<p>Model:<b> AUDI Q7 S-LINE<\/b><\/p>\n<p>Model year: <b>2005-2009<\/b><\/p>\n<p>Page:<\/p>\n<p>Catalogue number<b>: 4L0807511G<\/b><\/p>\n<p>Original part, used<\/p>\n<\/div>\n<\/div>\n<div class=\"row\" style=\"margin-bottom: 1em\">\n<div class=\"col-sm\">\n<figure class=\"wp-block-media-text__media\"><img decoding=\"async\" src=\"https:\/\/firmaostanski.pl\/wp-content\/uploads\/allegro\/2025\/5\/12862098690_18c04b664539b9b2b16683723a62.jpg\" alt=\"12862098690\" \/><\/figure>\n<\/div>\n<div class=\"col-sm\">\n<figure class=\"wp-block-media-text__media\"><img decoding=\"async\" src=\"https:\/\/firmaostanski.pl\/wp-content\/uploads\/allegro\/2025\/5\/12862098690_6db8add249399357700de8c4bc89.jpg\" alt=\"12862098690\" \/><\/figure>\n<\/div>\n<\/div>\n<div class=\"row\" style=\"margin-bottom: 1em\">\n<div class=\"col-sm\">\n<figure class=\"wp-block-media-text__media\"><img decoding=\"async\" src=\"https:\/\/firmaostanski.pl\/wp-content\/uploads\/allegro\/2025\/5\/12862098690_4a4367644bc7a20a5e7e51704a71.jpg\" alt=\"12862098690\" \/><\/figure>\n<\/div>\n<div class=\"col-sm\">\n<figure class=\"wp-block-media-text__media\"><img decoding=\"async\" src=\"https:\/\/firmaostanski.pl\/wp-content\/uploads\/allegro\/2025\/5\/12862098690_10ed884640d6ad8bd76c4e8e230c.jpg\" alt=\"12862098690\" \/><\/figure>\n<\/div>\n<\/div>\n<div class=\"row\" style=\"margin-bottom: 1em\">\n<div class=\"col-sm\">\n<figure class=\"wp-block-media-text__media\"><img decoding=\"async\" src=\"https:\/\/firmaostanski.pl\/wp-content\/uploads\/allegro\/2025\/5\/12862098690_e61d5c7048ab94c62b27aaa7a446.jpg\" alt=\"12862098690\" \/><\/figure>\n<\/div>\n<\/div>\n<\/div>","protected":false},"excerpt":{"rendered":"<p>ZDERZAK TYLNY Opis produktu: oryginalny, u\u017cywany, nieuszkodzony Model: AUDI Q7 S-LINE Rocznik modelowy: 2005-2009 Strona: Numer katalogowy: 4L0807511G Cz\u0119\u015b\u0107 oryginalna, u\u017cywana<\/p>","protected":false},"featured_media":9533138,"comment_status":"open","ping_status":"closed","template":"","meta":{"_acf_changed":false,"inline_featured_image":false,"site-sidebar-layout":"default","site-content-layout":"","ast-site-content-layout":"","site-content-style":"default","site-sidebar-style":"default","ast-global-header-display":"","ast-banner-title-visibility":"","ast-main-header-display":"","ast-hfb-above-header-display":"","ast-hfb-below-header-display":"","ast-hfb-mobile-header-display":"","site-post-title":"","ast-breadcrumbs-content":"","ast-featured-img":"","footer-sml-layout":"","theme-transparent-header-meta":"","adv-header-id-meta":"","stick-header-meta":"","header-above-stick-meta":"","header-main-stick-meta":"","header-below-stick-meta":"","astra-migrate-meta-layouts":"default","ast-page-background-enabled":"default","ast-page-background-meta":{"desktop":{"background-color":"","background-image":"","background-repeat":"repeat","background-position":"center center","background-size":"auto","background-attachment":"scroll","background-type":"","background-media":"","overlay-type":"","overlay-color":"","overlay-opacity":"","overlay-gradient":""},"tablet":{"background-color":"","background-image":"","background-repeat":"repeat","background-position":"center center","background-size":"auto","background-attachment":"scroll","background-type":"","background-media":"","overlay-type":"","overlay-color":"","overlay-opacity":"","overlay-gradient":""},"mobile":{"background-color":"","background-image":"","background-repeat":"repeat","background-position":"center center","background-size":"auto","background-attachment":"scroll","background-type":"","background-media":"","overlay-type":"","overlay-color":"","overlay-opacity":"","overlay-gradient":""}},"ast-content-background-meta":{"desktop":{"background-color":"var(--ast-global-color-5)","background-image":"","background-repeat":"repeat","background-position":"center center","background-size":"auto","background-attachment":"scroll","background-type":"","background-media":"","overlay-type":"","overlay-color":"","overlay-opacity":"","overlay-gradient":""},"tablet":{"background-color":"var(--ast-global-color-5)","background-image":"","background-repeat":"repeat","background-position":"center center","background-size":"auto","background-attachment":"scroll","background-type":"","background-media":"","overlay-type":"","overlay-color":"","overlay-opacity":"","overlay-gradient":""},"mobile":{"background-color":"var(--ast-global-color-5)","background-image":"","background-repeat":"repeat","background-position":"center center","background-size":"auto","background-attachment":"scroll","background-type":"","background-media":"","overlay-type":"","overlay-color":"","overlay-opacity":"","overlay-gradient":""}}},"product_cat":[192,139,115,151],"product_tag":[],"acf":[],"_links":{"self":[{"href":"https:\/\/firmaostanski.pl\/en\/wp-json\/wp\/v2\/product\/9488380"}],"collection":[{"href":"https:\/\/firmaostanski.pl\/en\/wp-json\/wp\/v2\/product"}],"about":[{"href":"https:\/\/firmaostanski.pl\/en\/wp-json\/wp\/v2\/types\/product"}],"replies":[{"embeddable":true,"href":"https:\/\/firmaostanski.pl\/en\/wp-json\/wp\/v2\/comments?post=9488380"}],"wp:featuredmedia":[{"embeddable":true,"href":"https:\/\/firmaostanski.pl\/en\/wp-json\/wp\/v2\/media\/9533138"}],"wp:attachment":[{"href":"https:\/\/firmaostanski.pl\/en\/wp-json\/wp\/v2\/media?parent=9488380"}],"wp:term":[{"taxonomy":"product_cat","embeddable":true,"href":"https:\/\/firmaostanski.pl\/en\/wp-json\/wp\/v2\/product_cat?post=9488380"},{"taxonomy":"product_tag","embeddable":true,"href":"https:\/\/firmaostanski.pl\/en\/wp-json\/wp\/v2\/product_tag?post=9488380"}],"curies":[{"name":"wp","href":"https:\/\/api.w.org\/{rel}","templated":true}]}}