{"id":9487992,"date":"2025-05-05T00:04:33","date_gmt":"2025-05-04T22:04:33","guid":{"rendered":"https:\/\/firmaostanski.pl\/produkt\/vw-touran-5ta-5t-kompletny-przod-maska-lampa-led-9636094118\/"},"modified":"2025-05-27T13:11:58","modified_gmt":"2025-05-27T11:11:58","slug":"vw-touran-5ta-5t-kompletny-przod-maska-lampa-led-9636094118","status":"publish","type":"product","link":"https:\/\/firmaostanski.pl\/en\/product\/vw-touran-5ta-5t-kompletny-przod-maska-lampa-led-9636094118\/","title":{"rendered":"VW TOURAN 5TA 5T COMPLETE FRONT BONNET LED LAMP"},"content":{"rendered":"<div class=\"container\">\n<div class=\"row\" style=\"margin-bottom: 1em\">\n<div class=\"col-sm\">\n<figure class=\"wp-block-media-text__media\"><img decoding=\"async\" src=\"https:\/\/firmaostanski.pl\/wp-content\/uploads\/allegro\/2025\/5\/9636094118_8acf3dfe4b54b369b776077c4fa7.jpg\" alt=\"9636094118\" \/><\/figure>\n<\/div>\n<div class=\"col-sm\">\n<p><b>VW&nbsp; TOURAN&nbsp; &nbsp;5TA&nbsp; 2016-2018<\/b><\/p>\n<p>COMPLETE FRONT :<\/p>\n<ul>\n<li>MASK<\/li>\n<li>COMPLETE Bumper with or without fittings (washers, parking sensors, grilles, halogen lights).<\/li>\n<li>2 x LAMPY LED<\/li>\n<li>2 x mudguards<\/li>\n<li>COMPLETE FRONT BELT WITH RADIATORS AND FANS<\/li>\n<\/ul>\n<\/div>\n<\/div>\n<div class=\"row\" style=\"margin-bottom: 1em\">\n<div class=\"col-sm\">\n<p>All parts are always for painting. View photos.<\/p>\n<p>We do not have parts in colour.<\/p>\n<p><b>Our company completes front ends according to VIN number<\/b><\/p>\n<p><b>for a specific car.<\/b>&nbsp;Body parts are used, while things such as air handlebars, grips, profiles, clips and rubbers are ordered new from Audi's service department.<\/p>\n<p>Lead time&nbsp;<b>4 - 7 days.<\/b><\/p>\n<p><b>Delivery by own transport available. Payment in cash with driver<\/b><\/p>\n<\/div>\n<div class=\"col-sm\">\n<figure class=\"wp-block-media-text__media\"><img decoding=\"async\" src=\"https:\/\/firmaostanski.pl\/wp-content\/uploads\/allegro\/2025\/5\/9636094118_cecfffc54830afea97eea81bafcc.jpg\" alt=\"9636094118\" \/><\/figure>\n<\/div>\n<\/div>\n<div class=\"row\" style=\"margin-bottom: 1em\">\n<div class=\"col-sm\">\n<h2>THANK YOU AND ENJOY YOUR SHOPPING!<\/h2>\n<h2>SEE OUR OTHER AUCTIONS<\/h2>\n<\/div>\n<\/div>\n<\/div>","protected":false},"excerpt":{"rendered":"<p>VW&nbsp; TOURAN&nbsp; &nbsp;5TA&nbsp; 2016-2018 KOMPLETNY PRZ\u00d3D : MASKA ZDERZAK KOMPLETNY Z OSPRZ\u0118TEM (spryskiwacze, czujniki parkowania, kratki, halogeny lub bez). 2 x LAMPY LED 2 x B\u0141OTNIKI KOMPLETNY PAS PRZEDNI Z CH\u0141ODNICAMI I WENTYLATORAMI Wszystkie cz\u0119\u015bci s\u0105 zawsze do lakierowania.&nbsp;Zdj\u0119cia pogl\u0105dowe. Nie mamy cz\u0119\u015bci w kolor. Nasza firma zajmuje si\u0119 kompletowaniem przod\u00f3w wg numeru VIN do [&hellip;]<\/p>","protected":false},"featured_media":9538812,"comment_status":"open","ping_status":"closed","template":"","meta":{"_acf_changed":false,"inline_featured_image":false,"site-sidebar-layout":"default","site-content-layout":"","ast-site-content-layout":"","site-content-style":"default","site-sidebar-style":"default","ast-global-header-display":"","ast-banner-title-visibility":"","ast-main-header-display":"","ast-hfb-above-header-display":"","ast-hfb-below-header-display":"","ast-hfb-mobile-header-display":"","site-post-title":"","ast-breadcrumbs-content":"","ast-featured-img":"","footer-sml-layout":"","theme-transparent-header-meta":"","adv-header-id-meta":"","stick-header-meta":"","header-above-stick-meta":"","header-main-stick-meta":"","header-below-stick-meta":"","astra-migrate-meta-layouts":"default","ast-page-background-enabled":"default","ast-page-background-meta":{"desktop":{"background-color":"","background-image":"","background-repeat":"repeat","background-position":"center center","background-size":"auto","background-attachment":"scroll","background-type":"","background-media":"","overlay-type":"","overlay-color":"","overlay-opacity":"","overlay-gradient":""},"tablet":{"background-color":"","background-image":"","background-repeat":"repeat","background-position":"center center","background-size":"auto","background-attachment":"scroll","background-type":"","background-media":"","overlay-type":"","overlay-color":"","overlay-opacity":"","overlay-gradient":""},"mobile":{"background-color":"","background-image":"","background-repeat":"repeat","background-position":"center center","background-size":"auto","background-attachment":"scroll","background-type":"","background-media":"","overlay-type":"","overlay-color":"","overlay-opacity":"","overlay-gradient":""}},"ast-content-background-meta":{"desktop":{"background-color":"var(--ast-global-color-5)","background-image":"","background-repeat":"repeat","background-position":"center center","background-size":"auto","background-attachment":"scroll","background-type":"","background-media":"","overlay-type":"","overlay-color":"","overlay-opacity":"","overlay-gradient":""},"tablet":{"background-color":"var(--ast-global-color-5)","background-image":"","background-repeat":"repeat","background-position":"center center","background-size":"auto","background-attachment":"scroll","background-type":"","background-media":"","overlay-type":"","overlay-color":"","overlay-opacity":"","overlay-gradient":""},"mobile":{"background-color":"var(--ast-global-color-5)","background-image":"","background-repeat":"repeat","background-position":"center center","background-size":"auto","background-attachment":"scroll","background-type":"","background-media":"","overlay-type":"","overlay-color":"","overlay-opacity":"","overlay-gradient":""}}},"product_cat":[139,115,134],"product_tag":[],"acf":[],"_links":{"self":[{"href":"https:\/\/firmaostanski.pl\/en\/wp-json\/wp\/v2\/product\/9487992"}],"collection":[{"href":"https:\/\/firmaostanski.pl\/en\/wp-json\/wp\/v2\/product"}],"about":[{"href":"https:\/\/firmaostanski.pl\/en\/wp-json\/wp\/v2\/types\/product"}],"replies":[{"embeddable":true,"href":"https:\/\/firmaostanski.pl\/en\/wp-json\/wp\/v2\/comments?post=9487992"}],"wp:featuredmedia":[{"embeddable":true,"href":"https:\/\/firmaostanski.pl\/en\/wp-json\/wp\/v2\/media\/9538812"}],"wp:attachment":[{"href":"https:\/\/firmaostanski.pl\/en\/wp-json\/wp\/v2\/media?parent=9487992"}],"wp:term":[{"taxonomy":"product_cat","embeddable":true,"href":"https:\/\/firmaostanski.pl\/en\/wp-json\/wp\/v2\/product_cat?post=9487992"},{"taxonomy":"product_tag","embeddable":true,"href":"https:\/\/firmaostanski.pl\/en\/wp-json\/wp\/v2\/product_tag?post=9487992"}],"curies":[{"name":"wp","href":"https:\/\/api.w.org\/{rel}","templated":true}]}}