{"id":9487925,"date":"2025-05-05T00:04:11","date_gmt":"2025-05-04T22:04:11","guid":{"rendered":"https:\/\/firmaostanski.pl\/produkt\/audi-a4-b9-8w-16-kompletny-przod-xenon-zderzak-9648901342\/"},"modified":"2025-05-27T12:10:31","modified_gmt":"2025-05-27T10:10:31","slug":"audi-a4-b9-8w-16-kompletny-przod-xenon-zderzak-9648901342","status":"publish","type":"product","link":"https:\/\/firmaostanski.pl\/en\/product\/audi-a4-b9-8w-16-kompletny-przod-xenon-zderzak-9648901342\/","title":{"rendered":"AUDI A4 B9 8W 16- COMPLETE FRONT XENON BUMPER"},"content":{"rendered":"<div class=\"container\">\n<div class=\"row\" style=\"margin-bottom: 1em\">\n<div class=\"col-sm\">\n<figure class=\"wp-block-media-text__media\"><img decoding=\"async\" src=\"https:\/\/firmaostanski.pl\/wp-content\/uploads\/allegro\/2025\/5\/9648901342_70645a53416c90e713622a5fae13.jpg\" alt=\"9648901342\" \/><\/figure>\n<\/div>\n<div class=\"col-sm\">\n<p><b>AUDI A4 B9 8W0 2016-2018<\/b><\/p>\n<p>COMPLETE FRONT :<\/p>\n<ul>\n<li>MASK<\/li>\n<li>BUMPER COMPLETE WITH ACCESSORIES<\/li>\n<\/ul>\n<p>(PARKING SPRINKLER SENSORS PARKING BOARDS WITH OR WITHOUT RADAR) are available&nbsp;<b>ALL TYPES OF BUMPERS<\/b><\/p>\n<ul>\n<li>2 x LAMPY XENON BEZ \u017bAR\u00d3WKI D5S<\/li>\n<li>2 x Fender<\/li>\n<li>COMPLETE FRONT BELT WITH RADIATORS AND FANS<\/li>\n<\/ul>\n<p>2.0 TDI ; 3.0 TDI ;<\/p>\n<p>1.8 TFSI ; 2.0 TSFI ; 3.0 TFSI<\/p>\n<\/div>\n<\/div>\n<div class=\"row\" style=\"margin-bottom: 1em\">\n<div class=\"col-sm\">\n<p>All parts are always for painting. View photos.<\/p>\n<p>We do not have parts in colour.<\/p>\n<p><b>Our company completes front ends according to VIN number<\/b><\/p>\n<p>for a specific car. Body parts are used, while things such as air handlebars, grips, profiles, clips and rubbers are ordered new from VW's service department.<\/p>\n<p>Lead time&nbsp;<b>4 - 7 days.<\/b><\/p>\n<\/div>\n<div class=\"col-sm\">\n<figure class=\"wp-block-media-text__media\"><img decoding=\"async\" src=\"https:\/\/firmaostanski.pl\/wp-content\/uploads\/allegro\/2025\/5\/9648901342_50560e904ae7b57be74680768a5d.jpg\" alt=\"9648901342\" \/><\/figure>\n<\/div>\n<\/div>\n<div class=\"row\" style=\"margin-bottom: 1em\">\n<div class=\"col-sm\">\n<figure class=\"wp-block-media-text__media\"><img decoding=\"async\" src=\"https:\/\/firmaostanski.pl\/wp-content\/uploads\/allegro\/2025\/5\/9648901342_bc5583f14fb98ec36b61d314898c.jpg\" alt=\"9648901342\" \/><\/figure>\n<\/div>\n<\/div>\n<div class=\"row\" style=\"margin-bottom: 1em\">\n<div class=\"col-sm\">\n<h2>THANK YOU AND ENJOY YOUR SHOPPING!<\/h2>\n<h2>SEE OUR OTHER AUCTIONS<\/h2>\n<\/div>\n<\/div>\n<div class=\"row\" style=\"margin-bottom: 1em\">\n<div class=\"col-sm\">\n<figure class=\"wp-block-media-text__media\"><img decoding=\"async\" src=\"https:\/\/firmaostanski.pl\/wp-content\/uploads\/allegro\/2025\/5\/9648901342_2413a222490383fe6dcf33ce40c8.jpg\" alt=\"9648901342\" \/><\/figure>\n<\/div>\n<\/div>\n<\/div>","protected":false},"excerpt":{"rendered":"<p>AUDI A4 B9 8W0 2016-2018 KOMPLETNY PRZ\u00d3D : MASKA ZDERZAK KOMPLETNY Z OSPRZ\u0118TEM (SPRYSKIWACZE CZUJNIKI PARKOWANIA KRATKI POD RADAR LUB BEZ) dost\u0119pne s\u0105&nbsp;WSZYSTKIE RODZAJE ZDERZAK\u00d3W 2 x LAMPY XENON BEZ \u017bAR\u00d3WKI D5S 2 x B\u0141OTNIK KOMPLETNY PAS PRZEDNI Z CH\u0141ODNICAMI I WENTYLATORAMI 2.0 TDI ; 3.0 TDI ; 1.8 TFSI ; 2.0 TSFI ; 3.0 [&hellip;]<\/p>","protected":false},"featured_media":9538719,"comment_status":"open","ping_status":"closed","template":"","meta":{"_acf_changed":false,"inline_featured_image":false,"site-sidebar-layout":"default","site-content-layout":"","ast-site-content-layout":"","site-content-style":"default","site-sidebar-style":"default","ast-global-header-display":"","ast-banner-title-visibility":"","ast-main-header-display":"","ast-hfb-above-header-display":"","ast-hfb-below-header-display":"","ast-hfb-mobile-header-display":"","site-post-title":"","ast-breadcrumbs-content":"","ast-featured-img":"","footer-sml-layout":"","theme-transparent-header-meta":"","adv-header-id-meta":"","stick-header-meta":"","header-above-stick-meta":"","header-main-stick-meta":"","header-below-stick-meta":"","astra-migrate-meta-layouts":"default","ast-page-background-enabled":"default","ast-page-background-meta":{"desktop":{"background-color":"","background-image":"","background-repeat":"repeat","background-position":"center center","background-size":"auto","background-attachment":"scroll","background-type":"","background-media":"","overlay-type":"","overlay-color":"","overlay-opacity":"","overlay-gradient":""},"tablet":{"background-color":"","background-image":"","background-repeat":"repeat","background-position":"center center","background-size":"auto","background-attachment":"scroll","background-type":"","background-media":"","overlay-type":"","overlay-color":"","overlay-opacity":"","overlay-gradient":""},"mobile":{"background-color":"","background-image":"","background-repeat":"repeat","background-position":"center center","background-size":"auto","background-attachment":"scroll","background-type":"","background-media":"","overlay-type":"","overlay-color":"","overlay-opacity":"","overlay-gradient":""}},"ast-content-background-meta":{"desktop":{"background-color":"var(--ast-global-color-5)","background-image":"","background-repeat":"repeat","background-position":"center center","background-size":"auto","background-attachment":"scroll","background-type":"","background-media":"","overlay-type":"","overlay-color":"","overlay-opacity":"","overlay-gradient":""},"tablet":{"background-color":"var(--ast-global-color-5)","background-image":"","background-repeat":"repeat","background-position":"center center","background-size":"auto","background-attachment":"scroll","background-type":"","background-media":"","overlay-type":"","overlay-color":"","overlay-opacity":"","overlay-gradient":""},"mobile":{"background-color":"var(--ast-global-color-5)","background-image":"","background-repeat":"repeat","background-position":"center center","background-size":"auto","background-attachment":"scroll","background-type":"","background-media":"","overlay-type":"","overlay-color":"","overlay-opacity":"","overlay-gradient":""}}},"product_cat":[139,115,134],"product_tag":[],"acf":[],"_links":{"self":[{"href":"https:\/\/firmaostanski.pl\/en\/wp-json\/wp\/v2\/product\/9487925"}],"collection":[{"href":"https:\/\/firmaostanski.pl\/en\/wp-json\/wp\/v2\/product"}],"about":[{"href":"https:\/\/firmaostanski.pl\/en\/wp-json\/wp\/v2\/types\/product"}],"replies":[{"embeddable":true,"href":"https:\/\/firmaostanski.pl\/en\/wp-json\/wp\/v2\/comments?post=9487925"}],"wp:featuredmedia":[{"embeddable":true,"href":"https:\/\/firmaostanski.pl\/en\/wp-json\/wp\/v2\/media\/9538719"}],"wp:attachment":[{"href":"https:\/\/firmaostanski.pl\/en\/wp-json\/wp\/v2\/media?parent=9487925"}],"wp:term":[{"taxonomy":"product_cat","embeddable":true,"href":"https:\/\/firmaostanski.pl\/en\/wp-json\/wp\/v2\/product_cat?post=9487925"},{"taxonomy":"product_tag","embeddable":true,"href":"https:\/\/firmaostanski.pl\/en\/wp-json\/wp\/v2\/product_tag?post=9487925"}],"curies":[{"name":"wp","href":"https:\/\/api.w.org\/{rel}","templated":true}]}}