{"id":9487885,"date":"2025-05-05T00:03:52","date_gmt":"2025-05-04T22:03:52","guid":{"rendered":"https:\/\/firmaostanski.pl\/produkt\/vw-golf-7-vii-lift-gti-tcr-kompletny-przod-2-0-tsi-13008826009\/"},"modified":"2025-05-26T18:10:29","modified_gmt":"2025-05-26T16:10:29","slug":"vw-golf-7-vii-lift-gti-tcr-kompletny-przod-2-0-tsi-13008826009","status":"publish","type":"product","link":"https:\/\/firmaostanski.pl\/en\/product\/vw-golf-7-vii-lift-gti-tcr-kompletny-przod-2-0-tsi-13008826009\/","title":{"rendered":"VW GOLF 7 VII LIFT GTI TCR COMPLETE FRONT 2.0 TSI"},"content":{"rendered":"<div class=\"container\">\n<div class=\"row\" style=\"margin-bottom: 1em\">\n<div class=\"col-sm\">\n<figure class=\"wp-block-media-text__media\"><img decoding=\"async\" src=\"https:\/\/firmaostanski.pl\/wp-content\/uploads\/allegro\/2025\/5\/13008826009_896c714c4489b7c54a042451a286.jpg\" alt=\"13008826009\" \/><\/figure>\n<\/div>\n<div class=\"col-sm\">\n<h2>VW GOLF VII 2017-2020 GTI TCR<\/h2>\n<h1>COMPLETE FRONT :<\/h1>\n<ul>\n<li>MASK<\/li>\n<li>COMPLETE Bumper with fittings (washers, parking sensors, grilles)<\/li>\n<li>2 x LED LAMPS<\/li>\n<li>2 x Fender<\/li>\n<li>COMPLETE FRONT BELT WITH RADIATORS AND FANS&nbsp;&nbsp;<b>2.0 TSI 290 HP<\/b><\/li>\n<\/ul>\n<\/div>\n<\/div>\n<div class=\"row\" style=\"margin-bottom: 1em\">\n<div class=\"col-sm\">\n<p>All parts are always for painting. View photos.<\/p>\n<p>We do not have parts in colour.<\/p>\n<p><b>Our company completes front ends according to VIN number<\/b><\/p>\n<p>for a specific car. Body parts are used, while things such as air handlebars, grips, profiles, clips and rubbers are ordered new from VW's service department.<\/p>\n<p>Lead time&nbsp;<b>4 - 7 days.<\/b><\/p>\n<p><b>Delivery by own transport available. Payment in cash with driver<\/b><\/p>\n<\/div>\n<div class=\"col-sm\">\n<figure class=\"wp-block-media-text__media\"><img decoding=\"async\" src=\"https:\/\/firmaostanski.pl\/wp-content\/uploads\/allegro\/2025\/5\/13008826009_f27529a34f7dbf57967f29636411.jpg\" alt=\"13008826009\" \/><\/figure>\n<\/div>\n<\/div>\n<div class=\"row\" style=\"margin-bottom: 1em\">\n<div class=\"col-sm\">\n<figure class=\"wp-block-media-text__media\"><img decoding=\"async\" src=\"https:\/\/firmaostanski.pl\/wp-content\/uploads\/allegro\/2025\/5\/13008826009_3c51941842a0a0c60d9067b3774e.jpg\" alt=\"13008826009\" \/><\/figure>\n<\/div>\n<\/div>\n<div class=\"row\" style=\"margin-bottom: 1em\">\n<div class=\"col-sm\">\n<h2>THANK YOU AND ENJOY YOUR SHOPPING!<\/h2>\n<h2>SEE OUR OTHER AUCTIONS<\/h2>\n<\/div>\n<\/div>\n<\/div>","protected":false},"excerpt":{"rendered":"<p>VW GOLF VII&nbsp; 2017-2020 GTI TCR KOMPLETNY PRZ\u00d3D : MASKA ZDERZAK KOMPLETNY Z OSPRZ\u0118TEM (spryskiwacze, czujniki parkowania, kratki) 2 x LAMPY&nbsp; LED 2 x B\u0141OTNIK KOMPLETNY PAS PRZEDNI Z CH\u0141ODNICAMI I WENTYLATORAMI&nbsp;&nbsp;2.0 TSI 290KM Wszystkie cz\u0119\u015bci s\u0105 zawsze do lakierowania.&nbsp;Zdj\u0119cia pogl\u0105dowe. Nie mamy cz\u0119\u015bci w kolor. Nasza firma zajmuje si\u0119 kompletowaniem przod\u00f3w wg numeru VIN [&hellip;]<\/p>","protected":false},"featured_media":9533088,"comment_status":"open","ping_status":"closed","template":"","meta":{"_acf_changed":false,"inline_featured_image":false,"site-sidebar-layout":"default","site-content-layout":"","ast-site-content-layout":"","site-content-style":"default","site-sidebar-style":"default","ast-global-header-display":"","ast-banner-title-visibility":"","ast-main-header-display":"","ast-hfb-above-header-display":"","ast-hfb-below-header-display":"","ast-hfb-mobile-header-display":"","site-post-title":"","ast-breadcrumbs-content":"","ast-featured-img":"","footer-sml-layout":"","theme-transparent-header-meta":"","adv-header-id-meta":"","stick-header-meta":"","header-above-stick-meta":"","header-main-stick-meta":"","header-below-stick-meta":"","astra-migrate-meta-layouts":"default","ast-page-background-enabled":"default","ast-page-background-meta":{"desktop":{"background-color":"","background-image":"","background-repeat":"repeat","background-position":"center center","background-size":"auto","background-attachment":"scroll","background-type":"","background-media":"","overlay-type":"","overlay-color":"","overlay-opacity":"","overlay-gradient":""},"tablet":{"background-color":"","background-image":"","background-repeat":"repeat","background-position":"center center","background-size":"auto","background-attachment":"scroll","background-type":"","background-media":"","overlay-type":"","overlay-color":"","overlay-opacity":"","overlay-gradient":""},"mobile":{"background-color":"","background-image":"","background-repeat":"repeat","background-position":"center center","background-size":"auto","background-attachment":"scroll","background-type":"","background-media":"","overlay-type":"","overlay-color":"","overlay-opacity":"","overlay-gradient":""}},"ast-content-background-meta":{"desktop":{"background-color":"var(--ast-global-color-5)","background-image":"","background-repeat":"repeat","background-position":"center center","background-size":"auto","background-attachment":"scroll","background-type":"","background-media":"","overlay-type":"","overlay-color":"","overlay-opacity":"","overlay-gradient":""},"tablet":{"background-color":"var(--ast-global-color-5)","background-image":"","background-repeat":"repeat","background-position":"center center","background-size":"auto","background-attachment":"scroll","background-type":"","background-media":"","overlay-type":"","overlay-color":"","overlay-opacity":"","overlay-gradient":""},"mobile":{"background-color":"var(--ast-global-color-5)","background-image":"","background-repeat":"repeat","background-position":"center center","background-size":"auto","background-attachment":"scroll","background-type":"","background-media":"","overlay-type":"","overlay-color":"","overlay-opacity":"","overlay-gradient":""}}},"product_cat":[139,115,134],"product_tag":[],"acf":[],"_links":{"self":[{"href":"https:\/\/firmaostanski.pl\/en\/wp-json\/wp\/v2\/product\/9487885"}],"collection":[{"href":"https:\/\/firmaostanski.pl\/en\/wp-json\/wp\/v2\/product"}],"about":[{"href":"https:\/\/firmaostanski.pl\/en\/wp-json\/wp\/v2\/types\/product"}],"replies":[{"embeddable":true,"href":"https:\/\/firmaostanski.pl\/en\/wp-json\/wp\/v2\/comments?post=9487885"}],"wp:featuredmedia":[{"embeddable":true,"href":"https:\/\/firmaostanski.pl\/en\/wp-json\/wp\/v2\/media\/9533088"}],"wp:attachment":[{"href":"https:\/\/firmaostanski.pl\/en\/wp-json\/wp\/v2\/media?parent=9487885"}],"wp:term":[{"taxonomy":"product_cat","embeddable":true,"href":"https:\/\/firmaostanski.pl\/en\/wp-json\/wp\/v2\/product_cat?post=9487885"},{"taxonomy":"product_tag","embeddable":true,"href":"https:\/\/firmaostanski.pl\/en\/wp-json\/wp\/v2\/product_tag?post=9487885"}],"curies":[{"name":"wp","href":"https:\/\/api.w.org\/{rel}","templated":true}]}}