{"id":9487818,"date":"2025-05-05T00:03:27","date_gmt":"2025-05-04T22:03:27","guid":{"rendered":"https:\/\/firmaostanski.pl\/produkt\/audi-a6-s-line-c7-4g-kpl-przod-maska-blotnik-9636481946\/"},"modified":"2025-05-27T13:11:32","modified_gmt":"2025-05-27T11:11:32","slug":"audi-a6-s-line-c7-4g-kpl-przod-maska-blotnik-9636481946","status":"publish","type":"product","link":"https:\/\/firmaostanski.pl\/en\/product\/audi-a6-s-line-c7-4g-kpl-przod-maska-blotnik-9636481946\/","title":{"rendered":"AUDI A6 S-LINE C7 4G KPL FRONT BONNET MUDGUARD"},"content":{"rendered":"<div class=\"container\">\n<div class=\"row\" style=\"margin-bottom: 1em\">\n<div class=\"col-sm\">\n<figure class=\"wp-block-media-text__media\"><img decoding=\"async\" src=\"https:\/\/firmaostanski.pl\/wp-content\/uploads\/allegro\/2025\/5\/9636481946_780857c24434a08dcb98ca118702.jpg\" alt=\"9636481946\" \/><\/figure>\n<\/div>\n<div class=\"col-sm\">\n<p>AUDI A6 C7 4G0 S LINE 2012-2014 r.<\/p>\n<p>KOMPLETNY PRZ\u00d3D:<\/p>\n<p>- MASK<\/p>\n<p>&#8211; ZDERZAK KOMPLETNY&nbsp;Z OSPRZ\u0118TEM ( spryskiwacze, czujniki parkowania, kratki pod halogeny lub bez).<\/p>\n<p>&#8211; LAMPY XENON KOMPLETNE<\/p>\n<p>- 2 MUDGUARDS<\/p>\n<p>&#8211; KOMPLETNY PAS PRZEDNI Z CH\u0141ODNICAMI I WENTYLATORAMI<\/p>\n<p>2.0 3.0 DIESEL LUB BENZYNA<\/p>\n<\/div>\n<\/div>\n<div class=\"row\" style=\"margin-bottom: 1em\">\n<div class=\"col-sm\">\n<p>All parts are always for painting. View photos.<\/p>\n<p>We do not have parts in colour.<\/p>\n<p><b>Our company completes front ends according to VIN number<\/b><\/p>\n<p><b>for a specific car.<\/b>&nbsp;Body parts are used, while things such as air handlebars, grips, profiles, clips and rubbers are ordered new from Audi's service department.<\/p>\n<p>Lead time&nbsp;<b>4 - 7 days.<\/b><\/p>\n<\/div>\n<div class=\"col-sm\">\n<figure class=\"wp-block-media-text__media\"><img decoding=\"async\" src=\"https:\/\/firmaostanski.pl\/wp-content\/uploads\/allegro\/2025\/5\/9636481946_e3b039ad4546a6c35cae6771a6fb.jpg\" alt=\"9636481946\" \/><\/figure>\n<\/div>\n<\/div>\n<div class=\"row\" style=\"margin-bottom: 1em\">\n<div class=\"col-sm\">\n<h2>THANK YOU AND ENJOY YOUR SHOPPING!<\/h2>\n<h2>SEE OUR OTHER AUCTIONS<\/h2>\n<\/div>\n<\/div>\n<\/div>","protected":false},"excerpt":{"rendered":"<p>AUDI A6 C7 4G0 S LINE 2012-2014 r. KOMPLETNY PRZ\u00d3D: &#8211; MASKA &#8211; ZDERZAK KOMPLETNY&nbsp;Z OSPRZ\u0118TEM ( spryskiwacze, czujniki parkowania, kratki pod halogeny lub bez). &#8211; LAMPY XENON KOMPLETNE &#8211; 2 B\u0141OTNIKI &#8211; KOMPLETNY PAS PRZEDNI Z CH\u0141ODNICAMI I WENTYLATORAMI 2.0 3.0 DIESEL LUB BENZYNA Wszystkie cz\u0119\u015bci s\u0105 zawsze do lakierowania.&nbsp;Zdj\u0119cia pogl\u0105dowe. Nie mamy cz\u0119\u015bci [&hellip;]<\/p>","protected":false},"featured_media":9538765,"comment_status":"open","ping_status":"closed","template":"","meta":{"_acf_changed":false,"inline_featured_image":false,"site-sidebar-layout":"default","site-content-layout":"","ast-site-content-layout":"","site-content-style":"default","site-sidebar-style":"default","ast-global-header-display":"","ast-banner-title-visibility":"","ast-main-header-display":"","ast-hfb-above-header-display":"","ast-hfb-below-header-display":"","ast-hfb-mobile-header-display":"","site-post-title":"","ast-breadcrumbs-content":"","ast-featured-img":"","footer-sml-layout":"","theme-transparent-header-meta":"","adv-header-id-meta":"","stick-header-meta":"","header-above-stick-meta":"","header-main-stick-meta":"","header-below-stick-meta":"","astra-migrate-meta-layouts":"default","ast-page-background-enabled":"default","ast-page-background-meta":{"desktop":{"background-color":"","background-image":"","background-repeat":"repeat","background-position":"center center","background-size":"auto","background-attachment":"scroll","background-type":"","background-media":"","overlay-type":"","overlay-color":"","overlay-opacity":"","overlay-gradient":""},"tablet":{"background-color":"","background-image":"","background-repeat":"repeat","background-position":"center center","background-size":"auto","background-attachment":"scroll","background-type":"","background-media":"","overlay-type":"","overlay-color":"","overlay-opacity":"","overlay-gradient":""},"mobile":{"background-color":"","background-image":"","background-repeat":"repeat","background-position":"center center","background-size":"auto","background-attachment":"scroll","background-type":"","background-media":"","overlay-type":"","overlay-color":"","overlay-opacity":"","overlay-gradient":""}},"ast-content-background-meta":{"desktop":{"background-color":"var(--ast-global-color-5)","background-image":"","background-repeat":"repeat","background-position":"center center","background-size":"auto","background-attachment":"scroll","background-type":"","background-media":"","overlay-type":"","overlay-color":"","overlay-opacity":"","overlay-gradient":""},"tablet":{"background-color":"var(--ast-global-color-5)","background-image":"","background-repeat":"repeat","background-position":"center center","background-size":"auto","background-attachment":"scroll","background-type":"","background-media":"","overlay-type":"","overlay-color":"","overlay-opacity":"","overlay-gradient":""},"mobile":{"background-color":"var(--ast-global-color-5)","background-image":"","background-repeat":"repeat","background-position":"center center","background-size":"auto","background-attachment":"scroll","background-type":"","background-media":"","overlay-type":"","overlay-color":"","overlay-opacity":"","overlay-gradient":""}}},"product_cat":[139,115,134],"product_tag":[],"acf":[],"_links":{"self":[{"href":"https:\/\/firmaostanski.pl\/en\/wp-json\/wp\/v2\/product\/9487818"}],"collection":[{"href":"https:\/\/firmaostanski.pl\/en\/wp-json\/wp\/v2\/product"}],"about":[{"href":"https:\/\/firmaostanski.pl\/en\/wp-json\/wp\/v2\/types\/product"}],"replies":[{"embeddable":true,"href":"https:\/\/firmaostanski.pl\/en\/wp-json\/wp\/v2\/comments?post=9487818"}],"wp:featuredmedia":[{"embeddable":true,"href":"https:\/\/firmaostanski.pl\/en\/wp-json\/wp\/v2\/media\/9538765"}],"wp:attachment":[{"href":"https:\/\/firmaostanski.pl\/en\/wp-json\/wp\/v2\/media?parent=9487818"}],"wp:term":[{"taxonomy":"product_cat","embeddable":true,"href":"https:\/\/firmaostanski.pl\/en\/wp-json\/wp\/v2\/product_cat?post=9487818"},{"taxonomy":"product_tag","embeddable":true,"href":"https:\/\/firmaostanski.pl\/en\/wp-json\/wp\/v2\/product_tag?post=9487818"}],"curies":[{"name":"wp","href":"https:\/\/api.w.org\/{rel}","templated":true}]}}