{"id":9361134,"date":"2024-09-04T15:40:18","date_gmt":"2024-09-04T13:40:18","guid":{"rendered":"https:\/\/firmaostanski.pl\/produkt\/mercedes-cla-w118-118-2019-klapa-bagaznika-tylna-tyl-16425508840\/"},"modified":"2025-05-27T11:11:07","modified_gmt":"2025-05-27T09:11:07","slug":"mercedes-cla-w118-118-2019-klapa-bagaznika-tylna-tyl-16425508840","status":"publish","type":"product","link":"https:\/\/firmaostanski.pl\/en\/product\/mercedes-cla-w118-118-2019-klapa-bagaznika-tylna-tyl-16425508840\/","title":{"rendered":"MERCEDES CLA W118 118 2019- KLAPA BAGA\u017bNIKA TYLNA TY\u0141"},"content":{"rendered":"<div class=\"container\">\n<div class=\"row\" style=\"margin-bottom: 1em\">\n<div class=\"col-sm\">\n<h2>Przedmiot:&nbsp;MERCEDES CLA W118 118 2019- KLAPA BAGA\u017bNIKA TYLNA TY\u0141 <\/h2>\n<h2>Dodatkowe parametry:<\/h2>\n<p>\u2022 &nbsp; &nbsp; &nbsp; Model auta:&nbsp;CLA C118 X118<\/p>\n<p>\u2022 &nbsp; &nbsp; &nbsp; Marka:&nbsp;Mercedes-Benz<\/p>\n<p>\u2022 &nbsp; &nbsp; &nbsp; Miejsce instalacji:&nbsp;Tylny<\/p>\n<p>\u2022&nbsp; &nbsp; &nbsp; &nbsp;Rocznik modelowy:&nbsp;2019 &#8211; <\/p>\n<p>\u2022 &nbsp; &nbsp; &nbsp; Kod OEM:&nbsp;<\/p>\n<p>&#8212;&#8212;&#8212;&#8212;&#8212;&#8212;&#8212;&#8212;&#8212;&#8212;&#8212;&#8212;&#8212;&#8212;&#8212;&#8212;&#8212;&#8212;&#8212;&#8212;&#8212;&#8212;&#8212;&#8212;&#8212;&#8212;&#8212;&#8212;&#8212;&#8212;&#8212;&#8212;&#8212;-<\/p>\n<p>Always check the OEM code and if you are not sure if a part fits your vehicle send us the VIN and we will check it for you<\/p>\n<p>&#8212;&#8212;&#8212;&#8212;&#8212;&#8212;&#8212;&#8212;&#8212;&#8212;&#8212;&#8212;&#8212;&#8212;&#8212;&#8212;&#8212;&#8212;&#8212;&#8212;&#8212;&#8212;&#8212;&#8212;&#8212;&#8212;&#8212;&#8212;&#8212;&#8212;&#8212;&#8212;&#8212;&#8212;<\/p>\n<p>If the product is used, it may bear minor signs of use (small marks, light scratches), but this does not prevent it from being used as intended. If it is damaged, this is shown in the photo. You are buying exactly as pictured. All body parts are ALWAYS to be painted. We do not have a paint code<\/p>\n<\/div>\n<\/div>\n<div class=\"row\" style=\"margin-bottom: 1em\">\n<div class=\"col-sm\">\n<figure class=\"wp-block-media-text__media\"><img decoding=\"async\" src=\"https:\/\/firmaostanski.pl\/wp-content\/uploads\/allegro\/2025\/5\/16425508840_4ca540b94f40a1acfe62bdf06143.jpg\" alt=\"16425508840\" \/><\/figure>\n<\/div>\n<div class=\"col-sm\">\n<figure class=\"wp-block-media-text__media\"><img decoding=\"async\" src=\"https:\/\/firmaostanski.pl\/wp-content\/uploads\/allegro\/2025\/5\/16425508840_5d1a60c74ed59c88c1087957e7fd.jpg\" alt=\"16425508840\" \/><\/figure>\n<\/div>\n<\/div>\n<div class=\"row\" style=\"margin-bottom: 1em\">\n<div class=\"col-sm\">\n<figure class=\"wp-block-media-text__media\"><img decoding=\"async\" src=\"https:\/\/firmaostanski.pl\/wp-content\/uploads\/allegro\/2025\/5\/16425508840_0d9eacd3469291fb3c15034a695a.jpg\" alt=\"16425508840\" \/><\/figure>\n<\/div>\n<div class=\"col-sm\">\n<figure class=\"wp-block-media-text__media\"><img decoding=\"async\" src=\"https:\/\/firmaostanski.pl\/wp-content\/uploads\/allegro\/2025\/5\/16425508840_109036894a2bbecff24ca1928931.jpg\" alt=\"16425508840\" \/><\/figure>\n<\/div>\n<\/div>\n<div class=\"row\" style=\"margin-bottom: 1em\">\n<div class=\"col-sm\">\n<figure class=\"wp-block-media-text__media\"><img decoding=\"async\" src=\"https:\/\/firmaostanski.pl\/wp-content\/uploads\/allegro\/2025\/5\/16425508840_1be73e784153b30ce9586df2f34d.jpg\" alt=\"16425508840\" \/><\/figure>\n<\/div>\n<div class=\"col-sm\">\n<figure class=\"wp-block-media-text__media\"><img decoding=\"async\" src=\"https:\/\/firmaostanski.pl\/wp-content\/uploads\/allegro\/2025\/5\/16425508840_e4cac29542bbb2cf85b7dc47521e.jpg\" alt=\"16425508840\" \/><\/figure>\n<\/div>\n<\/div>\n<div class=\"row\" style=\"margin-bottom: 1em\">\n<div class=\"col-sm\">\n<figure class=\"wp-block-media-text__media\"><img decoding=\"async\" src=\"https:\/\/firmaostanski.pl\/wp-content\/uploads\/allegro\/2025\/5\/16425508840_f6a35e5c4d10981aa38e7713c2a5.jpg\" alt=\"16425508840\" \/><\/figure>\n<\/div>\n<\/div>\n<\/div>","protected":false},"excerpt":{"rendered":"<p>Przedmiot:&nbsp;MERCEDES CLA W118 118 2019- KLAPA BAGA\u017bNIKA TYLNA TY\u0141 Dodatkowe parametry: \u2022 &nbsp; &nbsp; &nbsp; Model auta:&nbsp;CLA C118 X118 \u2022 &nbsp; &nbsp; &nbsp; Marka:&nbsp;Mercedes-Benz \u2022 &nbsp; &nbsp; &nbsp; Miejsce instalacji:&nbsp;Tylny \u2022&nbsp; &nbsp; &nbsp; &nbsp;Rocznik modelowy:&nbsp;2019 &#8211; \u2022 &nbsp; &nbsp; &nbsp; Kod OEM:&nbsp; &#8212;&#8212;&#8212;&#8212;&#8212;&#8212;&#8212;&#8212;&#8212;&#8212;&#8212;&#8212;&#8212;&#8212;&#8212;&#8212;&#8212;&#8212;&#8212;&#8212;&#8212;&#8212;&#8212;&#8212;&#8212;&#8212;&#8212;&#8212;&#8212;&#8212;&#8212;&#8212;&#8212;- Zawsze sprawdzaj kod OEM a je\u015bli nie jeste\u015b pewien czy dana cz\u0119\u015b\u0107 [&hellip;]<\/p>","protected":false},"featured_media":9538667,"comment_status":"open","ping_status":"closed","template":"","meta":{"_acf_changed":false,"inline_featured_image":false,"site-sidebar-layout":"default","site-content-layout":"","ast-site-content-layout":"","site-content-style":"default","site-sidebar-style":"default","ast-global-header-display":"","ast-banner-title-visibility":"","ast-main-header-display":"","ast-hfb-above-header-display":"","ast-hfb-below-header-display":"","ast-hfb-mobile-header-display":"","site-post-title":"","ast-breadcrumbs-content":"","ast-featured-img":"","footer-sml-layout":"","theme-transparent-header-meta":"","adv-header-id-meta":"","stick-header-meta":"","header-above-stick-meta":"","header-main-stick-meta":"","header-below-stick-meta":"","astra-migrate-meta-layouts":"default","ast-page-background-enabled":"default","ast-page-background-meta":{"desktop":{"background-color":"","background-image":"","background-repeat":"repeat","background-position":"center center","background-size":"auto","background-attachment":"scroll","background-type":"","background-media":"","overlay-type":"","overlay-color":"","overlay-opacity":"","overlay-gradient":""},"tablet":{"background-color":"","background-image":"","background-repeat":"repeat","background-position":"center center","background-size":"auto","background-attachment":"scroll","background-type":"","background-media":"","overlay-type":"","overlay-color":"","overlay-opacity":"","overlay-gradient":""},"mobile":{"background-color":"","background-image":"","background-repeat":"repeat","background-position":"center center","background-size":"auto","background-attachment":"scroll","background-type":"","background-media":"","overlay-type":"","overlay-color":"","overlay-opacity":"","overlay-gradient":""}},"ast-content-background-meta":{"desktop":{"background-color":"var(--ast-global-color-5)","background-image":"","background-repeat":"repeat","background-position":"center center","background-size":"auto","background-attachment":"scroll","background-type":"","background-media":"","overlay-type":"","overlay-color":"","overlay-opacity":"","overlay-gradient":""},"tablet":{"background-color":"var(--ast-global-color-5)","background-image":"","background-repeat":"repeat","background-position":"center center","background-size":"auto","background-attachment":"scroll","background-type":"","background-media":"","overlay-type":"","overlay-color":"","overlay-opacity":"","overlay-gradient":""},"mobile":{"background-color":"var(--ast-global-color-5)","background-image":"","background-repeat":"repeat","background-position":"center center","background-size":"auto","background-attachment":"scroll","background-type":"","background-media":"","overlay-type":"","overlay-color":"","overlay-opacity":"","overlay-gradient":""}}},"product_cat":[209,139,115,145],"product_tag":[],"acf":[],"_links":{"self":[{"href":"https:\/\/firmaostanski.pl\/en\/wp-json\/wp\/v2\/product\/9361134"}],"collection":[{"href":"https:\/\/firmaostanski.pl\/en\/wp-json\/wp\/v2\/product"}],"about":[{"href":"https:\/\/firmaostanski.pl\/en\/wp-json\/wp\/v2\/types\/product"}],"replies":[{"embeddable":true,"href":"https:\/\/firmaostanski.pl\/en\/wp-json\/wp\/v2\/comments?post=9361134"}],"wp:featuredmedia":[{"embeddable":true,"href":"https:\/\/firmaostanski.pl\/en\/wp-json\/wp\/v2\/media\/9538667"}],"wp:attachment":[{"href":"https:\/\/firmaostanski.pl\/en\/wp-json\/wp\/v2\/media?parent=9361134"}],"wp:term":[{"taxonomy":"product_cat","embeddable":true,"href":"https:\/\/firmaostanski.pl\/en\/wp-json\/wp\/v2\/product_cat?post=9361134"},{"taxonomy":"product_tag","embeddable":true,"href":"https:\/\/firmaostanski.pl\/en\/wp-json\/wp\/v2\/product_tag?post=9361134"}],"curies":[{"name":"wp","href":"https:\/\/api.w.org\/{rel}","templated":true}]}}