{"id":9541331,"date":"2025-06-16T13:18:24","date_gmt":"2025-06-16T11:18:24","guid":{"rendered":"https:\/\/firmaostanski.pl\/produkt\/audi-a7-s7-4k8-ii-2018-maska-pokrywa-przednia-przod-silnika-17637590570\/"},"modified":"2025-06-16T14:10:30","modified_gmt":"2025-06-16T12:10:30","slug":"audi-a7-s7-4k8-ii-2018-maska-pokrywa-przednia-przod-silnika-17637590570","status":"publish","type":"product","link":"https:\/\/firmaostanski.pl\/de\/produkt\/audi-a7-s7-4k8-ii-2018-maska-pokrywa-przednia-przod-silnika-17637590570\/","title":{"rendered":"AUDI A7 S7 4K8 II 2018- MASKA POKRYWA PRZEDNIA PRZ\u00d3D SILNIKA"},"content":{"rendered":"<div class=\"container\">\n<div class=\"row\" style=\"margin-bottom: 1em\">\n<div class=\"col-sm\">\n<h2>Witamy na naszej aukcji.<\/h2>\n<h2>Przedmiotem sprzeda\u017cy jest:<\/h2>\n<h2>do samochodu Audi A7 S7 4K8<\/h2>\n<ul>\n<li><b>Marka:<\/b>&nbsp;Audi<\/li>\n<li><b>Modell: <\/b>A7 S7 4K8<\/li>\n<li><b>Rodzaj nadwozia: <\/b>Hatchback<\/li>\n<li><b>Rok produkcji:<\/b> 2019<\/li>\n<li><b>Kierownica:<\/b>&nbsp;Lewa strona<\/li>\n<li><b>Nr magazynowy:<\/b> VWP6316<\/li>\n<li><b>Kod cz\u0119\u015bci:<\/b><\/li>\n<li><b>Numer OEM:<\/b><\/li>\n<li><b>Inne numery:<\/b><\/li>\n<li><b>Strona zabudowy:<\/b> Auf der Vorderseite<\/li>\n<li><b>Farbe:<\/b>&nbsp;&#8211;<\/li>\n<li><b>Farbcode:<\/b><\/li>\n<li><b>Uwagi:<\/b><\/li>\n<\/ul>\n<p><b>Podana cena 4097.00 pln dotyczy 1 sztuki.<\/b><\/p>\n<p><b>\u017byczymy udanych zakup\u00f3w i zapraszamy na nasze pozosta\u0142e aukcje na kt\u00f3rych znajdziesz inne cz\u0119\u015bci do tego samochodu.<\/b><\/p>\n<\/div>\n<div class=\"col-sm\">\n<figure class=\"wp-block-media-text__media\"><img decoding=\"async\" src=\"https:\/\/firmaostanski.pl\/wp-content\/uploads\/allegro\/2025\/6\/17637590570_308f4a7942df91656f280b5e74a7.jpg\" alt=\"17637590570\" \/><\/figure>\n<\/div>\n<\/div>\n<\/div>","protected":false},"excerpt":{"rendered":"<p>Witamy na naszej aukcji. Przedmiotem sprzeda\u017cy jest: do samochodu Audi A7 S7 4K8 Marka:&nbsp;Audi Model: A7 S7 4K8 Rodzaj nadwozia: Hatchback Rok produkcji: 2019 Kierownica:&nbsp;Lewa strona Nr magazynowy: VWP6316 Kod cz\u0119\u015bci: Numer OEM: Inne numery: Strona zabudowy: Z przodu Kolor:&nbsp;&#8211; Kod lakieru: Uwagi: Podana cena 4097.00 pln dotyczy 1 sztuki. \u017byczymy udanych zakup\u00f3w i zapraszamy [&hellip;]<\/p>","protected":false},"featured_media":9541427,"comment_status":"open","ping_status":"closed","template":"","meta":{"_acf_changed":false,"inline_featured_image":false,"site-sidebar-layout":"default","site-content-layout":"","ast-site-content-layout":"","site-content-style":"default","site-sidebar-style":"default","ast-global-header-display":"","ast-banner-title-visibility":"","ast-main-header-display":"","ast-hfb-above-header-display":"","ast-hfb-below-header-display":"","ast-hfb-mobile-header-display":"","site-post-title":"","ast-breadcrumbs-content":"","ast-featured-img":"","footer-sml-layout":"","theme-transparent-header-meta":"","adv-header-id-meta":"","stick-header-meta":"","header-above-stick-meta":"","header-main-stick-meta":"","header-below-stick-meta":"","astra-migrate-meta-layouts":"default","ast-page-background-enabled":"default","ast-page-background-meta":{"desktop":{"background-color":"","background-image":"","background-repeat":"repeat","background-position":"center center","background-size":"auto","background-attachment":"scroll","background-type":"","background-media":"","overlay-type":"","overlay-color":"","overlay-opacity":"","overlay-gradient":""},"tablet":{"background-color":"","background-image":"","background-repeat":"repeat","background-position":"center center","background-size":"auto","background-attachment":"scroll","background-type":"","background-media":"","overlay-type":"","overlay-color":"","overlay-opacity":"","overlay-gradient":""},"mobile":{"background-color":"","background-image":"","background-repeat":"repeat","background-position":"center center","background-size":"auto","background-attachment":"scroll","background-type":"","background-media":"","overlay-type":"","overlay-color":"","overlay-opacity":"","overlay-gradient":""}},"ast-content-background-meta":{"desktop":{"background-color":"var(--ast-global-color-5)","background-image":"","background-repeat":"repeat","background-position":"center center","background-size":"auto","background-attachment":"scroll","background-type":"","background-media":"","overlay-type":"","overlay-color":"","overlay-opacity":"","overlay-gradient":""},"tablet":{"background-color":"var(--ast-global-color-5)","background-image":"","background-repeat":"repeat","background-position":"center center","background-size":"auto","background-attachment":"scroll","background-type":"","background-media":"","overlay-type":"","overlay-color":"","overlay-opacity":"","overlay-gradient":""},"mobile":{"background-color":"var(--ast-global-color-5)","background-image":"","background-repeat":"repeat","background-position":"center center","background-size":"auto","background-attachment":"scroll","background-type":"","background-media":"","overlay-type":"","overlay-color":"","overlay-opacity":"","overlay-gradient":""}}},"product_cat":[193,139,115,147],"product_tag":[],"acf":[],"_links":{"self":[{"href":"https:\/\/firmaostanski.pl\/de\/wp-json\/wp\/v2\/product\/9541331"}],"collection":[{"href":"https:\/\/firmaostanski.pl\/de\/wp-json\/wp\/v2\/product"}],"about":[{"href":"https:\/\/firmaostanski.pl\/de\/wp-json\/wp\/v2\/types\/product"}],"replies":[{"embeddable":true,"href":"https:\/\/firmaostanski.pl\/de\/wp-json\/wp\/v2\/comments?post=9541331"}],"wp:featuredmedia":[{"embeddable":true,"href":"https:\/\/firmaostanski.pl\/de\/wp-json\/wp\/v2\/media\/9541427"}],"wp:attachment":[{"href":"https:\/\/firmaostanski.pl\/de\/wp-json\/wp\/v2\/media?parent=9541331"}],"wp:term":[{"taxonomy":"product_cat","embeddable":true,"href":"https:\/\/firmaostanski.pl\/de\/wp-json\/wp\/v2\/product_cat?post=9541331"},{"taxonomy":"product_tag","embeddable":true,"href":"https:\/\/firmaostanski.pl\/de\/wp-json\/wp\/v2\/product_tag?post=9541331"}],"curies":[{"name":"wp","href":"https:\/\/api.w.org\/{rel}","templated":true}]}}