{"id":9539790,"date":"2025-05-30T18:39:04","date_gmt":"2025-05-30T16:39:04","guid":{"rendered":"https:\/\/firmaostanski.pl\/produkt\/porsche-cayenne-ii-lift-7p5-2014-2017-maska-aluminium-silikony-jak-oryginal-17583868666\/"},"modified":"2025-05-30T18:39:04","modified_gmt":"2025-05-30T16:39:04","slug":"porsche-cayenne-ii-lift-7p5-2014-2017-maska-aluminium-silikony-jak-oryginal-17583868666","status":"publish","type":"product","link":"https:\/\/firmaostanski.pl\/de\/produkt\/porsche-cayenne-ii-lift-7p5-2014-2017-maska-aluminium-silikony-jak-oryginal-17583868666\/","title":{"rendered":"PORSCHE CAYENNE II LIFT 7P5 2014-2017 MASKA ALUMINIUM SILIKONY JAK ORYGINA\u0141"},"content":{"rendered":"<div class=\"container\">\n<div class=\"row\" style=\"margin-bottom: 1em\">\n<div class=\"col-sm\">\n<h2>Przedmiot: 95851101110GRVPORSCHE CAYENNE 7P5 2014-2017 MASKA ALUMINIUM SILIKONY JAK ORYGINA\u0141<\/h2>\n<p>Zus\u00e4tzliche Parameter<\/p>\n<p>\u2022 Model auta: &nbsp;PORSCHE CAYENNE II LIFT 7P5<\/p>\n<p>\u2022 Miejsce instalacji: Prz\u00f3d<\/p>\n<p>\u2022 Stan: Nowy<\/p>\n<p>\u2022 Producent: Parts48 &#8211; Identyczny z Orygina\u0142em, jako\u015b\u0107 potwierdzona przez grono naszych zadowolonych klient\u00f3w. Najlepszym dowodem na to jest waga produktu identyczna z orygina\u0142em &#8211; 12,55 Kg oraz identyczne silikony wewn\u0119trzne. Jako\u015b\u0107 dopracowana w 101% . Jako jedyni w Polsce posiadamy maski o tak wysokiej jako\u015bci.<\/p>\n<p>\u2022 Wersja:<\/p>\n<p>\u2022 Rok modelowy: 2019 &#8211; 2024<\/p>\n<p>\u2022 Kompletny: TAK<\/p>\n<p>\u2022 Uszkodzony: NIE<\/p>\n<p>\u2022 Kod OEM:<\/p>\n<p>\u2022 Miejsce na magazynie: A13783<\/p>\n<p>&#8212;&#8212;&#8212;&#8212;&#8212;&#8212;&#8212;&#8212;&#8212;&#8212;&#8212;&#8212;&#8212;&#8212;&#8212;&#8212;&#8212;&#8212;&#8212;&#8212;&#8212;&#8212;&#8212;&#8212;&#8212;&#8212;&#8212;&#8212;&#8212;&#8212;&#8212;&#8211;<\/p>\n<p>Pr\u00fcfen Sie immer den OEM-Code und wenn Sie nicht sicher sind, ob ein Teil zu Ihrem Fahrzeug passt, senden Sie uns die VIN und wir werden es f\u00fcr Sie pr\u00fcfen.<\/p>\n<p>Na \u017cyczenie towar dowozimy naszym transportem.<\/p>\n<\/div>\n<\/div>\n<div class=\"row\" style=\"margin-bottom: 1em\">\n<div class=\"col-sm\">\n<figure class=\"wp-block-media-text__media\"><img decoding=\"async\" src=\"https:\/\/firmaostanski.pl\/wp-content\/uploads\/allegro\/2025\/5\/17583868666_f5af80cc4272aa1cb8819b312431.jpg\" alt=\"17583868666\" \/><\/figure>\n<\/div>\n<div class=\"col-sm\">\n<figure class=\"wp-block-media-text__media\"><img decoding=\"async\" src=\"https:\/\/firmaostanski.pl\/wp-content\/uploads\/allegro\/2025\/5\/17583868666_a9b899ef4061a6fdc17f25e26ccb.jpg\" alt=\"17583868666\" \/><\/figure>\n<\/div>\n<\/div>\n<div class=\"row\" style=\"margin-bottom: 1em\">\n<div class=\"col-sm\">\n<figure class=\"wp-block-media-text__media\"><img decoding=\"async\" src=\"https:\/\/firmaostanski.pl\/wp-content\/uploads\/allegro\/2025\/5\/17583868666_5f08185644399952660d7bd2f702.jpg\" alt=\"17583868666\" \/><\/figure>\n<\/div>\n<div class=\"col-sm\">\n<figure class=\"wp-block-media-text__media\"><img decoding=\"async\" src=\"https:\/\/firmaostanski.pl\/wp-content\/uploads\/allegro\/2025\/5\/17583868666_c7856ca84a928c631b7090103c36.jpg\" alt=\"17583868666\" \/><\/figure>\n<\/div>\n<\/div>\n<div class=\"row\" style=\"margin-bottom: 1em\">\n<div class=\"col-sm\">\n<figure class=\"wp-block-media-text__media\"><img decoding=\"async\" src=\"https:\/\/firmaostanski.pl\/wp-content\/uploads\/allegro\/2025\/5\/17583868666_0ba9bad74a8ea4431364f18a3863.jpg\" alt=\"17583868666\" \/><\/figure>\n<\/div>\n<div class=\"col-sm\">\n<figure class=\"wp-block-media-text__media\"><img decoding=\"async\" src=\"https:\/\/firmaostanski.pl\/wp-content\/uploads\/allegro\/2025\/5\/17583868666_d3cbb9c84c3eb5a7b67509841466.jpg\" alt=\"17583868666\" \/><\/figure>\n<\/div>\n<\/div>\n<div class=\"row\" style=\"margin-bottom: 1em\">\n<div class=\"col-sm\">\n<figure class=\"wp-block-media-text__media\"><img decoding=\"async\" src=\"https:\/\/firmaostanski.pl\/wp-content\/uploads\/allegro\/2025\/5\/17583868666_8b0eb4b74e74b6bb3051d6b8644c.jpg\" alt=\"17583868666\" \/><\/figure>\n<\/div>\n<div class=\"col-sm\">\n<figure class=\"wp-block-media-text__media\"><img decoding=\"async\" src=\"https:\/\/firmaostanski.pl\/wp-content\/uploads\/allegro\/2025\/5\/17583868666_204a6e6e4a44b3152b92bc5feda5.jpg\" alt=\"17583868666\" \/><\/figure>\n<\/div>\n<\/div>\n<div class=\"row\" style=\"margin-bottom: 1em\">\n<div class=\"col-sm\">\n<figure class=\"wp-block-media-text__media\"><img decoding=\"async\" src=\"https:\/\/firmaostanski.pl\/wp-content\/uploads\/allegro\/2025\/5\/17583868666_3bcef3e343b382f8ede63da62ae2.jpg\" alt=\"17583868666\" \/><\/figure>\n<\/div>\n<div class=\"col-sm\">\n<figure class=\"wp-block-media-text__media\"><img decoding=\"async\" src=\"https:\/\/firmaostanski.pl\/wp-content\/uploads\/allegro\/2025\/5\/17583868666_cfd2c2b6453498b3d1878c2ae0ba.jpg\" alt=\"17583868666\" \/><\/figure>\n<\/div>\n<\/div>\n<div class=\"row\" style=\"margin-bottom: 1em\">\n<div class=\"col-sm\">\n<figure class=\"wp-block-media-text__media\"><img decoding=\"async\" src=\"https:\/\/firmaostanski.pl\/wp-content\/uploads\/allegro\/2025\/5\/17583868666_04edf4734a04b2c2de980eced64c.jpg\" alt=\"17583868666\" \/><\/figure>\n<\/div>\n<div class=\"col-sm\">\n<figure class=\"wp-block-media-text__media\"><img decoding=\"async\" src=\"https:\/\/firmaostanski.pl\/wp-content\/uploads\/allegro\/2025\/5\/17583868666_f5af80cc4272aa1cb8819b312431.jpg\" alt=\"17583868666\" \/><\/figure>\n<\/div>\n<\/div>\n<\/div>","protected":false},"excerpt":{"rendered":"<p>Przedmiot: 95851101110GRVPORSCHE CAYENNE 7P5 2014-2017 MASKA ALUMINIUM SILIKONY JAK ORYGINA\u0141 Dodatkowe parametry \u2022 Model auta: &nbsp;PORSCHE CAYENNE II LIFT 7P5 \u2022 Miejsce instalacji: Prz\u00f3d \u2022 Stan: Nowy \u2022 Producent: Parts48 &#8211; Identyczny z Orygina\u0142em, jako\u015b\u0107 potwierdzona przez grono naszych zadowolonych klient\u00f3w. Najlepszym dowodem na to jest waga produktu identyczna z orygina\u0142em &#8211; 12,55 Kg oraz [&hellip;]<\/p>","protected":false},"featured_media":9539791,"comment_status":"open","ping_status":"closed","template":"","meta":{"_acf_changed":false,"inline_featured_image":false,"site-sidebar-layout":"default","site-content-layout":"","ast-site-content-layout":"","site-content-style":"default","site-sidebar-style":"default","ast-global-header-display":"","ast-banner-title-visibility":"","ast-main-header-display":"","ast-hfb-above-header-display":"","ast-hfb-below-header-display":"","ast-hfb-mobile-header-display":"","site-post-title":"","ast-breadcrumbs-content":"","ast-featured-img":"","footer-sml-layout":"","theme-transparent-header-meta":"","adv-header-id-meta":"","stick-header-meta":"","header-above-stick-meta":"","header-main-stick-meta":"","header-below-stick-meta":"","astra-migrate-meta-layouts":"default","ast-page-background-enabled":"default","ast-page-background-meta":{"desktop":{"background-color":"","background-image":"","background-repeat":"repeat","background-position":"center center","background-size":"auto","background-attachment":"scroll","background-type":"","background-media":"","overlay-type":"","overlay-color":"","overlay-opacity":"","overlay-gradient":""},"tablet":{"background-color":"","background-image":"","background-repeat":"repeat","background-position":"center center","background-size":"auto","background-attachment":"scroll","background-type":"","background-media":"","overlay-type":"","overlay-color":"","overlay-opacity":"","overlay-gradient":""},"mobile":{"background-color":"","background-image":"","background-repeat":"repeat","background-position":"center center","background-size":"auto","background-attachment":"scroll","background-type":"","background-media":"","overlay-type":"","overlay-color":"","overlay-opacity":"","overlay-gradient":""}},"ast-content-background-meta":{"desktop":{"background-color":"var(--ast-global-color-5)","background-image":"","background-repeat":"repeat","background-position":"center center","background-size":"auto","background-attachment":"scroll","background-type":"","background-media":"","overlay-type":"","overlay-color":"","overlay-opacity":"","overlay-gradient":""},"tablet":{"background-color":"var(--ast-global-color-5)","background-image":"","background-repeat":"repeat","background-position":"center center","background-size":"auto","background-attachment":"scroll","background-type":"","background-media":"","overlay-type":"","overlay-color":"","overlay-opacity":"","overlay-gradient":""},"mobile":{"background-color":"var(--ast-global-color-5)","background-image":"","background-repeat":"repeat","background-position":"center center","background-size":"auto","background-attachment":"scroll","background-type":"","background-media":"","overlay-type":"","overlay-color":"","overlay-opacity":"","overlay-gradient":""}}},"product_cat":[193,139,115,147],"product_tag":[],"acf":[],"_links":{"self":[{"href":"https:\/\/firmaostanski.pl\/de\/wp-json\/wp\/v2\/product\/9539790"}],"collection":[{"href":"https:\/\/firmaostanski.pl\/de\/wp-json\/wp\/v2\/product"}],"about":[{"href":"https:\/\/firmaostanski.pl\/de\/wp-json\/wp\/v2\/types\/product"}],"replies":[{"embeddable":true,"href":"https:\/\/firmaostanski.pl\/de\/wp-json\/wp\/v2\/comments?post=9539790"}],"wp:featuredmedia":[{"embeddable":true,"href":"https:\/\/firmaostanski.pl\/de\/wp-json\/wp\/v2\/media\/9539791"}],"wp:attachment":[{"href":"https:\/\/firmaostanski.pl\/de\/wp-json\/wp\/v2\/media?parent=9539790"}],"wp:term":[{"taxonomy":"product_cat","embeddable":true,"href":"https:\/\/firmaostanski.pl\/de\/wp-json\/wp\/v2\/product_cat?post=9539790"},{"taxonomy":"product_tag","embeddable":true,"href":"https:\/\/firmaostanski.pl\/de\/wp-json\/wp\/v2\/product_tag?post=9539790"}],"curies":[{"name":"wp","href":"https:\/\/api.w.org\/{rel}","templated":true}]}}