{"id":9516845,"date":"2025-05-05T14:56:31","date_gmt":"2025-05-05T12:56:31","guid":{"rendered":"https:\/\/firmaostanski.pl\/produkt\/vw-golf-7-vii-r20-r-line-zderzak-tylny-5g6807421e-11989413468\/"},"modified":"2025-05-05T15:11:31","modified_gmt":"2025-05-05T13:11:31","slug":"vw-golf-7-vii-r20-r-line-zderzak-tylny-5g6807421e-11989413468","status":"publish","type":"product","link":"https:\/\/firmaostanski.pl\/de\/produkt\/vw-golf-7-vii-r20-r-line-zderzak-tylny-5g6807421e-11989413468\/","title":{"rendered":"VW GOLF 7 VII R20 R LINE STOSSSTANGE HINTEN 5G6807421E"},"content":{"rendered":"<div class=\"container\">\n<div class=\"row\" style=\"margin-bottom: 1em\">\n<div class=\"col-sm\">\n<figure class=\"wp-block-media-text__media\"><img decoding=\"async\" src=\"https:\/\/firmaostanski.pl\/wp-content\/uploads\/allegro\/2025\/5\/11989413468_05b4ea434977add1716c0dd11946.jpg\" alt=\"11989413468\" \/><\/figure>\n<\/div>\n<div class=\"col-sm\">\n<p><b>Przedmiot:<\/b><\/p>\n<p><b>HINTERE STOSSSTANGE<\/b><\/p>\n<p><b>Zus\u00e4tzliche Parameter<\/b><\/p>\n<p>\u2022&nbsp;&nbsp;&nbsp;&nbsp;&nbsp;&nbsp; Model auta:<b> <\/b>VW GOLF 7 VII R20 R LINE HB<\/p>\n<p>\u2022&nbsp;&nbsp;&nbsp;&nbsp;&nbsp;&nbsp; Miejsce instalacji: TY\u0141<\/p>\n<p>- Zustand: Gebraucht<\/p>\n<p>- Hersteller: OEM<\/p>\n<p>\u2022&nbsp;&nbsp;&nbsp;&nbsp;&nbsp;&nbsp; Wersja: VW GOLF 7 VII R20 R LINE HB<\/p>\n<p>\u2022&nbsp;&nbsp;&nbsp;&nbsp;&nbsp;&nbsp; Rok modelowy: 2012 &#8211; 2017<\/p>\n<p>- Vollst\u00e4ndig: JA<\/p>\n<p>\u2022&nbsp;&nbsp;&nbsp;&nbsp;&nbsp;&nbsp; Uszkodzony: TAK (wida\u0107 na zdj\u0119ciu)<\/p>\n<p>\u2022&nbsp;&nbsp;&nbsp;&nbsp;&nbsp;&nbsp; Kod OEM: 5G6807421E<\/p>\n<p>\u2022&nbsp;&nbsp;&nbsp;&nbsp;&nbsp;&nbsp; Miejsce na magazynie: Z1 B2116<\/p>\n<p>&#8212;&#8212;&#8212;&#8212;&#8212;&#8212;&#8212;&#8212;&#8212;&#8212;&#8212;&#8212;&#8212;&#8212;&#8212;&#8212;&#8212;&#8212;&#8212;&#8212;&#8212;&#8212;&#8212;&#8212;&#8212;&#8212;&#8212;&#8212;&#8212;&#8212;&#8212;-<\/p>\n<p>Zawsze sprawdzaj kod OEM a je\u015bli nie jeste\u015b pewien czy dana cz\u0119\u015b\u0107 pasuje do Twojego pojazdu wy\u015blij nam numer nadwozia VIN a My sprawdzimy to dla Ciebie.<\/p>\n<p>&#8212;&#8212;&#8212;&#8212;&#8212;&#8212;&#8212;&#8212;&#8212;&#8212;&#8212;&#8212;&#8212;&#8212;&#8212;&#8212;&#8212;&#8212;&#8212;&#8212;&#8212;&#8212;&#8212;&#8212;&#8212;&#8212;&#8212;&#8212;&#8212;&#8212;&#8212;-<\/p>\n<p>Je\u017celi produkt jest u\u017cywany, mo\u017ce nosi\u0107 drobne \u015blady u\u017cytkowania (drobne \u015blady, lekkie rysy), jednak nie przeszkadza to w u\u017cytkowaniu go zgodnie z przeznaczeniem. Je\u017celi jest uszkodzony jest to pokazane dok\u0142adnie na zdj\u0119ciu. Kupujesz towar dok\u0142adnie ze zdj\u0119cia. Wszystkie cz\u0119\u015bci karoseryjne s\u0105 ZAWSZE do lakierowania. Nie posiadamy kodu lakieru.<\/p>\n<\/div>\n<\/div>\n<div class=\"row\" style=\"margin-bottom: 1em\">\n<div class=\"col-sm\">\n<figure class=\"wp-block-media-text__media\"><img decoding=\"async\" src=\"https:\/\/firmaostanski.pl\/wp-content\/uploads\/allegro\/2025\/5\/11989413468_8b6b04524f0ebf1527980ba9109c.jpg\" alt=\"11989413468\" \/><\/figure>\n<\/div>\n<div class=\"col-sm\">\n<figure class=\"wp-block-media-text__media\"><img decoding=\"async\" src=\"https:\/\/firmaostanski.pl\/wp-content\/uploads\/allegro\/2025\/5\/11989413468_a63edcb04e1285c86d3bf98fe97b.jpg\" alt=\"11989413468\" \/><\/figure>\n<\/div>\n<\/div>\n<div class=\"row\" style=\"margin-bottom: 1em\">\n<div class=\"col-sm\">\n<figure class=\"wp-block-media-text__media\"><img decoding=\"async\" src=\"https:\/\/firmaostanski.pl\/wp-content\/uploads\/allegro\/2025\/5\/11989413468_d1746e5c4d19b2da4d22c7e10746.jpg\" alt=\"11989413468\" \/><\/figure>\n<\/div>\n<div class=\"col-sm\">\n<figure class=\"wp-block-media-text__media\"><img decoding=\"async\" src=\"https:\/\/firmaostanski.pl\/wp-content\/uploads\/allegro\/2025\/5\/11989413468_a4eb05564ef0aa00e8f6a2c0d670.jpg\" alt=\"11989413468\" \/><\/figure>\n<\/div>\n<\/div>\n<\/div>","protected":false},"excerpt":{"rendered":"<p>Przedmiot: ZDERZAK TYLNY Dodatkowe parametry \u2022&nbsp;&nbsp;&nbsp;&nbsp;&nbsp;&nbsp; Model auta: VW GOLF 7 VII R20 R LINE HB \u2022&nbsp;&nbsp;&nbsp;&nbsp;&nbsp;&nbsp; Miejsce instalacji: TY\u0141 \u2022&nbsp;&nbsp;&nbsp;&nbsp;&nbsp;&nbsp; Stan:&nbsp; U\u017cywany \u2022&nbsp;&nbsp;&nbsp;&nbsp;&nbsp;&nbsp; Producent: OEM \u2022&nbsp;&nbsp;&nbsp;&nbsp;&nbsp;&nbsp; Wersja: VW GOLF 7 VII R20 R LINE HB \u2022&nbsp;&nbsp;&nbsp;&nbsp;&nbsp;&nbsp; Rok modelowy: 2012 &#8211; 2017 \u2022&nbsp;&nbsp;&nbsp;&nbsp;&nbsp;&nbsp; Kompletny: TAK \u2022&nbsp;&nbsp;&nbsp;&nbsp;&nbsp;&nbsp; Uszkodzony: TAK (wida\u0107 na zdj\u0119ciu) \u2022&nbsp;&nbsp;&nbsp;&nbsp;&nbsp;&nbsp; Kod OEM: 5G6807421E [&hellip;]<\/p>","protected":false},"featured_media":9518586,"comment_status":"open","ping_status":"closed","template":"","meta":{"_acf_changed":false,"inline_featured_image":false,"site-sidebar-layout":"default","site-content-layout":"","ast-site-content-layout":"","site-content-style":"default","site-sidebar-style":"default","ast-global-header-display":"","ast-banner-title-visibility":"","ast-main-header-display":"","ast-hfb-above-header-display":"","ast-hfb-below-header-display":"","ast-hfb-mobile-header-display":"","site-post-title":"","ast-breadcrumbs-content":"","ast-featured-img":"","footer-sml-layout":"","theme-transparent-header-meta":"","adv-header-id-meta":"","stick-header-meta":"","header-above-stick-meta":"","header-main-stick-meta":"","header-below-stick-meta":"","astra-migrate-meta-layouts":"default","ast-page-background-enabled":"default","ast-page-background-meta":{"desktop":{"background-color":"","background-image":"","background-repeat":"repeat","background-position":"center center","background-size":"auto","background-attachment":"scroll","background-type":"","background-media":"","overlay-type":"","overlay-color":"","overlay-opacity":"","overlay-gradient":""},"tablet":{"background-color":"","background-image":"","background-repeat":"repeat","background-position":"center center","background-size":"auto","background-attachment":"scroll","background-type":"","background-media":"","overlay-type":"","overlay-color":"","overlay-opacity":"","overlay-gradient":""},"mobile":{"background-color":"","background-image":"","background-repeat":"repeat","background-position":"center center","background-size":"auto","background-attachment":"scroll","background-type":"","background-media":"","overlay-type":"","overlay-color":"","overlay-opacity":"","overlay-gradient":""}},"ast-content-background-meta":{"desktop":{"background-color":"var(--ast-global-color-5)","background-image":"","background-repeat":"repeat","background-position":"center center","background-size":"auto","background-attachment":"scroll","background-type":"","background-media":"","overlay-type":"","overlay-color":"","overlay-opacity":"","overlay-gradient":""},"tablet":{"background-color":"var(--ast-global-color-5)","background-image":"","background-repeat":"repeat","background-position":"center center","background-size":"auto","background-attachment":"scroll","background-type":"","background-media":"","overlay-type":"","overlay-color":"","overlay-opacity":"","overlay-gradient":""},"mobile":{"background-color":"var(--ast-global-color-5)","background-image":"","background-repeat":"repeat","background-position":"center center","background-size":"auto","background-attachment":"scroll","background-type":"","background-media":"","overlay-type":"","overlay-color":"","overlay-opacity":"","overlay-gradient":""}}},"product_cat":[192,139,115,151],"product_tag":[],"acf":[],"_links":{"self":[{"href":"https:\/\/firmaostanski.pl\/de\/wp-json\/wp\/v2\/product\/9516845"}],"collection":[{"href":"https:\/\/firmaostanski.pl\/de\/wp-json\/wp\/v2\/product"}],"about":[{"href":"https:\/\/firmaostanski.pl\/de\/wp-json\/wp\/v2\/types\/product"}],"replies":[{"embeddable":true,"href":"https:\/\/firmaostanski.pl\/de\/wp-json\/wp\/v2\/comments?post=9516845"}],"wp:featuredmedia":[{"embeddable":true,"href":"https:\/\/firmaostanski.pl\/de\/wp-json\/wp\/v2\/media\/9518586"}],"wp:attachment":[{"href":"https:\/\/firmaostanski.pl\/de\/wp-json\/wp\/v2\/media?parent=9516845"}],"wp:term":[{"taxonomy":"product_cat","embeddable":true,"href":"https:\/\/firmaostanski.pl\/de\/wp-json\/wp\/v2\/product_cat?post=9516845"},{"taxonomy":"product_tag","embeddable":true,"href":"https:\/\/firmaostanski.pl\/de\/wp-json\/wp\/v2\/product_tag?post=9516845"}],"curies":[{"name":"wp","href":"https:\/\/api.w.org\/{rel}","templated":true}]}}