{"id":9512369,"date":"2025-05-05T14:16:10","date_gmt":"2025-05-05T12:16:10","guid":{"rendered":"https:\/\/firmaostanski.pl\/produkt\/mercedes-b-klasa-247-18-piasta-kola-lozysko-tylne-tyl-13024548808\/"},"modified":"2025-05-05T14:16:10","modified_gmt":"2025-05-05T12:16:10","slug":"mercedes-b-klasa-247-18-piasta-kola-lozysko-tylne-tyl-13024548808","status":"publish","type":"product","link":"https:\/\/firmaostanski.pl\/de\/produkt\/mercedes-b-klasa-247-18-piasta-kola-lozysko-tylne-tyl-13024548808\/","title":{"rendered":"MERCEDES B KLASA 247 18- PIASTA KO\u0141A \u0141O\u017bYSKO TYLNE TY\u0141"},"content":{"rendered":"<div class=\"container\">\n<div class=\"row\" style=\"margin-bottom: 1em\">\n<div class=\"col-sm\">\n<figure class=\"wp-block-media-text__media\"><img decoding=\"async\" src=\"https:\/\/firmaostanski.pl\/wp-content\/uploads\/allegro\/2025\/5\/13024548808_6129387140848425c9cc94274ae9.jpg\" alt=\"13024548808\" \/><\/figure>\n<\/div>\n<div class=\"col-sm\">\n<p><b>Przedmiot:<\/b><\/p>\n<p><b>R\u00c4DERH\u00c4NDE<\/b><\/p>\n<p><b>Zus\u00e4tzliche Parameter<\/b><\/p>\n<p>\u2022&nbsp;&nbsp;&nbsp;&nbsp;&nbsp;&nbsp; Model auta:<\/p>\n<ul>\n<li><b>MERCEDES B KLASA W247<\/b><\/li>\n<li><b>MERCEDES A KLASA W177<\/b><\/li>\n<li><b>MERCEDES CLA W118<\/b><\/li>\n<\/ul>\n<p>\u2022&nbsp;&nbsp;&nbsp;&nbsp;&nbsp;&nbsp; Miejsce instalacji: &#8211;<\/p>\n<p>- Zustand: Gebraucht<\/p>\n<p>- Hersteller: OEM<\/p>\n<p>- Version: -<\/p>\n<p>\u2022&nbsp;&nbsp;&nbsp;&nbsp;&nbsp;&nbsp; Rok modelowy: 2018-<\/p>\n<p>- Vollst\u00e4ndig: JA<\/p>\n<p>- Besch\u00e4digt: NO<\/p>\n<p>- OEM-Code:<\/p>\n<p><b>A2473560000<\/b><\/p>\n<p><b>07 22 6 30 A<\/b><\/p>\n<p><b>ILJIN<\/b><\/p>\n<p>\u2022&nbsp;&nbsp;&nbsp;&nbsp;&nbsp;&nbsp; Miejsce na magazynie: &#8211;<\/p>\n<p>&#8212;&#8212;&#8212;&#8212;&#8212;&#8212;&#8212;&#8212;&#8212;&#8212;&#8212;&#8212;&#8212;&#8212;&#8212;&#8212;&#8212;&#8212;&#8212;&#8212;&#8212;&#8212;&#8212;&#8212;&#8212;&#8212;&#8212;&#8212;&#8212;&#8212;&#8212;-<\/p>\n<p>Pr\u00fcfen Sie immer den OEM-Code und wenn Sie nicht sicher sind, ob ein Teil zu Ihrem Fahrzeug passt, senden Sie uns die VIN und wir werden es f\u00fcr Sie pr\u00fcfen.<\/p>\n<p>&#8212;&#8212;&#8212;&#8212;&#8212;&#8212;&#8212;&#8212;&#8212;&#8212;&#8212;&#8212;&#8212;&#8212;&#8212;&#8212;&#8212;&#8212;&#8212;&#8212;&#8212;&#8212;&#8212;&#8212;&#8212;&#8212;&#8212;&#8212;&#8212;&#8212;&#8212;-<\/p>\n<p>Wenn das Produkt gebraucht ist, kann es leichte Gebrauchsspuren aufweisen (kleine Flecken, leichte Kratzer), was aber nicht bedeutet, dass es nicht wie vorgesehen verwendet werden kann. Wenn es besch\u00e4digt ist, ist dies auf dem Foto zu sehen. Sie kaufen genau wie abgebildet. Alle Karosserieteile sind IMMER zu lackieren. Wir haben keinen Farbcode<\/p>\n<\/div>\n<\/div>\n<div class=\"row\" style=\"margin-bottom: 1em\">\n<div class=\"col-sm\">\n<figure class=\"wp-block-media-text__media\"><img decoding=\"async\" src=\"https:\/\/firmaostanski.pl\/wp-content\/uploads\/allegro\/2025\/5\/13024548808_2295100e45df9629945503d8199c.jpg\" alt=\"13024548808\" \/><\/figure>\n<\/div>\n<div class=\"col-sm\">\n<figure class=\"wp-block-media-text__media\"><img decoding=\"async\" src=\"https:\/\/firmaostanski.pl\/wp-content\/uploads\/allegro\/2025\/5\/13024548808_ef11ef9f4dac8fe0661ebd68dc4d.jpg\" alt=\"13024548808\" \/><\/figure>\n<\/div>\n<\/div>\n<div class=\"row\" style=\"margin-bottom: 1em\">\n<div class=\"col-sm\">\n<figure class=\"wp-block-media-text__media\"><img decoding=\"async\" src=\"https:\/\/firmaostanski.pl\/wp-content\/uploads\/allegro\/2025\/5\/13024548808_bce5d76147de9d3eac44a4bf7f21.jpg\" alt=\"13024548808\" \/><\/figure>\n<\/div>\n<\/div>\n<\/div>","protected":false},"excerpt":{"rendered":"<p>Przedmiot: PIASTA KO\u0141A Dodatkowe parametry \u2022&nbsp;&nbsp;&nbsp;&nbsp;&nbsp;&nbsp; Model auta: MERCEDES B KLASA W247 MERCEDES A KLASA W177 MERCEDES CLA W118 \u2022&nbsp;&nbsp;&nbsp;&nbsp;&nbsp;&nbsp; Miejsce instalacji: &#8211; \u2022&nbsp;&nbsp;&nbsp;&nbsp;&nbsp;&nbsp; Stan:&nbsp; U\u017cywany \u2022&nbsp;&nbsp;&nbsp;&nbsp;&nbsp;&nbsp; Producent: OEM \u2022&nbsp;&nbsp;&nbsp;&nbsp;&nbsp;&nbsp; Wersja: &#8211; \u2022&nbsp;&nbsp;&nbsp;&nbsp;&nbsp;&nbsp; Rok modelowy: 2018- \u2022&nbsp;&nbsp;&nbsp;&nbsp;&nbsp;&nbsp; Kompletny: TAK \u2022&nbsp;&nbsp;&nbsp;&nbsp;&nbsp;&nbsp; Uszkodzony: NIE \u2022&nbsp;&nbsp;&nbsp;&nbsp;&nbsp;&nbsp; Kod OEM: A2473560000 07 22 6 30 A ILJIN \u2022&nbsp;&nbsp;&nbsp;&nbsp;&nbsp;&nbsp; Miejsce na [&hellip;]<\/p>","protected":false},"featured_media":9512370,"comment_status":"open","ping_status":"closed","template":"","meta":{"_acf_changed":false,"inline_featured_image":false,"site-sidebar-layout":"default","site-content-layout":"","ast-site-content-layout":"","site-content-style":"default","site-sidebar-style":"default","ast-global-header-display":"","ast-banner-title-visibility":"","ast-main-header-display":"","ast-hfb-above-header-display":"","ast-hfb-below-header-display":"","ast-hfb-mobile-header-display":"","site-post-title":"","ast-breadcrumbs-content":"","ast-featured-img":"","footer-sml-layout":"","theme-transparent-header-meta":"","adv-header-id-meta":"","stick-header-meta":"","header-above-stick-meta":"","header-main-stick-meta":"","header-below-stick-meta":"","astra-migrate-meta-layouts":"default","ast-page-background-enabled":"default","ast-page-background-meta":{"desktop":{"background-color":"","background-image":"","background-repeat":"repeat","background-position":"center center","background-size":"auto","background-attachment":"scroll","background-type":"","background-media":"","overlay-type":"","overlay-color":"","overlay-opacity":"","overlay-gradient":""},"tablet":{"background-color":"","background-image":"","background-repeat":"repeat","background-position":"center center","background-size":"auto","background-attachment":"scroll","background-type":"","background-media":"","overlay-type":"","overlay-color":"","overlay-opacity":"","overlay-gradient":""},"mobile":{"background-color":"","background-image":"","background-repeat":"repeat","background-position":"center center","background-size":"auto","background-attachment":"scroll","background-type":"","background-media":"","overlay-type":"","overlay-color":"","overlay-opacity":"","overlay-gradient":""}},"ast-content-background-meta":{"desktop":{"background-color":"var(--ast-global-color-5)","background-image":"","background-repeat":"repeat","background-position":"center center","background-size":"auto","background-attachment":"scroll","background-type":"","background-media":"","overlay-type":"","overlay-color":"","overlay-opacity":"","overlay-gradient":""},"tablet":{"background-color":"var(--ast-global-color-5)","background-image":"","background-repeat":"repeat","background-position":"center center","background-size":"auto","background-attachment":"scroll","background-type":"","background-media":"","overlay-type":"","overlay-color":"","overlay-opacity":"","overlay-gradient":""},"mobile":{"background-color":"var(--ast-global-color-5)","background-image":"","background-repeat":"repeat","background-position":"center center","background-size":"auto","background-attachment":"scroll","background-type":"","background-media":"","overlay-type":"","overlay-color":"","overlay-opacity":"","overlay-gradient":""}}},"product_cat":[315,225,115],"product_tag":[],"acf":[],"_links":{"self":[{"href":"https:\/\/firmaostanski.pl\/de\/wp-json\/wp\/v2\/product\/9512369"}],"collection":[{"href":"https:\/\/firmaostanski.pl\/de\/wp-json\/wp\/v2\/product"}],"about":[{"href":"https:\/\/firmaostanski.pl\/de\/wp-json\/wp\/v2\/types\/product"}],"replies":[{"embeddable":true,"href":"https:\/\/firmaostanski.pl\/de\/wp-json\/wp\/v2\/comments?post=9512369"}],"wp:featuredmedia":[{"embeddable":true,"href":"https:\/\/firmaostanski.pl\/de\/wp-json\/wp\/v2\/media\/9512370"}],"wp:attachment":[{"href":"https:\/\/firmaostanski.pl\/de\/wp-json\/wp\/v2\/media?parent=9512369"}],"wp:term":[{"taxonomy":"product_cat","embeddable":true,"href":"https:\/\/firmaostanski.pl\/de\/wp-json\/wp\/v2\/product_cat?post=9512369"},{"taxonomy":"product_tag","embeddable":true,"href":"https:\/\/firmaostanski.pl\/de\/wp-json\/wp\/v2\/product_tag?post=9512369"}],"curies":[{"name":"wp","href":"https:\/\/api.w.org\/{rel}","templated":true}]}}