{"id":9505801,"date":"2025-05-05T13:00:07","date_gmt":"2025-05-05T11:00:07","guid":{"rendered":"https:\/\/firmaostanski.pl\/produkt\/3g0940062f-vw-passat-b8-2015-halogen-przeciwmgielny-prawy-przedni-nowy-16228036419\/"},"modified":"2025-05-05T13:00:07","modified_gmt":"2025-05-05T11:00:07","slug":"3g0940062f-vw-passat-b8-2015-halogen-przeciwmgielny-prawy-przedni-nowy-16228036419","status":"publish","type":"product","link":"https:\/\/firmaostanski.pl\/de\/produkt\/3g0940062f-vw-passat-b8-2015-halogen-przeciwmgielny-prawy-przedni-nowy-16228036419\/","title":{"rendered":"3G0940062F VW PASSAT B8 2015- HALOGEN PRZECIWMGIELNY PRAWY PRZEDNI NOWY"},"content":{"rendered":"<div class=\"container\">\n<div class=\"row\" style=\"margin-bottom: 1em\">\n<div class=\"col-sm\">\n<p>Przedmiot: 3G0940062 H, L, E, F VW PASSAT B8 2015- HALOGEN PRZECIWMGIELNY PRAWY PRZEDNI POD \u017bAR\u00d3WK\u0118 H8 ( na \u017cyczenie mo\u017cemy dostarczy\u0107 te\u017c \u017car\u00f3wk\u0119 H8).<\/p>\n<p>Dodatkowe parametry:<\/p>\n<p>\u2022 &nbsp; &nbsp; &nbsp; Model auta: PASSAT B8<\/p>\n<p>\u2022 &nbsp; &nbsp; &nbsp; Marka: Volkswagen<\/p>\n<p>\u2022 &nbsp; &nbsp; &nbsp; Miejsce instalacji: Prz\u00f3d strona prawa<\/p>\n<p>\u2022 &nbsp; &nbsp; &nbsp; Rocznik modelowy: 2015 &#8211; 2019<\/p>\n<p>\u2022 &nbsp; &nbsp; &nbsp; Kod OEM: 3G0941062 H,L,E,F<\/p>\n<p>\u2022 Producent: Parts48 &#8211; Identyczny z Orygina\u0142em, jako\u015b\u0107 potwierdzona przez grono naszych zadowolonych klient\u00f3w. Najlepszym dowodem na to jest waga produktu identyczna z orygina\u0142em. Jako\u015b\u0107 dopracowana w 101% . Jako jedyni w Polsce posiadamy maski o tak wysokiej jako\u015bci.<\/p>\n<p>&#8212;&#8212;&#8212;&#8212;&#8212;&#8212;&#8212;&#8212;&#8212;&#8212;&#8212;&#8212;&#8212;&#8212;&#8212;&#8212;&#8212;&#8212;&#8212;&#8212;&#8212;&#8212;&#8212;&#8212;&#8212;&#8212;&#8212;&#8212;&#8212;&#8212;&#8212;&#8212;&#8212;-<\/p>\n<p>Zawsze sprawdzaj kod OEM a je\u015bli nie jeste\u015b pewien czy dana cz\u0119\u015b\u0107 pasuje do Twojego pojazdu wy\u015blij nam numer nadwozia VIN a My sprawdzimy to dla Ciebie.<\/p>\n<\/div>\n<\/div>\n<div class=\"row\" style=\"margin-bottom: 1em\">\n<div class=\"col-sm\">\n<figure class=\"wp-block-media-text__media\"><img decoding=\"async\" src=\"https:\/\/firmaostanski.pl\/wp-content\/uploads\/allegro\/2025\/5\/16228036419_d64e618c40829b8bf75327cbbe98.jpg\" alt=\"16228036419\" \/><\/figure>\n<\/div>\n<div class=\"col-sm\">\n<figure class=\"wp-block-media-text__media\"><img decoding=\"async\" src=\"https:\/\/firmaostanski.pl\/wp-content\/uploads\/allegro\/2025\/5\/16228036419_1bf8120b42ae84ee9b685225d84f.jpg\" alt=\"16228036419\" \/><\/figure>\n<\/div>\n<\/div>\n<div class=\"row\" style=\"margin-bottom: 1em\">\n<div class=\"col-sm\">\n<figure class=\"wp-block-media-text__media\"><img decoding=\"async\" src=\"https:\/\/firmaostanski.pl\/wp-content\/uploads\/allegro\/2025\/5\/16228036419_8b12da8940c4a0b6b57220756c1d.jpg\" alt=\"16228036419\" \/><\/figure>\n<\/div>\n<\/div>\n<\/div>","protected":false},"excerpt":{"rendered":"<p>Przedmiot: 3G0940062 H, L, E, F VW PASSAT B8 2015- HALOGEN PRZECIWMGIELNY PRAWY PRZEDNI POD \u017bAR\u00d3WK\u0118 H8 ( na \u017cyczenie mo\u017cemy dostarczy\u0107 te\u017c \u017car\u00f3wk\u0119 H8). Dodatkowe parametry: \u2022 &nbsp; &nbsp; &nbsp; Model auta: PASSAT B8 \u2022 &nbsp; &nbsp; &nbsp; Marka: Volkswagen \u2022 &nbsp; &nbsp; &nbsp; Miejsce instalacji: Prz\u00f3d strona prawa \u2022 &nbsp; &nbsp; &nbsp; Rocznik [&hellip;]<\/p>","protected":false},"featured_media":9505802,"comment_status":"open","ping_status":"closed","template":"","meta":{"_acf_changed":false,"inline_featured_image":false,"site-sidebar-layout":"default","site-content-layout":"","ast-site-content-layout":"","site-content-style":"default","site-sidebar-style":"default","ast-global-header-display":"","ast-banner-title-visibility":"","ast-main-header-display":"","ast-hfb-above-header-display":"","ast-hfb-below-header-display":"","ast-hfb-mobile-header-display":"","site-post-title":"","ast-breadcrumbs-content":"","ast-featured-img":"","footer-sml-layout":"","theme-transparent-header-meta":"","adv-header-id-meta":"","stick-header-meta":"","header-above-stick-meta":"","header-main-stick-meta":"","header-below-stick-meta":"","astra-migrate-meta-layouts":"default","ast-page-background-enabled":"default","ast-page-background-meta":{"desktop":{"background-color":"","background-image":"","background-repeat":"repeat","background-position":"center center","background-size":"auto","background-attachment":"scroll","background-type":"","background-media":"","overlay-type":"","overlay-color":"","overlay-opacity":"","overlay-gradient":""},"tablet":{"background-color":"","background-image":"","background-repeat":"repeat","background-position":"center center","background-size":"auto","background-attachment":"scroll","background-type":"","background-media":"","overlay-type":"","overlay-color":"","overlay-opacity":"","overlay-gradient":""},"mobile":{"background-color":"","background-image":"","background-repeat":"repeat","background-position":"center center","background-size":"auto","background-attachment":"scroll","background-type":"","background-media":"","overlay-type":"","overlay-color":"","overlay-opacity":"","overlay-gradient":""}},"ast-content-background-meta":{"desktop":{"background-color":"var(--ast-global-color-5)","background-image":"","background-repeat":"repeat","background-position":"center center","background-size":"auto","background-attachment":"scroll","background-type":"","background-media":"","overlay-type":"","overlay-color":"","overlay-opacity":"","overlay-gradient":""},"tablet":{"background-color":"var(--ast-global-color-5)","background-image":"","background-repeat":"repeat","background-position":"center center","background-size":"auto","background-attachment":"scroll","background-type":"","background-media":"","overlay-type":"","overlay-color":"","overlay-opacity":"","overlay-gradient":""},"mobile":{"background-color":"var(--ast-global-color-5)","background-image":"","background-repeat":"repeat","background-position":"center center","background-size":"auto","background-attachment":"scroll","background-type":"","background-media":"","overlay-type":"","overlay-color":"","overlay-opacity":"","overlay-gradient":""}}},"product_cat":[303,166,165,115],"product_tag":[],"acf":[],"_links":{"self":[{"href":"https:\/\/firmaostanski.pl\/de\/wp-json\/wp\/v2\/product\/9505801"}],"collection":[{"href":"https:\/\/firmaostanski.pl\/de\/wp-json\/wp\/v2\/product"}],"about":[{"href":"https:\/\/firmaostanski.pl\/de\/wp-json\/wp\/v2\/types\/product"}],"replies":[{"embeddable":true,"href":"https:\/\/firmaostanski.pl\/de\/wp-json\/wp\/v2\/comments?post=9505801"}],"wp:featuredmedia":[{"embeddable":true,"href":"https:\/\/firmaostanski.pl\/de\/wp-json\/wp\/v2\/media\/9505802"}],"wp:attachment":[{"href":"https:\/\/firmaostanski.pl\/de\/wp-json\/wp\/v2\/media?parent=9505801"}],"wp:term":[{"taxonomy":"product_cat","embeddable":true,"href":"https:\/\/firmaostanski.pl\/de\/wp-json\/wp\/v2\/product_cat?post=9505801"},{"taxonomy":"product_tag","embeddable":true,"href":"https:\/\/firmaostanski.pl\/de\/wp-json\/wp\/v2\/product_tag?post=9505801"}],"curies":[{"name":"wp","href":"https:\/\/api.w.org\/{rel}","templated":true}]}}