{"id":9503038,"date":"2025-05-05T10:34:11","date_gmt":"2025-05-05T08:34:11","guid":{"rendered":"https:\/\/firmaostanski.pl\/produkt\/8t0823021h-audi-a5-s5-lift-8t-2012-nowa-maska-pokrywa-jak-oryginal-silikon-16603085231\/"},"modified":"2025-06-06T13:11:24","modified_gmt":"2025-06-06T11:11:24","slug":"8t0823021h-audi-a5-s5-lift-8t-2012-nowa-maska-pokrywa-jak-oryginal-silikon-16603085231","status":"publish","type":"product","link":"https:\/\/firmaostanski.pl\/de\/produkt\/8t0823021h-audi-a5-s5-lift-8t-2012-nowa-maska-pokrywa-jak-oryginal-silikon-16603085231\/","title":{"rendered":"8T0823021H AUDI A5 S5 LIFT 8T 2012- NOWA MASKA POKRYWA JAK ORYGINA\u0141 SILIKON"},"content":{"rendered":"<div class=\"container\">\n<div class=\"row\" style=\"margin-bottom: 1em\">\n<div class=\"col-sm\">\n<p>Przedmiot: 8T0823029H AUDI A5 S5 B 8T 2012-2016&nbsp; NOWA MASKA POKRYWA JAK ORYGINA\u0141 SILIKONY<\/p>\n<p>Zus\u00e4tzliche Parameter<\/p>\n<p>Model auta: AUDI A5 S5 B8 8T<\/p>\n<p>Miejsce instalacji: Prz\u00f3d<\/p>\n<p>Stan: NOWY<\/p>\n<p>Producent: Parts48 &#8211; Identyczny z Orygina\u0142em, jako\u015b\u0107 potwierdzona przez grono naszych zadowolonych klient\u00f3w. Najlepszym dowodem na to jest waga produktu identyczna z orygina\u0142em &#8211; 15,10 Kg oraz identyczne silikony wewn\u0119trzne. Jako\u015b\u0107 dopracowana w 101% . Jako jedyni w Polsce posiadamy maski o tak wysokiej jako\u015bci.<\/p>\n<p>Wersja: COUPE, CABRIO, SPORTBACK<\/p>\n<p>Rok modelowy: 2012 &#8211; 2016<\/p>\n<p>Kompletny: TAK<\/p>\n<p>Uszkodzony: NIE<\/p>\n<p>Kod OEM: 8T0823029H<\/p>\n<p>Miejsce na magazynie: TUR\/1<\/p>\n<p>Pr\u00fcfen Sie immer den OEM-Code und wenn Sie nicht sicher sind, ob ein Teil zu Ihrem Fahrzeug passt, senden Sie uns die VIN und wir werden es f\u00fcr Sie pr\u00fcfen.<\/p>\n<p>Na \u017cyczenie towar dowozimy naszym transportem.<\/p>\n<p>WA\u017bNE!!!!!! : W trosce o dobro oraz finanse naszych klient\u00f3w, bardzo prosimy ZAWSZE ROZPAKOWYWA\u0106 i sprawdza\u0107 towar w obecno\u015bci Kuriera.<\/p>\n<p>W przeciwnym razie nikt nie b\u0119dzie w stanie uzna\u0107 wszelkich roszcze\u0144 odno\u015bnie uszkodze\u0144 w transporcie<\/p>\n<\/div>\n<\/div>\n<div class=\"row\" style=\"margin-bottom: 1em\">\n<div class=\"col-sm\">\n<figure class=\"wp-block-media-text__media\"><img decoding=\"async\" src=\"https:\/\/firmaostanski.pl\/wp-content\/uploads\/allegro\/2025\/6\/16603085231_70f42828459a87d1baeeb54fe93c.jpg\" alt=\"16603085231\" \/><\/figure>\n<\/div>\n<div class=\"col-sm\">\n<figure class=\"wp-block-media-text__media\"><img decoding=\"async\" src=\"https:\/\/firmaostanski.pl\/wp-content\/uploads\/allegro\/2025\/6\/16603085231_5cdddcb6435fa14c0f86cd8c7299.jpg\" alt=\"16603085231\" \/><\/figure>\n<\/div>\n<\/div>\n<div class=\"row\" style=\"margin-bottom: 1em\">\n<div class=\"col-sm\">\n<figure class=\"wp-block-media-text__media\"><img decoding=\"async\" src=\"https:\/\/firmaostanski.pl\/wp-content\/uploads\/allegro\/2025\/6\/16603085231_2c336aa34b1cbb2335d661ac357f.jpg\" alt=\"16603085231\" \/><\/figure>\n<\/div>\n<div class=\"col-sm\">\n<figure class=\"wp-block-media-text__media\"><img decoding=\"async\" src=\"https:\/\/firmaostanski.pl\/wp-content\/uploads\/allegro\/2025\/6\/16603085231_daa4103e467eaaa92182db57fa0b.jpg\" alt=\"16603085231\" \/><\/figure>\n<\/div>\n<\/div>\n<div class=\"row\" style=\"margin-bottom: 1em\">\n<div class=\"col-sm\">\n<figure class=\"wp-block-media-text__media\"><img decoding=\"async\" src=\"https:\/\/firmaostanski.pl\/wp-content\/uploads\/allegro\/2025\/6\/16603085231_ac10c409436895e956ff5d88caa0.jpg\" alt=\"16603085231\" \/><\/figure>\n<\/div>\n<div class=\"col-sm\">\n<figure class=\"wp-block-media-text__media\"><img decoding=\"async\" src=\"https:\/\/firmaostanski.pl\/wp-content\/uploads\/allegro\/2025\/6\/16603085231_8b83f58047f5b8ce483ba6f582d5.jpg\" alt=\"16603085231\" \/><\/figure>\n<\/div>\n<\/div>\n<div class=\"row\" style=\"margin-bottom: 1em\">\n<div class=\"col-sm\">\n<figure class=\"wp-block-media-text__media\"><img decoding=\"async\" src=\"https:\/\/firmaostanski.pl\/wp-content\/uploads\/allegro\/2025\/6\/16603085231_6d72a2cc4a3d8e7a7e3e1e2c0174.jpg\" alt=\"16603085231\" \/><\/figure>\n<\/div>\n<div class=\"col-sm\">\n<figure class=\"wp-block-media-text__media\"><img decoding=\"async\" src=\"https:\/\/firmaostanski.pl\/wp-content\/uploads\/allegro\/2025\/6\/16603085231_e5622b87400094333bdc1c245ec9.jpg\" alt=\"16603085231\" \/><\/figure>\n<\/div>\n<\/div>\n<div class=\"row\" style=\"margin-bottom: 1em\">\n<div class=\"col-sm\">\n<figure class=\"wp-block-media-text__media\"><img decoding=\"async\" src=\"https:\/\/firmaostanski.pl\/wp-content\/uploads\/allegro\/2025\/6\/16603085231_1f495d034babb76c70c7e34f9038.jpg\" alt=\"16603085231\" \/><\/figure>\n<\/div>\n<div class=\"col-sm\">\n<figure class=\"wp-block-media-text__media\"><img decoding=\"async\" src=\"https:\/\/firmaostanski.pl\/wp-content\/uploads\/allegro\/2025\/6\/16603085231_f490c80345409dff1d961f1fed13.jpg\" alt=\"16603085231\" \/><\/figure>\n<\/div>\n<\/div>\n<div class=\"row\" style=\"margin-bottom: 1em\">\n<div class=\"col-sm\">\n<figure class=\"wp-block-media-text__media\"><img decoding=\"async\" src=\"https:\/\/firmaostanski.pl\/wp-content\/uploads\/allegro\/2025\/6\/16603085231_88a9cb80431f97fe2612a0270343.jpg\" alt=\"16603085231\" \/><\/figure>\n<\/div>\n<div class=\"col-sm\">\n<figure class=\"wp-block-media-text__media\"><img decoding=\"async\" src=\"https:\/\/firmaostanski.pl\/wp-content\/uploads\/allegro\/2025\/6\/16603085231_e516c7bd436cadb1f7f130972b12.jpg\" alt=\"16603085231\" \/><\/figure>\n<\/div>\n<\/div>\n<\/div>","protected":false},"excerpt":{"rendered":"<p>Przedmiot: 8T0823029H AUDI A5 S5 B 8T 2012-2016&nbsp; NOWA MASKA POKRYWA JAK ORYGINA\u0141 SILIKONY Dodatkowe parametry Model auta: AUDI A5 S5 B8 8T Miejsce instalacji: Prz\u00f3d Stan: NOWY Producent: Parts48 &#8211; Identyczny z Orygina\u0142em, jako\u015b\u0107 potwierdzona przez grono naszych zadowolonych klient\u00f3w. Najlepszym dowodem na to jest waga produktu identyczna z orygina\u0142em &#8211; 15,10 Kg oraz [&hellip;]<\/p>","protected":false},"featured_media":9539931,"comment_status":"open","ping_status":"closed","template":"","meta":{"_acf_changed":false,"inline_featured_image":false,"site-sidebar-layout":"default","site-content-layout":"","ast-site-content-layout":"","site-content-style":"default","site-sidebar-style":"default","ast-global-header-display":"","ast-banner-title-visibility":"","ast-main-header-display":"","ast-hfb-above-header-display":"","ast-hfb-below-header-display":"","ast-hfb-mobile-header-display":"","site-post-title":"","ast-breadcrumbs-content":"","ast-featured-img":"","footer-sml-layout":"","theme-transparent-header-meta":"","adv-header-id-meta":"","stick-header-meta":"","header-above-stick-meta":"","header-main-stick-meta":"","header-below-stick-meta":"","astra-migrate-meta-layouts":"default","ast-page-background-enabled":"default","ast-page-background-meta":{"desktop":{"background-color":"","background-image":"","background-repeat":"repeat","background-position":"center center","background-size":"auto","background-attachment":"scroll","background-type":"","background-media":"","overlay-type":"","overlay-color":"","overlay-opacity":"","overlay-gradient":""},"tablet":{"background-color":"","background-image":"","background-repeat":"repeat","background-position":"center center","background-size":"auto","background-attachment":"scroll","background-type":"","background-media":"","overlay-type":"","overlay-color":"","overlay-opacity":"","overlay-gradient":""},"mobile":{"background-color":"","background-image":"","background-repeat":"repeat","background-position":"center center","background-size":"auto","background-attachment":"scroll","background-type":"","background-media":"","overlay-type":"","overlay-color":"","overlay-opacity":"","overlay-gradient":""}},"ast-content-background-meta":{"desktop":{"background-color":"var(--ast-global-color-5)","background-image":"","background-repeat":"repeat","background-position":"center center","background-size":"auto","background-attachment":"scroll","background-type":"","background-media":"","overlay-type":"","overlay-color":"","overlay-opacity":"","overlay-gradient":""},"tablet":{"background-color":"var(--ast-global-color-5)","background-image":"","background-repeat":"repeat","background-position":"center center","background-size":"auto","background-attachment":"scroll","background-type":"","background-media":"","overlay-type":"","overlay-color":"","overlay-opacity":"","overlay-gradient":""},"mobile":{"background-color":"var(--ast-global-color-5)","background-image":"","background-repeat":"repeat","background-position":"center center","background-size":"auto","background-attachment":"scroll","background-type":"","background-media":"","overlay-type":"","overlay-color":"","overlay-opacity":"","overlay-gradient":""}}},"product_cat":[193,139,115,147],"product_tag":[],"acf":[],"_links":{"self":[{"href":"https:\/\/firmaostanski.pl\/de\/wp-json\/wp\/v2\/product\/9503038"}],"collection":[{"href":"https:\/\/firmaostanski.pl\/de\/wp-json\/wp\/v2\/product"}],"about":[{"href":"https:\/\/firmaostanski.pl\/de\/wp-json\/wp\/v2\/types\/product"}],"replies":[{"embeddable":true,"href":"https:\/\/firmaostanski.pl\/de\/wp-json\/wp\/v2\/comments?post=9503038"}],"wp:featuredmedia":[{"embeddable":true,"href":"https:\/\/firmaostanski.pl\/de\/wp-json\/wp\/v2\/media\/9539931"}],"wp:attachment":[{"href":"https:\/\/firmaostanski.pl\/de\/wp-json\/wp\/v2\/media?parent=9503038"}],"wp:term":[{"taxonomy":"product_cat","embeddable":true,"href":"https:\/\/firmaostanski.pl\/de\/wp-json\/wp\/v2\/product_cat?post=9503038"},{"taxonomy":"product_tag","embeddable":true,"href":"https:\/\/firmaostanski.pl\/de\/wp-json\/wp\/v2\/product_tag?post=9503038"}],"curies":[{"name":"wp","href":"https:\/\/api.w.org\/{rel}","templated":true}]}}