{"id":9501876,"date":"2025-05-05T09:53:14","date_gmt":"2025-05-05T07:53:14","guid":{"rendered":"https:\/\/firmaostanski.pl\/produkt\/audi-q5-sq5-8r0-klapa-pokrywa-bagaznika-tylna-tyl-13171524918\/"},"modified":"2025-05-05T09:53:14","modified_gmt":"2025-05-05T07:53:14","slug":"audi-q5-sq5-8r0-klapa-pokrywa-bagaznika-tylna-tyl-13171524918","status":"publish","type":"product","link":"https:\/\/firmaostanski.pl\/de\/produkt\/audi-q5-sq5-8r0-klapa-pokrywa-bagaznika-tylna-tyl-13171524918\/","title":{"rendered":"AUDI Q5 SQ5 8R0 HECKKLAPPE HINTERER KOFFERRAUMDECKEL"},"content":{"rendered":"<div class=\"container\">\n<div class=\"row\" style=\"margin-bottom: 1em\">\n<div class=\"col-sm\">\n<figure class=\"wp-block-media-text__media\"><img decoding=\"async\" src=\"https:\/\/firmaostanski.pl\/wp-content\/uploads\/allegro\/2025\/5\/13171524918_be31d8ac43d7aac877782919253a.jpg\" alt=\"13171524918\" \/><\/figure>\n<\/div>\n<div class=\"col-sm\">\n<p><b>Przedmiot:<\/b><\/p>\n<p><b>TAILGATE<\/b><\/p>\n<p><b>Zus\u00e4tzliche Parameter<\/b><\/p>\n<p>\u2022&nbsp;&nbsp;&nbsp;&nbsp;&nbsp;&nbsp; Model auta: AUDI Q5 SQ5<\/p>\n<p>\u2022&nbsp;&nbsp;&nbsp;&nbsp;&nbsp;&nbsp; Miejsce instalacji: TY\u0141<\/p>\n<p>- Zustand: Gebraucht<\/p>\n<p>- Hersteller: OEM<\/p>\n<p>\u2022&nbsp;&nbsp;&nbsp;&nbsp;&nbsp;&nbsp; Wersja:&nbsp;Q5 SQ5<\/p>\n<p>\u2022&nbsp;&nbsp;&nbsp;&nbsp;&nbsp;&nbsp; Rok modelowy: 2008 &#8211; 2016<\/p>\n<p>- Vollst\u00e4ndig: JA<\/p>\n<p>- Besch\u00e4digt: NO<\/p>\n<p>\u2022&nbsp;&nbsp;&nbsp;&nbsp;&nbsp;&nbsp; Kod OEM: 8R0<\/p>\n<p>\u2022&nbsp;&nbsp;&nbsp;&nbsp;&nbsp;&nbsp; Miejsce na magazynie: &#8211;<\/p>\n<p>&#8212;&#8212;&#8212;&#8212;&#8212;&#8212;&#8212;&#8212;&#8212;&#8212;&#8212;&#8212;&#8212;&#8212;&#8212;&#8212;&#8212;&#8212;&#8212;&#8212;&#8212;&#8212;&#8212;&#8212;&#8212;&#8212;&#8212;&#8212;&#8212;&#8212;&#8212;-<\/p>\n<p>Zawsze sprawdzaj kod OEM a je\u015bli nie jeste\u015b pewien czy dana cz\u0119\u015b\u0107 pasuje do Twojego pojazdu wy\u015blij nam numer nadwozia VIN a My sprawdzimy to dla Ciebie.<\/p>\n<p>&#8212;&#8212;&#8212;&#8212;&#8212;&#8212;&#8212;&#8212;&#8212;&#8212;&#8212;&#8212;&#8212;&#8212;&#8212;&#8212;&#8212;&#8212;&#8212;&#8212;&#8212;&#8212;&#8212;&#8212;&#8212;&#8212;&#8212;&#8212;&#8212;&#8212;&#8212;-<\/p>\n<p>Je\u017celi produkt jest u\u017cywany, mo\u017ce nosi\u0107 drobne \u015blady u\u017cytkowania (drobne \u015blady, lekkie rysy), jednak nie przeszkadza to w u\u017cytkowaniu go zgodnie z przeznaczeniem. Je\u017celi jest uszkodzony jest to pokazane dok\u0142adnie na zdj\u0119ciu. Kupujesz towar dok\u0142adnie ze zdj\u0119cia. Wszystkie cz\u0119\u015bci karoseryjne s\u0105 ZAWSZE do lakierowania. Nie posiadamy kodu lakieru.<\/p>\n<\/div>\n<\/div>\n<div class=\"row\" style=\"margin-bottom: 1em\">\n<div class=\"col-sm\">\n<figure class=\"wp-block-media-text__media\"><img decoding=\"async\" src=\"https:\/\/firmaostanski.pl\/wp-content\/uploads\/allegro\/2025\/5\/13171524918_6f95a4424eaaaecbbe36447e7806.jpg\" alt=\"13171524918\" \/><\/figure>\n<\/div>\n<div class=\"col-sm\">\n<figure class=\"wp-block-media-text__media\"><img decoding=\"async\" src=\"https:\/\/firmaostanski.pl\/wp-content\/uploads\/allegro\/2025\/5\/13171524918_45ce3c484df9b1bb56e04a0cf993.jpg\" alt=\"13171524918\" \/><\/figure>\n<\/div>\n<\/div>\n<div class=\"row\" style=\"margin-bottom: 1em\">\n<div class=\"col-sm\">\n<figure class=\"wp-block-media-text__media\"><img decoding=\"async\" src=\"https:\/\/firmaostanski.pl\/wp-content\/uploads\/allegro\/2025\/5\/13171524918_9fee6af7400fa9a3d559f3933f04.jpg\" alt=\"13171524918\" \/><\/figure>\n<\/div>\n<div class=\"col-sm\">\n<figure class=\"wp-block-media-text__media\"><img decoding=\"async\" src=\"https:\/\/firmaostanski.pl\/wp-content\/uploads\/allegro\/2025\/5\/13171524918_23b8ff554b528f274cf78d28ffd6.jpg\" alt=\"13171524918\" \/><\/figure>\n<\/div>\n<\/div>\n<div class=\"row\" style=\"margin-bottom: 1em\">\n<div class=\"col-sm\">\n<figure class=\"wp-block-media-text__media\"><img decoding=\"async\" src=\"https:\/\/firmaostanski.pl\/wp-content\/uploads\/allegro\/2025\/5\/13171524918_60b0ea3e4dda9accacb2dd803442.jpg\" alt=\"13171524918\" \/><\/figure>\n<\/div>\n<\/div>\n<\/div>","protected":false},"excerpt":{"rendered":"<p>Przedmiot: KLAPA BAGA\u017bNIKA Dodatkowe parametry \u2022&nbsp;&nbsp;&nbsp;&nbsp;&nbsp;&nbsp; Model auta: AUDI Q5 SQ5 \u2022&nbsp;&nbsp;&nbsp;&nbsp;&nbsp;&nbsp; Miejsce instalacji: TY\u0141 \u2022&nbsp;&nbsp;&nbsp;&nbsp;&nbsp;&nbsp; Stan:&nbsp; U\u017cywany \u2022&nbsp;&nbsp;&nbsp;&nbsp;&nbsp;&nbsp; Producent: OEM \u2022&nbsp;&nbsp;&nbsp;&nbsp;&nbsp;&nbsp; Wersja:&nbsp;Q5 SQ5 \u2022&nbsp;&nbsp;&nbsp;&nbsp;&nbsp;&nbsp; Rok modelowy: 2008 &#8211; 2016 \u2022&nbsp;&nbsp;&nbsp;&nbsp;&nbsp;&nbsp; Kompletny: TAK \u2022&nbsp;&nbsp;&nbsp;&nbsp;&nbsp;&nbsp; Uszkodzony: NIE \u2022&nbsp;&nbsp;&nbsp;&nbsp;&nbsp;&nbsp; Kod OEM: 8R0 \u2022&nbsp;&nbsp;&nbsp;&nbsp;&nbsp;&nbsp; Miejsce na magazynie: &#8211; &#8212;&#8212;&#8212;&#8212;&#8212;&#8212;&#8212;&#8212;&#8212;&#8212;&#8212;&#8212;&#8212;&#8212;&#8212;&#8212;&#8212;&#8212;&#8212;&#8212;&#8212;&#8212;&#8212;&#8212;&#8212;&#8212;&#8212;&#8212;&#8212;&#8212;&#8212;- Zawsze sprawdzaj kod OEM a je\u015bli nie jeste\u015b pewien [&hellip;]<\/p>","protected":false},"featured_media":9501877,"comment_status":"open","ping_status":"closed","template":"","meta":{"_acf_changed":false,"inline_featured_image":false,"site-sidebar-layout":"default","site-content-layout":"","ast-site-content-layout":"","site-content-style":"default","site-sidebar-style":"default","ast-global-header-display":"","ast-banner-title-visibility":"","ast-main-header-display":"","ast-hfb-above-header-display":"","ast-hfb-below-header-display":"","ast-hfb-mobile-header-display":"","site-post-title":"","ast-breadcrumbs-content":"","ast-featured-img":"","footer-sml-layout":"","theme-transparent-header-meta":"","adv-header-id-meta":"","stick-header-meta":"","header-above-stick-meta":"","header-main-stick-meta":"","header-below-stick-meta":"","astra-migrate-meta-layouts":"default","ast-page-background-enabled":"default","ast-page-background-meta":{"desktop":{"background-color":"","background-image":"","background-repeat":"repeat","background-position":"center center","background-size":"auto","background-attachment":"scroll","background-type":"","background-media":"","overlay-type":"","overlay-color":"","overlay-opacity":"","overlay-gradient":""},"tablet":{"background-color":"","background-image":"","background-repeat":"repeat","background-position":"center center","background-size":"auto","background-attachment":"scroll","background-type":"","background-media":"","overlay-type":"","overlay-color":"","overlay-opacity":"","overlay-gradient":""},"mobile":{"background-color":"","background-image":"","background-repeat":"repeat","background-position":"center center","background-size":"auto","background-attachment":"scroll","background-type":"","background-media":"","overlay-type":"","overlay-color":"","overlay-opacity":"","overlay-gradient":""}},"ast-content-background-meta":{"desktop":{"background-color":"var(--ast-global-color-5)","background-image":"","background-repeat":"repeat","background-position":"center center","background-size":"auto","background-attachment":"scroll","background-type":"","background-media":"","overlay-type":"","overlay-color":"","overlay-opacity":"","overlay-gradient":""},"tablet":{"background-color":"var(--ast-global-color-5)","background-image":"","background-repeat":"repeat","background-position":"center center","background-size":"auto","background-attachment":"scroll","background-type":"","background-media":"","overlay-type":"","overlay-color":"","overlay-opacity":"","overlay-gradient":""},"mobile":{"background-color":"var(--ast-global-color-5)","background-image":"","background-repeat":"repeat","background-position":"center center","background-size":"auto","background-attachment":"scroll","background-type":"","background-media":"","overlay-type":"","overlay-color":"","overlay-opacity":"","overlay-gradient":""}}},"product_cat":[209,139,115,145],"product_tag":[],"acf":[],"_links":{"self":[{"href":"https:\/\/firmaostanski.pl\/de\/wp-json\/wp\/v2\/product\/9501876"}],"collection":[{"href":"https:\/\/firmaostanski.pl\/de\/wp-json\/wp\/v2\/product"}],"about":[{"href":"https:\/\/firmaostanski.pl\/de\/wp-json\/wp\/v2\/types\/product"}],"replies":[{"embeddable":true,"href":"https:\/\/firmaostanski.pl\/de\/wp-json\/wp\/v2\/comments?post=9501876"}],"wp:featuredmedia":[{"embeddable":true,"href":"https:\/\/firmaostanski.pl\/de\/wp-json\/wp\/v2\/media\/9501877"}],"wp:attachment":[{"href":"https:\/\/firmaostanski.pl\/de\/wp-json\/wp\/v2\/media?parent=9501876"}],"wp:term":[{"taxonomy":"product_cat","embeddable":true,"href":"https:\/\/firmaostanski.pl\/de\/wp-json\/wp\/v2\/product_cat?post=9501876"},{"taxonomy":"product_tag","embeddable":true,"href":"https:\/\/firmaostanski.pl\/de\/wp-json\/wp\/v2\/product_tag?post=9501876"}],"curies":[{"name":"wp","href":"https:\/\/api.w.org\/{rel}","templated":true}]}}