{"id":9499220,"date":"2025-05-05T08:30:57","date_gmt":"2025-05-05T06:30:57","guid":{"rendered":"https:\/\/firmaostanski.pl\/produkt\/felgi-stalowe-kola-zimowe-kumho-kw-740-175-70-13-82-t-16877478917\/"},"modified":"2025-05-24T10:11:47","modified_gmt":"2025-05-24T08:11:47","slug":"felgi-stalowe-kola-zimowe-kumho-kw-740-175-70-13-82-t-16877478917","status":"publish","type":"product","link":"https:\/\/firmaostanski.pl\/de\/produkt\/felgi-stalowe-kola-zimowe-kumho-kw-740-175-70-13-82-t-16877478917\/","title":{"rendered":"OPONY KO\u0141A ZIMOWE KUMHO KW 740 175\/70\/13 82 T"},"content":{"rendered":"<div class=\"container\">\n<div class=\"row\" style=\"margin-bottom: 1em\">\n<div class=\"col-sm\">\n<figure class=\"wp-block-media-text__media\"><img decoding=\"async\" src=\"https:\/\/firmaostanski.pl\/wp-content\/uploads\/allegro\/2025\/5\/16877478917_19bcee864ed388a35e625d51fb43.jpg\" alt=\"16877478917\" \/><\/figure>\n<\/div>\n<div class=\"col-sm\">\n<h1>Beschreibung des Produkts:<\/h1>\n<h1>OPONY ZIMOWE<\/h1>\n<p>Felgendurchmesser: <b>&#8211;<\/b><\/p>\n<p>Felgenbreite: <b>&#8211;<\/b><\/p>\n<p>ET-Einbettung:<b> &#8211;<\/b><\/p>\n<p>Abstand der Schrauben:<b> &#8211;<\/b><\/p>\n<p>Auto-Modell:&nbsp;<b>&#8211;<\/b><\/p>\n<p>Modelljahr: <b>&#8211;<\/b><\/p>\n<p>Numer katalogowy:-<\/p>\n<p>Opony: <b>KUMHO<\/b><\/p>\n<p><b>KW 740<\/b><\/p>\n<p><b>175\/70\/13<\/b><\/p>\n<p><b>82T<\/b><\/p>\n<p><b>2000<\/b><\/p>\n<p><b>2x 3 mm, 2x 5mm<\/b><\/p>\n<p><b>CENA DOTYCZY SAMYCH OPON<\/b><\/p>\n<\/div>\n<\/div>\n<div class=\"row\" style=\"margin-bottom: 1em\">\n<div class=\"col-sm\">\n<figure class=\"wp-block-media-text__media\"><img decoding=\"async\" src=\"https:\/\/firmaostanski.pl\/wp-content\/uploads\/allegro\/2025\/5\/16877478917_7123118b4645921a4327df845b5d.jpg\" alt=\"16877478917\" \/><\/figure>\n<\/div>\n<div class=\"col-sm\">\n<figure class=\"wp-block-media-text__media\"><img decoding=\"async\" src=\"https:\/\/firmaostanski.pl\/wp-content\/uploads\/allegro\/2025\/5\/16877478917_7007caa2462b81a37236e89100d0.jpg\" alt=\"16877478917\" \/><\/figure>\n<\/div>\n<\/div>\n<div class=\"row\" style=\"margin-bottom: 1em\">\n<div class=\"col-sm\">\n<figure class=\"wp-block-media-text__media\"><img decoding=\"async\" src=\"https:\/\/firmaostanski.pl\/wp-content\/uploads\/allegro\/2025\/5\/16877478917_d6640a57467e9030a34f5d044513.jpg\" alt=\"16877478917\" \/><\/figure>\n<\/div>\n<div class=\"col-sm\">\n<figure class=\"wp-block-media-text__media\"><img decoding=\"async\" src=\"https:\/\/firmaostanski.pl\/wp-content\/uploads\/allegro\/2025\/5\/16877478917_29be9bc445a5a0e0d51e94704a32.jpg\" alt=\"16877478917\" \/><\/figure>\n<\/div>\n<\/div>\n<div class=\"row\" style=\"margin-bottom: 1em\">\n<div class=\"col-sm\">\n<figure class=\"wp-block-media-text__media\"><img decoding=\"async\" src=\"https:\/\/firmaostanski.pl\/wp-content\/uploads\/allegro\/2025\/5\/16877478917_6d9585334701ad56b9f6f8c32d06.jpg\" alt=\"16877478917\" \/><\/figure>\n<\/div>\n<div class=\"col-sm\">\n<figure class=\"wp-block-media-text__media\"><img decoding=\"async\" src=\"https:\/\/firmaostanski.pl\/wp-content\/uploads\/allegro\/2025\/5\/16877478917_8cd30ecd426d973aa4e60d430a73.jpg\" alt=\"16877478917\" \/><\/figure>\n<\/div>\n<\/div>\n<div class=\"row\" style=\"margin-bottom: 1em\">\n<div class=\"col-sm\">\n<figure class=\"wp-block-media-text__media\"><img decoding=\"async\" src=\"https:\/\/firmaostanski.pl\/wp-content\/uploads\/allegro\/2025\/5\/16877478917_715928c84f4a9e71be1894225f79.jpg\" alt=\"16877478917\" \/><\/figure>\n<\/div>\n<div class=\"col-sm\">\n<figure class=\"wp-block-media-text__media\"><img decoding=\"async\" src=\"https:\/\/firmaostanski.pl\/wp-content\/uploads\/allegro\/2025\/5\/16877478917_065d7e494e8fb2d0702afc05a98c.jpg\" alt=\"16877478917\" \/><\/figure>\n<\/div>\n<\/div>\n<div class=\"row\" style=\"margin-bottom: 1em\">\n<div class=\"col-sm\">\n<figure class=\"wp-block-media-text__media\"><img decoding=\"async\" src=\"https:\/\/firmaostanski.pl\/wp-content\/uploads\/allegro\/2025\/5\/16877478917_8021849741be805cbff7c93369cd.jpg\" alt=\"16877478917\" \/><\/figure>\n<\/div>\n<\/div>\n<\/div>","protected":false},"excerpt":{"rendered":"<p>Opis produktu: OPONY ZIMOWE \u015arednica felgi: &#8211; Szeroko\u015b\u0107 felgi: &#8211; Osadzenie ET: &#8211; Rozstaw \u015brub: &#8211; Model auta:&nbsp;&#8211; Rocznik modelowy: &#8211; Numer katalogowy:- Opony: KUMHO KW 740 175\/70\/13 82T 2000 2x 3 mm, 2x 5mm CENA DOTYCZY SAMYCH OPON<\/p>","protected":false},"featured_media":9529924,"comment_status":"open","ping_status":"closed","template":"","meta":{"_acf_changed":false,"inline_featured_image":false,"site-sidebar-layout":"default","site-content-layout":"","ast-site-content-layout":"","site-content-style":"default","site-sidebar-style":"default","ast-global-header-display":"","ast-banner-title-visibility":"","ast-main-header-display":"","ast-hfb-above-header-display":"","ast-hfb-below-header-display":"","ast-hfb-mobile-header-display":"","site-post-title":"","ast-breadcrumbs-content":"","ast-featured-img":"","footer-sml-layout":"","theme-transparent-header-meta":"","adv-header-id-meta":"","stick-header-meta":"","header-above-stick-meta":"","header-main-stick-meta":"","header-below-stick-meta":"","astra-migrate-meta-layouts":"default","ast-page-background-enabled":"default","ast-page-background-meta":{"desktop":{"background-color":"","background-image":"","background-repeat":"repeat","background-position":"center center","background-size":"auto","background-attachment":"scroll","background-type":"","background-media":"","overlay-type":"","overlay-color":"","overlay-opacity":"","overlay-gradient":""},"tablet":{"background-color":"","background-image":"","background-repeat":"repeat","background-position":"center center","background-size":"auto","background-attachment":"scroll","background-type":"","background-media":"","overlay-type":"","overlay-color":"","overlay-opacity":"","overlay-gradient":""},"mobile":{"background-color":"","background-image":"","background-repeat":"repeat","background-position":"center center","background-size":"auto","background-attachment":"scroll","background-type":"","background-media":"","overlay-type":"","overlay-color":"","overlay-opacity":"","overlay-gradient":""}},"ast-content-background-meta":{"desktop":{"background-color":"var(--ast-global-color-5)","background-image":"","background-repeat":"repeat","background-position":"center center","background-size":"auto","background-attachment":"scroll","background-type":"","background-media":"","overlay-type":"","overlay-color":"","overlay-opacity":"","overlay-gradient":""},"tablet":{"background-color":"var(--ast-global-color-5)","background-image":"","background-repeat":"repeat","background-position":"center center","background-size":"auto","background-attachment":"scroll","background-type":"","background-media":"","overlay-type":"","overlay-color":"","overlay-opacity":"","overlay-gradient":""},"mobile":{"background-color":"var(--ast-global-color-5)","background-image":"","background-repeat":"repeat","background-position":"center center","background-size":"auto","background-attachment":"scroll","background-type":"","background-media":"","overlay-type":"","overlay-color":"","overlay-opacity":"","overlay-gradient":""}}},"product_cat":[164,163,162],"product_tag":[],"acf":[],"_links":{"self":[{"href":"https:\/\/firmaostanski.pl\/de\/wp-json\/wp\/v2\/product\/9499220"}],"collection":[{"href":"https:\/\/firmaostanski.pl\/de\/wp-json\/wp\/v2\/product"}],"about":[{"href":"https:\/\/firmaostanski.pl\/de\/wp-json\/wp\/v2\/types\/product"}],"replies":[{"embeddable":true,"href":"https:\/\/firmaostanski.pl\/de\/wp-json\/wp\/v2\/comments?post=9499220"}],"wp:featuredmedia":[{"embeddable":true,"href":"https:\/\/firmaostanski.pl\/de\/wp-json\/wp\/v2\/media\/9529924"}],"wp:attachment":[{"href":"https:\/\/firmaostanski.pl\/de\/wp-json\/wp\/v2\/media?parent=9499220"}],"wp:term":[{"taxonomy":"product_cat","embeddable":true,"href":"https:\/\/firmaostanski.pl\/de\/wp-json\/wp\/v2\/product_cat?post=9499220"},{"taxonomy":"product_tag","embeddable":true,"href":"https:\/\/firmaostanski.pl\/de\/wp-json\/wp\/v2\/product_tag?post=9499220"}],"curies":[{"name":"wp","href":"https:\/\/api.w.org\/{rel}","templated":true}]}}