{"id":9497947,"date":"2025-05-05T02:03:02","date_gmt":"2025-05-05T00:03:02","guid":{"rendered":"https:\/\/firmaostanski.pl\/produkt\/audi-a3-8v-s-line-13-17-kompletny-przod-maska-xeno-9649143799\/"},"modified":"2025-05-27T12:10:40","modified_gmt":"2025-05-27T10:10:40","slug":"audi-a3-8v-s-line-13-17-kompletny-przod-maska-xeno-9649143799","status":"publish","type":"product","link":"https:\/\/firmaostanski.pl\/de\/produkt\/audi-a3-8v-s-line-13-17-kompletny-przod-maska-xeno-9649143799\/","title":{"rendered":"AUDI A3 8V S-LINE 13-17 KOMPLETTE VORDERE MOTORHAUBE XENO"},"content":{"rendered":"<div class=\"container\">\n<div class=\"row\" style=\"margin-bottom: 1em\">\n<div class=\"col-sm\">\n<figure class=\"wp-block-media-text__media\"><img decoding=\"async\" src=\"https:\/\/firmaostanski.pl\/wp-content\/uploads\/allegro\/2025\/5\/9649143799_66e128fd492bb1fc5d79f36ec494.jpg\" alt=\"9649143799\" \/><\/figure>\n<\/div>\n<div class=\"col-sm\">\n<p>AUDI A3 8V&nbsp; &nbsp;2013-2017<\/p>\n<p>KOMPLETTE FRONT :<\/p>\n<p>-MASKA<\/p>\n<p>-ZDERZAK&nbsp; S-LINE KOMPLETNY Z OSPRZ\u0118TEM,&nbsp;(spryskiwacze, czujniki parkowania, kratki pod radar lub bez).<\/p>\n<p>-2 x LAMPY XENON LED BEZ OSPRZ\u0118TU<\/p>\n<p>&#8211; 2 x B\u0141OTNIKI<\/p>\n<p>-KOMPLETNY PAS PRZEDNI Z CH\u0141ODNICAMI I WENTYLATORAMI<\/p>\n<p>2.0 TDI ; 1.6 TDI ;<\/p>\n<p>1.2 TFSI ; 1.4 TSFI ; 2.0 TFSI<\/p>\n<\/div>\n<\/div>\n<div class=\"row\" style=\"margin-bottom: 1em\">\n<div class=\"col-sm\">\n<p>Alle Teile sind immer zum Bemalen. Fotos ansehen.<\/p>\n<p>Wir haben keine Teile in Farbe.<\/p>\n<p><b>Unser Unternehmen fertigt Frontends entsprechend der VIN-Nummer<\/b><\/p>\n<p>f\u00fcr ein bestimmtes Auto. Die Karosserieteile sind aus zweiter Hand, w\u00e4hrend Dinge wie Luftlenker, Griffe, Profile, Clips und Gummis neu bei der VW-Serviceabteilung bestellt werden.<\/p>\n<p>Vorlaufzeit&nbsp;<b>4 - 7 Tage.<\/b><\/p>\n<\/div>\n<div class=\"col-sm\">\n<figure class=\"wp-block-media-text__media\"><img decoding=\"async\" src=\"https:\/\/firmaostanski.pl\/wp-content\/uploads\/allegro\/2025\/5\/9649143799_368e9b8e4288a5bc28d66a1ca308.jpg\" alt=\"9649143799\" \/><\/figure>\n<\/div>\n<\/div>\n<div class=\"row\" style=\"margin-bottom: 1em\">\n<div class=\"col-sm\">\n<figure class=\"wp-block-media-text__media\"><img decoding=\"async\" src=\"https:\/\/firmaostanski.pl\/wp-content\/uploads\/allegro\/2025\/5\/9649143799_f49e8c6e462abfea214a562ac751.jpg\" alt=\"9649143799\" \/><\/figure>\n<\/div>\n<\/div>\n<div class=\"row\" style=\"margin-bottom: 1em\">\n<div class=\"col-sm\">\n<h2>VIELEN DANK UND VIEL SPASS BEIM EINKAUFEN!<\/h2>\n<h2>SIEHE UNSERE ANDEREN AUKTIONEN<\/h2>\n<\/div>\n<\/div>\n<div class=\"row\" style=\"margin-bottom: 1em\">\n<div class=\"col-sm\">\n<figure class=\"wp-block-media-text__media\"><img decoding=\"async\" src=\"https:\/\/firmaostanski.pl\/wp-content\/uploads\/allegro\/2025\/5\/9649143799_5e78033843b7af8ca35bbbec0a14.jpg\" alt=\"9649143799\" \/><\/figure>\n<\/div>\n<\/div>\n<\/div>","protected":false},"excerpt":{"rendered":"<p>AUDI A3 8V&nbsp; &nbsp;2013-2017 KOMPLETNY PRZ\u00d3D : -MASKA -ZDERZAK&nbsp; S-LINE KOMPLETNY Z OSPRZ\u0118TEM,&nbsp;(spryskiwacze, czujniki parkowania, kratki pod radar lub bez). -2 x LAMPY XENON LED BEZ OSPRZ\u0118TU &#8211; 2 x B\u0141OTNIKI -KOMPLETNY PAS PRZEDNI Z CH\u0141ODNICAMI I WENTYLATORAMI 2.0 TDI ; 1.6 TDI ; 1.2 TFSI ; 1.4 TSFI ; 2.0 TFSI Wszystkie cz\u0119\u015bci s\u0105 [&hellip;]<\/p>","protected":false},"featured_media":9538731,"comment_status":"open","ping_status":"closed","template":"","meta":{"_acf_changed":false,"inline_featured_image":false,"site-sidebar-layout":"default","site-content-layout":"","ast-site-content-layout":"","site-content-style":"default","site-sidebar-style":"default","ast-global-header-display":"","ast-banner-title-visibility":"","ast-main-header-display":"","ast-hfb-above-header-display":"","ast-hfb-below-header-display":"","ast-hfb-mobile-header-display":"","site-post-title":"","ast-breadcrumbs-content":"","ast-featured-img":"","footer-sml-layout":"","theme-transparent-header-meta":"","adv-header-id-meta":"","stick-header-meta":"","header-above-stick-meta":"","header-main-stick-meta":"","header-below-stick-meta":"","astra-migrate-meta-layouts":"default","ast-page-background-enabled":"default","ast-page-background-meta":{"desktop":{"background-color":"","background-image":"","background-repeat":"repeat","background-position":"center center","background-size":"auto","background-attachment":"scroll","background-type":"","background-media":"","overlay-type":"","overlay-color":"","overlay-opacity":"","overlay-gradient":""},"tablet":{"background-color":"","background-image":"","background-repeat":"repeat","background-position":"center center","background-size":"auto","background-attachment":"scroll","background-type":"","background-media":"","overlay-type":"","overlay-color":"","overlay-opacity":"","overlay-gradient":""},"mobile":{"background-color":"","background-image":"","background-repeat":"repeat","background-position":"center center","background-size":"auto","background-attachment":"scroll","background-type":"","background-media":"","overlay-type":"","overlay-color":"","overlay-opacity":"","overlay-gradient":""}},"ast-content-background-meta":{"desktop":{"background-color":"var(--ast-global-color-5)","background-image":"","background-repeat":"repeat","background-position":"center center","background-size":"auto","background-attachment":"scroll","background-type":"","background-media":"","overlay-type":"","overlay-color":"","overlay-opacity":"","overlay-gradient":""},"tablet":{"background-color":"var(--ast-global-color-5)","background-image":"","background-repeat":"repeat","background-position":"center center","background-size":"auto","background-attachment":"scroll","background-type":"","background-media":"","overlay-type":"","overlay-color":"","overlay-opacity":"","overlay-gradient":""},"mobile":{"background-color":"var(--ast-global-color-5)","background-image":"","background-repeat":"repeat","background-position":"center center","background-size":"auto","background-attachment":"scroll","background-type":"","background-media":"","overlay-type":"","overlay-color":"","overlay-opacity":"","overlay-gradient":""}}},"product_cat":[139,115,134],"product_tag":[],"acf":[],"_links":{"self":[{"href":"https:\/\/firmaostanski.pl\/de\/wp-json\/wp\/v2\/product\/9497947"}],"collection":[{"href":"https:\/\/firmaostanski.pl\/de\/wp-json\/wp\/v2\/product"}],"about":[{"href":"https:\/\/firmaostanski.pl\/de\/wp-json\/wp\/v2\/types\/product"}],"replies":[{"embeddable":true,"href":"https:\/\/firmaostanski.pl\/de\/wp-json\/wp\/v2\/comments?post=9497947"}],"wp:featuredmedia":[{"embeddable":true,"href":"https:\/\/firmaostanski.pl\/de\/wp-json\/wp\/v2\/media\/9538731"}],"wp:attachment":[{"href":"https:\/\/firmaostanski.pl\/de\/wp-json\/wp\/v2\/media?parent=9497947"}],"wp:term":[{"taxonomy":"product_cat","embeddable":true,"href":"https:\/\/firmaostanski.pl\/de\/wp-json\/wp\/v2\/product_cat?post=9497947"},{"taxonomy":"product_tag","embeddable":true,"href":"https:\/\/firmaostanski.pl\/de\/wp-json\/wp\/v2\/product_tag?post=9497947"}],"curies":[{"name":"wp","href":"https:\/\/api.w.org\/{rel}","templated":true}]}}