{"id":9497638,"date":"2025-05-05T01:13:02","date_gmt":"2025-05-04T23:13:02","guid":{"rendered":"https:\/\/firmaostanski.pl\/produkt\/mercedes-e-w211-3-0-cdi-przepustnica-a6420900270-13902761989\/"},"modified":"2025-05-27T00:12:30","modified_gmt":"2025-05-26T22:12:30","slug":"mercedes-e-w211-3-0-cdi-przepustnica-a6420900270-13902761989","status":"publish","type":"product","link":"https:\/\/firmaostanski.pl\/de\/produkt\/mercedes-e-w211-3-0-cdi-przepustnica-a6420900270-13902761989\/","title":{"rendered":"MERCEDES E W211 3.0 CDI DROSSELKLAPPE A6420900270"},"content":{"rendered":"<div class=\"container\">\n<div class=\"row\" style=\"margin-bottom: 1em\">\n<div class=\"col-sm\">\n<figure class=\"wp-block-media-text__media\"><img decoding=\"async\" src=\"https:\/\/firmaostanski.pl\/wp-content\/uploads\/allegro\/2025\/5\/13902761989_6cd114c94fa4ad3e230c712ae7bf.jpg\" alt=\"13902761989\" \/><\/figure>\n<\/div>\n<div class=\"col-sm\">\n<h1>PRZEPUSTNICA 3.0 CDI<\/h1>\n<p><b>Beschreibung des Produkts:<\/b><\/p>\n<p><b>original, gebraucht,<\/b><\/p>\n<p>Auto Modell<b>: MERCEDES E-KLASA W211<\/b><\/p>\n<p>Modelljahr<b>:<\/b>: <b>2002-2009<\/b><\/p>\n<p>Katalognummer:<b> A6420900270<\/b><\/p>\n<p>Seite:<\/p>\n<p>Stauraum:<b> A5 Z1<\/b><\/p>\n<p>Originalteil, gebraucht<\/p>\n<\/div>\n<\/div>\n<div class=\"row\" style=\"margin-bottom: 1em\">\n<div class=\"col-sm\">\n<figure class=\"wp-block-media-text__media\"><img decoding=\"async\" src=\"https:\/\/firmaostanski.pl\/wp-content\/uploads\/allegro\/2025\/5\/13902761989_85a8502b4cb9819f249f0c21d1b6.jpg\" alt=\"13902761989\" \/><\/figure>\n<\/div>\n<div class=\"col-sm\">\n<figure class=\"wp-block-media-text__media\"><img decoding=\"async\" src=\"https:\/\/firmaostanski.pl\/wp-content\/uploads\/allegro\/2025\/5\/13902761989_169f7d454853a3b085cef3efd124.jpg\" alt=\"13902761989\" \/><\/figure>\n<\/div>\n<\/div>\n<\/div>","protected":false},"excerpt":{"rendered":"<p>PRZEPUSTNICA 3.0 CDI Opis produktu: oryginalny, u\u017cywany, Model auta: MERCEDES E-KLASA W211 Rocznik modelowy:: 2002-2009 Numer katalogowy: A6420900270 Strona: Miejsce na magazynie: A5 Z1 Cz\u0119\u015b\u0107 oryginalna, u\u017cywana<\/p>","protected":false},"featured_media":9537352,"comment_status":"open","ping_status":"closed","template":"","meta":{"_acf_changed":false,"inline_featured_image":false,"site-sidebar-layout":"default","site-content-layout":"","ast-site-content-layout":"","site-content-style":"default","site-sidebar-style":"default","ast-global-header-display":"","ast-banner-title-visibility":"","ast-main-header-display":"","ast-hfb-above-header-display":"","ast-hfb-below-header-display":"","ast-hfb-mobile-header-display":"","site-post-title":"","ast-breadcrumbs-content":"","ast-featured-img":"","footer-sml-layout":"","theme-transparent-header-meta":"","adv-header-id-meta":"","stick-header-meta":"","header-above-stick-meta":"","header-main-stick-meta":"","header-below-stick-meta":"","astra-migrate-meta-layouts":"default","ast-page-background-enabled":"default","ast-page-background-meta":{"desktop":{"background-color":"","background-image":"","background-repeat":"repeat","background-position":"center center","background-size":"auto","background-attachment":"scroll","background-type":"","background-media":"","overlay-type":"","overlay-color":"","overlay-opacity":"","overlay-gradient":""},"tablet":{"background-color":"","background-image":"","background-repeat":"repeat","background-position":"center center","background-size":"auto","background-attachment":"scroll","background-type":"","background-media":"","overlay-type":"","overlay-color":"","overlay-opacity":"","overlay-gradient":""},"mobile":{"background-color":"","background-image":"","background-repeat":"repeat","background-position":"center center","background-size":"auto","background-attachment":"scroll","background-type":"","background-media":"","overlay-type":"","overlay-color":"","overlay-opacity":"","overlay-gradient":""}},"ast-content-background-meta":{"desktop":{"background-color":"var(--ast-global-color-5)","background-image":"","background-repeat":"repeat","background-position":"center center","background-size":"auto","background-attachment":"scroll","background-type":"","background-media":"","overlay-type":"","overlay-color":"","overlay-opacity":"","overlay-gradient":""},"tablet":{"background-color":"var(--ast-global-color-5)","background-image":"","background-repeat":"repeat","background-position":"center center","background-size":"auto","background-attachment":"scroll","background-type":"","background-media":"","overlay-type":"","overlay-color":"","overlay-opacity":"","overlay-gradient":""},"mobile":{"background-color":"var(--ast-global-color-5)","background-image":"","background-repeat":"repeat","background-position":"center center","background-size":"auto","background-attachment":"scroll","background-type":"","background-media":"","overlay-type":"","overlay-color":"","overlay-opacity":"","overlay-gradient":""}}},"product_cat":[270,168,115],"product_tag":[],"acf":[],"_links":{"self":[{"href":"https:\/\/firmaostanski.pl\/de\/wp-json\/wp\/v2\/product\/9497638"}],"collection":[{"href":"https:\/\/firmaostanski.pl\/de\/wp-json\/wp\/v2\/product"}],"about":[{"href":"https:\/\/firmaostanski.pl\/de\/wp-json\/wp\/v2\/types\/product"}],"replies":[{"embeddable":true,"href":"https:\/\/firmaostanski.pl\/de\/wp-json\/wp\/v2\/comments?post=9497638"}],"wp:featuredmedia":[{"embeddable":true,"href":"https:\/\/firmaostanski.pl\/de\/wp-json\/wp\/v2\/media\/9537352"}],"wp:attachment":[{"href":"https:\/\/firmaostanski.pl\/de\/wp-json\/wp\/v2\/media?parent=9497638"}],"wp:term":[{"taxonomy":"product_cat","embeddable":true,"href":"https:\/\/firmaostanski.pl\/de\/wp-json\/wp\/v2\/product_cat?post=9497638"},{"taxonomy":"product_tag","embeddable":true,"href":"https:\/\/firmaostanski.pl\/de\/wp-json\/wp\/v2\/product_tag?post=9497638"}],"curies":[{"name":"wp","href":"https:\/\/api.w.org\/{rel}","templated":true}]}}