{"id":9495940,"date":"2025-05-05T01:01:10","date_gmt":"2025-05-04T23:01:10","guid":{"rendered":"https:\/\/firmaostanski.pl\/produkt\/audi-a4-a5-q5-2-0-tdi-oslona-silnika-03l103925ab-12005534056\/"},"modified":"2025-05-26T16:19:58","modified_gmt":"2025-05-26T14:19:58","slug":"audi-a4-a5-q5-2-0-tdi-oslona-silnika-03l103925ab-12005534056","status":"publish","type":"product","link":"https:\/\/firmaostanski.pl\/de\/produkt\/audi-a4-a5-q5-2-0-tdi-oslona-silnika-03l103925ab-12005534056\/","title":{"rendered":"AUDI A4 A5 Q5 2.0 TDI MOTORABDECKUNG 03L103925AB"},"content":{"rendered":"<div class=\"container\">\n<div class=\"row\" style=\"margin-bottom: 1em\">\n<div class=\"col-sm\">\n<figure class=\"wp-block-media-text__media\"><img decoding=\"async\" src=\"https:\/\/firmaostanski.pl\/wp-content\/uploads\/allegro\/2025\/5\/12005534056_2df154af483395ecb5f00183ae15.jpg\" alt=\"12005534056\" \/><\/figure>\n<\/div>\n<div class=\"col-sm\">\n<h1>MOTORABDECKUNG<\/h1>\n<p><b>Beschreibung des Produkts:<\/b><\/p>\n<p><b>original, gebraucht, unbesch\u00e4digt<\/b><\/p>\n<p>Auto Modell<b>: AUDI A4 B8 A5 Q5<\/b><\/p>\n<p>Modelljahr:<\/p>\n<p>Katalognummer:<b>03L103925AB<\/b><\/p>\n<p>Seite:<\/p>\n<p>Originalteil, gebraucht<\/p>\n<\/div>\n<\/div>\n<div class=\"row\" style=\"margin-bottom: 1em\">\n<div class=\"col-sm\">\n<figure class=\"wp-block-media-text__media\"><img decoding=\"async\" src=\"https:\/\/firmaostanski.pl\/wp-content\/uploads\/allegro\/2025\/5\/12005534056_888926884b93b89c08af1cd9486b.jpg\" alt=\"12005534056\" \/><\/figure>\n<\/div>\n<div class=\"col-sm\">\n<figure class=\"wp-block-media-text__media\"><img decoding=\"async\" src=\"https:\/\/firmaostanski.pl\/wp-content\/uploads\/allegro\/2025\/5\/12005534056_1ca0aa134201b650222772ac2181.jpg\" alt=\"12005534056\" \/><\/figure>\n<\/div>\n<\/div>\n<\/div>","protected":false},"excerpt":{"rendered":"<p>OS\u0141ONA SILNIKA Opis produktu: oryginalny, u\u017cywany, nieuszkodzony Model auta: AUDI A4 B8 A5 Q5 Rocznik modelowy: Numer katalogowy:03L103925AB Strona: Cz\u0119\u015b\u0107 oryginalna, u\u017cywana<\/p>","protected":false},"featured_media":9531132,"comment_status":"open","ping_status":"closed","template":"","meta":{"_acf_changed":false,"inline_featured_image":false,"site-sidebar-layout":"default","site-content-layout":"","ast-site-content-layout":"","site-content-style":"default","site-sidebar-style":"default","ast-global-header-display":"","ast-banner-title-visibility":"","ast-main-header-display":"","ast-hfb-above-header-display":"","ast-hfb-below-header-display":"","ast-hfb-mobile-header-display":"","site-post-title":"","ast-breadcrumbs-content":"","ast-featured-img":"","footer-sml-layout":"","theme-transparent-header-meta":"","adv-header-id-meta":"","stick-header-meta":"","header-above-stick-meta":"","header-main-stick-meta":"","header-below-stick-meta":"","astra-migrate-meta-layouts":"default","ast-page-background-enabled":"default","ast-page-background-meta":{"desktop":{"background-color":"","background-image":"","background-repeat":"repeat","background-position":"center center","background-size":"auto","background-attachment":"scroll","background-type":"","background-media":"","overlay-type":"","overlay-color":"","overlay-opacity":"","overlay-gradient":""},"tablet":{"background-color":"","background-image":"","background-repeat":"repeat","background-position":"center center","background-size":"auto","background-attachment":"scroll","background-type":"","background-media":"","overlay-type":"","overlay-color":"","overlay-opacity":"","overlay-gradient":""},"mobile":{"background-color":"","background-image":"","background-repeat":"repeat","background-position":"center center","background-size":"auto","background-attachment":"scroll","background-type":"","background-media":"","overlay-type":"","overlay-color":"","overlay-opacity":"","overlay-gradient":""}},"ast-content-background-meta":{"desktop":{"background-color":"var(--ast-global-color-5)","background-image":"","background-repeat":"repeat","background-position":"center center","background-size":"auto","background-attachment":"scroll","background-type":"","background-media":"","overlay-type":"","overlay-color":"","overlay-opacity":"","overlay-gradient":""},"tablet":{"background-color":"var(--ast-global-color-5)","background-image":"","background-repeat":"repeat","background-position":"center center","background-size":"auto","background-attachment":"scroll","background-type":"","background-media":"","overlay-type":"","overlay-color":"","overlay-opacity":"","overlay-gradient":""},"mobile":{"background-color":"var(--ast-global-color-5)","background-image":"","background-repeat":"repeat","background-position":"center center","background-size":"auto","background-attachment":"scroll","background-type":"","background-media":"","overlay-type":"","overlay-color":"","overlay-opacity":"","overlay-gradient":""}}},"product_cat":[318,281,168,115],"product_tag":[],"acf":[],"_links":{"self":[{"href":"https:\/\/firmaostanski.pl\/de\/wp-json\/wp\/v2\/product\/9495940"}],"collection":[{"href":"https:\/\/firmaostanski.pl\/de\/wp-json\/wp\/v2\/product"}],"about":[{"href":"https:\/\/firmaostanski.pl\/de\/wp-json\/wp\/v2\/types\/product"}],"replies":[{"embeddable":true,"href":"https:\/\/firmaostanski.pl\/de\/wp-json\/wp\/v2\/comments?post=9495940"}],"wp:featuredmedia":[{"embeddable":true,"href":"https:\/\/firmaostanski.pl\/de\/wp-json\/wp\/v2\/media\/9531132"}],"wp:attachment":[{"href":"https:\/\/firmaostanski.pl\/de\/wp-json\/wp\/v2\/media?parent=9495940"}],"wp:term":[{"taxonomy":"product_cat","embeddable":true,"href":"https:\/\/firmaostanski.pl\/de\/wp-json\/wp\/v2\/product_cat?post=9495940"},{"taxonomy":"product_tag","embeddable":true,"href":"https:\/\/firmaostanski.pl\/de\/wp-json\/wp\/v2\/product_tag?post=9495940"}],"curies":[{"name":"wp","href":"https:\/\/api.w.org\/{rel}","templated":true}]}}