{"id":9493309,"date":"2025-05-05T00:43:55","date_gmt":"2025-05-04T22:43:55","guid":{"rendered":"https:\/\/firmaostanski.pl\/produkt\/4k0823029b-audi-a6-c8-4k-2018-2024-nowa-maska-aluminium-silikony-pokrywa-17311750336\/"},"modified":"2025-05-05T00:43:55","modified_gmt":"2025-05-04T22:43:55","slug":"4k0823029b-audi-a6-c8-4k-2018-2024-nowa-maska-aluminium-silikony-pokrywa-17311750336","status":"publish","type":"product","link":"https:\/\/firmaostanski.pl\/de\/produkt\/4k0823029b-audi-a6-c8-4k-2018-2024-nowa-maska-aluminium-silikony-pokrywa-17311750336\/","title":{"rendered":"4K0823029B AUDI A6 C8 4K 2018-2024 NOWA MASKA ALUMINIUM SILIKONY POKRYWA"},"content":{"rendered":"<div class=\"container\">\n<div class=\"row\" style=\"margin-bottom: 1em\">\n<div class=\"col-sm\">\n<h2>Przedmiot: 4K0823029B AUDI A6 C8 4K 2018-24 MASKA ALUMINIUM SILIKONY JAK ORYGINA\u0141<\/h2>\n<p>Zus\u00e4tzliche Parameter<\/p>\n<p>\u2022 Model auta:&nbsp; AUDI A6 4K C7<\/p>\n<p>\u2022 Miejsce instalacji: Prz\u00f3d<\/p>\n<p>\u2022 Stan: Nowy<\/p>\n<p>\u2022 Producent: Parts48 &#8211; Identyczny z Orygina\u0142em, jako\u015b\u0107 potwierdzona przez grono naszych zadowolonych klient\u00f3w. Najlepszym dowodem na to jest waga produktu identyczna z orygina\u0142em &#8211; 13,55 Kg oraz identyczne silikony wewn\u0119trzne. Jako\u015b\u0107 dopracowana w 101% . Jako jedyni w Polsce posiadamy maski o tak wysokiej jako\u015bci.<\/p>\n<p>\u2022 Wersja:<\/p>\n<p>\u2022 Rok modelowy: 2018 &#8211; 2024<\/p>\n<p>\u2022 Kompletny: TAK<\/p>\n<p>\u2022 Uszkodzony: NIE<\/p>\n<p>\u2022 Kod OEM:&nbsp; 4K0823029B<\/p>\n<p>\u2022 Miejsce na magazynie: TUR\/1<\/p>\n<p>&#8212;&#8212;&#8212;&#8212;&#8212;&#8212;&#8212;&#8212;&#8212;&#8212;&#8212;&#8212;&#8212;&#8212;&#8212;&#8212;&#8212;&#8212;&#8212;&#8212;&#8212;&#8212;&#8212;&#8212;&#8212;&#8212;&#8212;&#8212;&#8212;&#8212;&#8212;&#8211;<\/p>\n<p>Pr\u00fcfen Sie immer den OEM-Code und wenn Sie nicht sicher sind, ob ein Teil zu Ihrem Fahrzeug passt, senden Sie uns die VIN und wir werden es f\u00fcr Sie pr\u00fcfen.<\/p>\n<p>Na \u017cyczenie towar dowozimy naszym transportem.<\/p>\n<\/div>\n<\/div>\n<div class=\"row\" style=\"margin-bottom: 1em\">\n<div class=\"col-sm\">\n<figure class=\"wp-block-media-text__media\"><img decoding=\"async\" src=\"https:\/\/firmaostanski.pl\/wp-content\/uploads\/allegro\/2025\/5\/17311750336_4615a04240af902af5a4f73e7fb9.jpg\" alt=\"17311750336\" \/><\/figure>\n<\/div>\n<div class=\"col-sm\">\n<figure class=\"wp-block-media-text__media\"><img decoding=\"async\" src=\"https:\/\/firmaostanski.pl\/wp-content\/uploads\/allegro\/2025\/5\/17311750336_e7e7b09a497f81d1ea41bea6a330.jpg\" alt=\"17311750336\" \/><\/figure>\n<\/div>\n<\/div>\n<div class=\"row\" style=\"margin-bottom: 1em\">\n<div class=\"col-sm\">\n<figure class=\"wp-block-media-text__media\"><img decoding=\"async\" src=\"https:\/\/firmaostanski.pl\/wp-content\/uploads\/allegro\/2025\/5\/17311750336_67a6dc93428cbf0f95cf47ec0e80.jpg\" alt=\"17311750336\" \/><\/figure>\n<\/div>\n<div class=\"col-sm\">\n<figure class=\"wp-block-media-text__media\"><img decoding=\"async\" src=\"https:\/\/firmaostanski.pl\/wp-content\/uploads\/allegro\/2025\/5\/17311750336_94f765e447199b98a550593bb799.jpg\" alt=\"17311750336\" \/><\/figure>\n<\/div>\n<\/div>\n<div class=\"row\" style=\"margin-bottom: 1em\">\n<div class=\"col-sm\">\n<figure class=\"wp-block-media-text__media\"><img decoding=\"async\" src=\"https:\/\/firmaostanski.pl\/wp-content\/uploads\/allegro\/2025\/5\/17311750336_e6ec34514fd08b9f8b72e130f86c.jpg\" alt=\"17311750336\" \/><\/figure>\n<\/div>\n<div class=\"col-sm\">\n<figure class=\"wp-block-media-text__media\"><img decoding=\"async\" src=\"https:\/\/firmaostanski.pl\/wp-content\/uploads\/allegro\/2025\/5\/17311750336_5d7d1c9d4bbc963b8a7b4654d064.jpg\" alt=\"17311750336\" \/><\/figure>\n<\/div>\n<\/div>\n<div class=\"row\" style=\"margin-bottom: 1em\">\n<div class=\"col-sm\">\n<figure class=\"wp-block-media-text__media\"><img decoding=\"async\" src=\"https:\/\/firmaostanski.pl\/wp-content\/uploads\/allegro\/2025\/5\/17311750336_9b9d095b4808938423903befbecd.jpg\" alt=\"17311750336\" \/><\/figure>\n<\/div>\n<div class=\"col-sm\">\n<figure class=\"wp-block-media-text__media\"><img decoding=\"async\" src=\"https:\/\/firmaostanski.pl\/wp-content\/uploads\/allegro\/2025\/5\/17311750336_046ca73c4cbaa9d972d7ac29694c.jpg\" alt=\"17311750336\" \/><\/figure>\n<\/div>\n<\/div>\n<div class=\"row\" style=\"margin-bottom: 1em\">\n<div class=\"col-sm\">\n<figure class=\"wp-block-media-text__media\"><img decoding=\"async\" src=\"https:\/\/firmaostanski.pl\/wp-content\/uploads\/allegro\/2025\/5\/17311750336_13d2bb3f4d79aef9897c86b64239.jpg\" alt=\"17311750336\" \/><\/figure>\n<\/div>\n<div class=\"col-sm\">\n<figure class=\"wp-block-media-text__media\"><img decoding=\"async\" src=\"https:\/\/firmaostanski.pl\/wp-content\/uploads\/allegro\/2025\/5\/17311750336_3aa139ab4181a94adde3f271fd3e.jpg\" alt=\"17311750336\" \/><\/figure>\n<\/div>\n<\/div>\n<div class=\"row\" style=\"margin-bottom: 1em\">\n<div class=\"col-sm\">\n<figure class=\"wp-block-media-text__media\"><img decoding=\"async\" src=\"https:\/\/firmaostanski.pl\/wp-content\/uploads\/allegro\/2025\/5\/17311750336_b6d9e3054bf7866f861b7d1a7556.jpg\" alt=\"17311750336\" \/><\/figure>\n<\/div>\n<div class=\"col-sm\">\n<figure class=\"wp-block-media-text__media\"><img decoding=\"async\" src=\"https:\/\/firmaostanski.pl\/wp-content\/uploads\/allegro\/2025\/5\/17311750336_4615a04240af902af5a4f73e7fb9.jpg\" alt=\"17311750336\" \/><\/figure>\n<\/div>\n<\/div>\n<\/div>","protected":false},"excerpt":{"rendered":"<p>Przedmiot: 4K0823029B AUDI A6 C8 4K 2018-24 MASKA ALUMINIUM SILIKONY JAK ORYGINA\u0141 Dodatkowe parametry \u2022 Model auta:&nbsp; AUDI A6 4K C7 \u2022 Miejsce instalacji: Prz\u00f3d \u2022 Stan: Nowy \u2022 Producent: Parts48 &#8211; Identyczny z Orygina\u0142em, jako\u015b\u0107 potwierdzona przez grono naszych zadowolonych klient\u00f3w. Najlepszym dowodem na to jest waga produktu identyczna z orygina\u0142em &#8211; 13,55 Kg [&hellip;]<\/p>","protected":false},"featured_media":9493310,"comment_status":"open","ping_status":"closed","template":"","meta":{"_acf_changed":false,"inline_featured_image":false,"site-sidebar-layout":"default","site-content-layout":"","ast-site-content-layout":"","site-content-style":"default","site-sidebar-style":"default","ast-global-header-display":"","ast-banner-title-visibility":"","ast-main-header-display":"","ast-hfb-above-header-display":"","ast-hfb-below-header-display":"","ast-hfb-mobile-header-display":"","site-post-title":"","ast-breadcrumbs-content":"","ast-featured-img":"","footer-sml-layout":"","theme-transparent-header-meta":"","adv-header-id-meta":"","stick-header-meta":"","header-above-stick-meta":"","header-main-stick-meta":"","header-below-stick-meta":"","astra-migrate-meta-layouts":"default","ast-page-background-enabled":"default","ast-page-background-meta":{"desktop":{"background-color":"","background-image":"","background-repeat":"repeat","background-position":"center center","background-size":"auto","background-attachment":"scroll","background-type":"","background-media":"","overlay-type":"","overlay-color":"","overlay-opacity":"","overlay-gradient":""},"tablet":{"background-color":"","background-image":"","background-repeat":"repeat","background-position":"center center","background-size":"auto","background-attachment":"scroll","background-type":"","background-media":"","overlay-type":"","overlay-color":"","overlay-opacity":"","overlay-gradient":""},"mobile":{"background-color":"","background-image":"","background-repeat":"repeat","background-position":"center center","background-size":"auto","background-attachment":"scroll","background-type":"","background-media":"","overlay-type":"","overlay-color":"","overlay-opacity":"","overlay-gradient":""}},"ast-content-background-meta":{"desktop":{"background-color":"var(--ast-global-color-5)","background-image":"","background-repeat":"repeat","background-position":"center center","background-size":"auto","background-attachment":"scroll","background-type":"","background-media":"","overlay-type":"","overlay-color":"","overlay-opacity":"","overlay-gradient":""},"tablet":{"background-color":"var(--ast-global-color-5)","background-image":"","background-repeat":"repeat","background-position":"center center","background-size":"auto","background-attachment":"scroll","background-type":"","background-media":"","overlay-type":"","overlay-color":"","overlay-opacity":"","overlay-gradient":""},"mobile":{"background-color":"var(--ast-global-color-5)","background-image":"","background-repeat":"repeat","background-position":"center center","background-size":"auto","background-attachment":"scroll","background-type":"","background-media":"","overlay-type":"","overlay-color":"","overlay-opacity":"","overlay-gradient":""}}},"product_cat":[193,139,115,147],"product_tag":[],"acf":[],"_links":{"self":[{"href":"https:\/\/firmaostanski.pl\/de\/wp-json\/wp\/v2\/product\/9493309"}],"collection":[{"href":"https:\/\/firmaostanski.pl\/de\/wp-json\/wp\/v2\/product"}],"about":[{"href":"https:\/\/firmaostanski.pl\/de\/wp-json\/wp\/v2\/types\/product"}],"replies":[{"embeddable":true,"href":"https:\/\/firmaostanski.pl\/de\/wp-json\/wp\/v2\/comments?post=9493309"}],"wp:featuredmedia":[{"embeddable":true,"href":"https:\/\/firmaostanski.pl\/de\/wp-json\/wp\/v2\/media\/9493310"}],"wp:attachment":[{"href":"https:\/\/firmaostanski.pl\/de\/wp-json\/wp\/v2\/media?parent=9493309"}],"wp:term":[{"taxonomy":"product_cat","embeddable":true,"href":"https:\/\/firmaostanski.pl\/de\/wp-json\/wp\/v2\/product_cat?post=9493309"},{"taxonomy":"product_tag","embeddable":true,"href":"https:\/\/firmaostanski.pl\/de\/wp-json\/wp\/v2\/product_tag?post=9493309"}],"curies":[{"name":"wp","href":"https:\/\/api.w.org\/{rel}","templated":true}]}}