{"id":9492254,"date":"2025-05-05T00:36:48","date_gmt":"2025-05-04T22:36:48","guid":{"rendered":"https:\/\/firmaostanski.pl\/produkt\/658941016f-skoda-kamiq-2019-lampa-prawa-przednia-prawy-przod-full-led-17279860498\/"},"modified":"2025-05-05T00:36:48","modified_gmt":"2025-05-04T22:36:48","slug":"658941016f-skoda-kamiq-2019-lampa-prawa-przednia-prawy-przod-full-led-17279860498","status":"publish","type":"product","link":"https:\/\/firmaostanski.pl\/de\/produkt\/658941016f-skoda-kamiq-2019-lampa-prawa-przednia-prawy-przod-full-led-17279860498\/","title":{"rendered":"658941016F SKODA KAMIQ 2019- LAMPA PRAWA PRZEDNIA PRAWY PRZ\u00d3D FULL LED"},"content":{"rendered":"<div class=\"container\">\n<div class=\"row\" style=\"margin-bottom: 1em\">\n<div class=\"col-sm\">\n<h2>Przedmiot:&nbsp;SKODA KAMIQ 2019- LAMPA PRAWA PRZEDNIA FULL LED 658941016F<\/h2>\n<h2>Dodatkowe parametry:<\/h2>\n<p>\u2022 &nbsp; &nbsp; &nbsp; Model auta:&nbsp;Kamiq<\/p>\n<p>\u2022 &nbsp; &nbsp; &nbsp; Marka:&nbsp;Skoda<\/p>\n<p>\u2022 &nbsp; &nbsp; &nbsp; Miejsce instalacji:&nbsp;Prz\u00f3d strona prawa<\/p>\n<p>\u2022&nbsp; &nbsp; &nbsp; &nbsp;Rocznik modelowy:&nbsp;2019 &#8211; <\/p>\n<p>\u2022 &nbsp; &nbsp; &nbsp; Kod OEM:&nbsp;658941016F<\/p>\n<p>&#8212;&#8212;&#8212;&#8212;&#8212;&#8212;&#8212;&#8212;&#8212;&#8212;&#8212;&#8212;&#8212;&#8212;&#8212;&#8212;&#8212;&#8212;&#8212;&#8212;&#8212;&#8212;&#8212;&#8212;&#8212;&#8212;&#8212;&#8212;&#8212;&#8212;&#8212;&#8212;&#8212;-<\/p>\n<p>Pr\u00fcfen Sie immer den OEM-Code und wenn Sie nicht sicher sind, ob ein Teil zu Ihrem Fahrzeug passt, senden Sie uns die VIN und wir werden es f\u00fcr Sie pr\u00fcfen.<\/p>\n<p>&#8212;&#8212;&#8212;&#8212;&#8212;&#8212;&#8212;&#8212;&#8212;&#8212;&#8212;&#8212;&#8212;&#8212;&#8212;&#8212;&#8212;&#8212;&#8212;&#8212;&#8212;&#8212;&#8212;&#8212;&#8212;&#8212;&#8212;&#8212;&#8212;&#8212;&#8212;&#8212;&#8212;&#8212;<\/p>\n<p>Wenn das Produkt gebraucht ist, kann es leichte Gebrauchsspuren aufweisen (kleine Flecken, leichte Kratzer), was aber nicht bedeutet, dass es nicht wie vorgesehen verwendet werden kann. Wenn es besch\u00e4digt ist, ist dies auf dem Foto zu sehen. Sie kaufen genau wie abgebildet. Alle Karosserieteile sind IMMER zu lackieren. Wir haben keinen Farbcode<\/p>\n<\/div>\n<\/div>\n<div class=\"row\" style=\"margin-bottom: 1em\">\n<div class=\"col-sm\">\n<figure class=\"wp-block-media-text__media\"><img decoding=\"async\" src=\"https:\/\/firmaostanski.pl\/wp-content\/uploads\/allegro\/2025\/5\/17279860498_309c0e26416d901c7c2d046cea28.jpg\" alt=\"17279860498\" \/><\/figure>\n<\/div>\n<div class=\"col-sm\">\n<figure class=\"wp-block-media-text__media\"><img decoding=\"async\" src=\"https:\/\/firmaostanski.pl\/wp-content\/uploads\/allegro\/2025\/5\/17279860498_5bfd90df48ccb4bdb32ffa0d5fe8.jpg\" alt=\"17279860498\" \/><\/figure>\n<\/div>\n<\/div>\n<div class=\"row\" style=\"margin-bottom: 1em\">\n<div class=\"col-sm\">\n<figure class=\"wp-block-media-text__media\"><img decoding=\"async\" src=\"https:\/\/firmaostanski.pl\/wp-content\/uploads\/allegro\/2025\/5\/17279860498_c0cefef147828c13b58c78e5f703.jpg\" alt=\"17279860498\" \/><\/figure>\n<\/div>\n<div class=\"col-sm\">\n<figure class=\"wp-block-media-text__media\"><img decoding=\"async\" src=\"https:\/\/firmaostanski.pl\/wp-content\/uploads\/allegro\/2025\/5\/17279860498_528422fd4776b971a23d6c2e06c3.jpg\" alt=\"17279860498\" \/><\/figure>\n<\/div>\n<\/div>\n<div class=\"row\" style=\"margin-bottom: 1em\">\n<div class=\"col-sm\">\n<figure class=\"wp-block-media-text__media\"><img decoding=\"async\" src=\"https:\/\/firmaostanski.pl\/wp-content\/uploads\/allegro\/2025\/5\/17279860498_fcba4f634971bb0d40b942d0da8a.jpg\" alt=\"17279860498\" \/><\/figure>\n<\/div>\n<div class=\"col-sm\">\n<figure class=\"wp-block-media-text__media\"><img decoding=\"async\" src=\"https:\/\/firmaostanski.pl\/wp-content\/uploads\/allegro\/2025\/5\/17279860498_fd01d4ea4518afa3032dd0b15568.jpg\" alt=\"17279860498\" \/><\/figure>\n<\/div>\n<\/div>\n<div class=\"row\" style=\"margin-bottom: 1em\">\n<div class=\"col-sm\">\n<figure class=\"wp-block-media-text__media\"><img decoding=\"async\" src=\"https:\/\/firmaostanski.pl\/wp-content\/uploads\/allegro\/2025\/5\/17279860498_06861d8d4dd6929590bfcc32a8b2.jpg\" alt=\"17279860498\" \/><\/figure>\n<\/div>\n<div class=\"col-sm\">\n<figure class=\"wp-block-media-text__media\"><img decoding=\"async\" src=\"https:\/\/firmaostanski.pl\/wp-content\/uploads\/allegro\/2025\/5\/17279860498_0823c806478dba7928323b9128a1.jpg\" alt=\"17279860498\" \/><\/figure>\n<\/div>\n<\/div>\n<div class=\"row\" style=\"margin-bottom: 1em\">\n<div class=\"col-sm\">\n<figure class=\"wp-block-media-text__media\"><img decoding=\"async\" src=\"https:\/\/firmaostanski.pl\/wp-content\/uploads\/allegro\/2025\/5\/17279860498_56d5255049bdb814c74960554987.jpg\" alt=\"17279860498\" \/><\/figure>\n<\/div>\n<\/div>\n<\/div>","protected":false},"excerpt":{"rendered":"<p>Przedmiot:&nbsp;SKODA KAMIQ 2019- LAMPA PRAWA PRZEDNIA FULL LED 658941016F Dodatkowe parametry: \u2022 &nbsp; &nbsp; &nbsp; Model auta:&nbsp;Kamiq \u2022 &nbsp; &nbsp; &nbsp; Marka:&nbsp;Skoda \u2022 &nbsp; &nbsp; &nbsp; Miejsce instalacji:&nbsp;Prz\u00f3d strona prawa \u2022&nbsp; &nbsp; &nbsp; &nbsp;Rocznik modelowy:&nbsp;2019 &#8211; \u2022 &nbsp; &nbsp; &nbsp; Kod OEM:&nbsp;658941016F &#8212;&#8212;&#8212;&#8212;&#8212;&#8212;&#8212;&#8212;&#8212;&#8212;&#8212;&#8212;&#8212;&#8212;&#8212;&#8212;&#8212;&#8212;&#8212;&#8212;&#8212;&#8212;&#8212;&#8212;&#8212;&#8212;&#8212;&#8212;&#8212;&#8212;&#8212;&#8212;&#8212;- Zawsze sprawdzaj kod OEM a je\u015bli nie jeste\u015b pewien czy dana cz\u0119\u015b\u0107 [&hellip;]<\/p>","protected":false},"featured_media":9492255,"comment_status":"open","ping_status":"closed","template":"","meta":{"_acf_changed":false,"inline_featured_image":false,"site-sidebar-layout":"default","site-content-layout":"","ast-site-content-layout":"","site-content-style":"default","site-sidebar-style":"default","ast-global-header-display":"","ast-banner-title-visibility":"","ast-main-header-display":"","ast-hfb-above-header-display":"","ast-hfb-below-header-display":"","ast-hfb-mobile-header-display":"","site-post-title":"","ast-breadcrumbs-content":"","ast-featured-img":"","footer-sml-layout":"","theme-transparent-header-meta":"","adv-header-id-meta":"","stick-header-meta":"","header-above-stick-meta":"","header-main-stick-meta":"","header-below-stick-meta":"","astra-migrate-meta-layouts":"default","ast-page-background-enabled":"default","ast-page-background-meta":{"desktop":{"background-color":"","background-image":"","background-repeat":"repeat","background-position":"center center","background-size":"auto","background-attachment":"scroll","background-type":"","background-media":"","overlay-type":"","overlay-color":"","overlay-opacity":"","overlay-gradient":""},"tablet":{"background-color":"","background-image":"","background-repeat":"repeat","background-position":"center center","background-size":"auto","background-attachment":"scroll","background-type":"","background-media":"","overlay-type":"","overlay-color":"","overlay-opacity":"","overlay-gradient":""},"mobile":{"background-color":"","background-image":"","background-repeat":"repeat","background-position":"center center","background-size":"auto","background-attachment":"scroll","background-type":"","background-media":"","overlay-type":"","overlay-color":"","overlay-opacity":"","overlay-gradient":""}},"ast-content-background-meta":{"desktop":{"background-color":"var(--ast-global-color-5)","background-image":"","background-repeat":"repeat","background-position":"center center","background-size":"auto","background-attachment":"scroll","background-type":"","background-media":"","overlay-type":"","overlay-color":"","overlay-opacity":"","overlay-gradient":""},"tablet":{"background-color":"var(--ast-global-color-5)","background-image":"","background-repeat":"repeat","background-position":"center center","background-size":"auto","background-attachment":"scroll","background-type":"","background-media":"","overlay-type":"","overlay-color":"","overlay-opacity":"","overlay-gradient":""},"mobile":{"background-color":"var(--ast-global-color-5)","background-image":"","background-repeat":"repeat","background-position":"center center","background-size":"auto","background-attachment":"scroll","background-type":"","background-media":"","overlay-type":"","overlay-color":"","overlay-opacity":"","overlay-gradient":""}}},"product_cat":[167,166,165,115],"product_tag":[],"acf":[],"_links":{"self":[{"href":"https:\/\/firmaostanski.pl\/de\/wp-json\/wp\/v2\/product\/9492254"}],"collection":[{"href":"https:\/\/firmaostanski.pl\/de\/wp-json\/wp\/v2\/product"}],"about":[{"href":"https:\/\/firmaostanski.pl\/de\/wp-json\/wp\/v2\/types\/product"}],"replies":[{"embeddable":true,"href":"https:\/\/firmaostanski.pl\/de\/wp-json\/wp\/v2\/comments?post=9492254"}],"wp:featuredmedia":[{"embeddable":true,"href":"https:\/\/firmaostanski.pl\/de\/wp-json\/wp\/v2\/media\/9492255"}],"wp:attachment":[{"href":"https:\/\/firmaostanski.pl\/de\/wp-json\/wp\/v2\/media?parent=9492254"}],"wp:term":[{"taxonomy":"product_cat","embeddable":true,"href":"https:\/\/firmaostanski.pl\/de\/wp-json\/wp\/v2\/product_cat?post=9492254"},{"taxonomy":"product_tag","embeddable":true,"href":"https:\/\/firmaostanski.pl\/de\/wp-json\/wp\/v2\/product_tag?post=9492254"}],"curies":[{"name":"wp","href":"https:\/\/api.w.org\/{rel}","templated":true}]}}