{"id":9490380,"date":"2025-05-05T00:24:36","date_gmt":"2025-05-04T22:24:36","guid":{"rendered":"https:\/\/firmaostanski.pl\/produkt\/audi-tt-8s-15-s-line-kompletny-przod-maska-blotnik-lampa-full-led-15013989289\/"},"modified":"2025-05-27T02:12:54","modified_gmt":"2025-05-27T00:12:54","slug":"audi-tt-8s-15-s-line-kompletny-przod-maska-blotnik-lampa-full-led-15013989289","status":"publish","type":"product","link":"https:\/\/firmaostanski.pl\/de\/produkt\/audi-tt-8s-15-s-line-kompletny-przod-maska-blotnik-lampa-full-led-15013989289\/","title":{"rendered":"AUDI TT 8S 15- S-LINE KOMPLETNY PRZ\u00d3D MASKA B\u0141OTNIK LAMPA FULL LED"},"content":{"rendered":"<div class=\"container\">\n<div class=\"row\" style=\"margin-bottom: 1em\">\n<div class=\"col-sm\">\n<figure class=\"wp-block-media-text__media\"><img decoding=\"async\" src=\"https:\/\/firmaostanski.pl\/wp-content\/uploads\/allegro\/2025\/5\/15013989289_e098dcdc4f6ab458a68c8d61471e.jpg\" alt=\"15013989289\" \/><\/figure>\n<\/div>\n<div class=\"col-sm\">\n<p><b>AUDI TT 8S 2014 &#8211; 2018 r. S-LINE<\/b><\/p>\n<p>KOMPLETNY PRZ\u00d3D:<\/p>\n<ul>\n<li>&#8211; MASKA<\/li>\n<li>&#8211; ZDERZAK KOMPLETNY&nbsp;Z OSPRZ\u0118TEM<\/li>\n<\/ul>\n<p>( spryskiwacze, czujniki parkowania, kratki, atrapa )<\/p>\n<p>dost\u0119pne s\u0105&nbsp;<b>ALLE ARTEN VON STOSSSTANGEN<\/b><\/p>\n<ul>\n<li>&#8211; LAMPY FULL LED ( BEZ OSPRZ\u0118TU)<\/li>\n<li>&#8211; 2 B\u0141OTNIKI<\/li>\n<li>&#8211; KOMPLETNY PAS PRZEDNI Z CH\u0141ODNICAMI I WENTYLATORAMI<\/li>\n<\/ul>\n<p>(benzyna lub diesel)<\/p>\n<p>SKRZYNIA MANUALNA&nbsp;LUB AUTOMATYCZNA<\/p>\n<\/div>\n<\/div>\n<div class=\"row\" style=\"margin-bottom: 1em\">\n<div class=\"col-sm\">\n<p>Alle Teile sind immer zum Bemalen. Fotos ansehen.<\/p>\n<p>Wir haben keine Teile in Farbe.<\/p>\n<p><b>Unser Unternehmen fertigt Frontends entsprechend der VIN-Nummer<\/b><\/p>\n<p>f\u00fcr ein bestimmtes Auto. Die Karosserieteile sind aus zweiter Hand, w\u00e4hrend Dinge wie Luftlenker, Griffe, Profile, Clips und Gummis neu bei der VW-Serviceabteilung bestellt werden.<\/p>\n<p>Vorlaufzeit&nbsp;<b>4 - 7 Tage.<\/b><\/p>\n<\/div>\n<div class=\"col-sm\">\n<figure class=\"wp-block-media-text__media\"><img decoding=\"async\" src=\"https:\/\/firmaostanski.pl\/wp-content\/uploads\/allegro\/2025\/5\/15013989289_9b016a6c4401a674830925d227cc.jpg\" alt=\"15013989289\" \/><\/figure>\n<\/div>\n<\/div>\n<div class=\"row\" style=\"margin-bottom: 1em\">\n<div class=\"col-sm\">\n<figure class=\"wp-block-media-text__media\"><img decoding=\"async\" src=\"https:\/\/firmaostanski.pl\/wp-content\/uploads\/allegro\/2025\/5\/15013989289_214e8bcb433b89a3fc9f68501b1c.jpg\" alt=\"15013989289\" \/><\/figure>\n<\/div>\n<\/div>\n<div class=\"row\" style=\"margin-bottom: 1em\">\n<div class=\"col-sm\">\n<h2>VIELEN DANK UND VIEL SPASS BEIM EINKAUFEN!<\/h2>\n<h2>SIEHE UNSERE ANDEREN AUKTIONEN<\/h2>\n<\/div>\n<\/div>\n<\/div>","protected":false},"excerpt":{"rendered":"<p>AUDI TT 8S 2014 &#8211; 2018 r. S-LINE KOMPLETNY PRZ\u00d3D: &#8211; MASKA &#8211; ZDERZAK KOMPLETNY&nbsp;Z OSPRZ\u0118TEM ( spryskiwacze, czujniki parkowania, kratki, atrapa ) dost\u0119pne s\u0105&nbsp;WSZYSTKIE RODZAJE ZDERZAK\u00d3W &#8211; LAMPY FULL LED ( BEZ OSPRZ\u0118TU) &#8211; 2 B\u0141OTNIKI &#8211; KOMPLETNY PAS PRZEDNI Z CH\u0141ODNICAMI I WENTYLATORAMI (benzyna lub diesel) SKRZYNIA MANUALNA&nbsp;LUB AUTOMATYCZNA Wszystkie cz\u0119\u015bci s\u0105 zawsze [&hellip;]<\/p>","protected":false},"featured_media":9537562,"comment_status":"open","ping_status":"closed","template":"","meta":{"_acf_changed":false,"inline_featured_image":false,"site-sidebar-layout":"default","site-content-layout":"","ast-site-content-layout":"","site-content-style":"default","site-sidebar-style":"default","ast-global-header-display":"","ast-banner-title-visibility":"","ast-main-header-display":"","ast-hfb-above-header-display":"","ast-hfb-below-header-display":"","ast-hfb-mobile-header-display":"","site-post-title":"","ast-breadcrumbs-content":"","ast-featured-img":"","footer-sml-layout":"","theme-transparent-header-meta":"","adv-header-id-meta":"","stick-header-meta":"","header-above-stick-meta":"","header-main-stick-meta":"","header-below-stick-meta":"","astra-migrate-meta-layouts":"default","ast-page-background-enabled":"default","ast-page-background-meta":{"desktop":{"background-color":"","background-image":"","background-repeat":"repeat","background-position":"center center","background-size":"auto","background-attachment":"scroll","background-type":"","background-media":"","overlay-type":"","overlay-color":"","overlay-opacity":"","overlay-gradient":""},"tablet":{"background-color":"","background-image":"","background-repeat":"repeat","background-position":"center center","background-size":"auto","background-attachment":"scroll","background-type":"","background-media":"","overlay-type":"","overlay-color":"","overlay-opacity":"","overlay-gradient":""},"mobile":{"background-color":"","background-image":"","background-repeat":"repeat","background-position":"center center","background-size":"auto","background-attachment":"scroll","background-type":"","background-media":"","overlay-type":"","overlay-color":"","overlay-opacity":"","overlay-gradient":""}},"ast-content-background-meta":{"desktop":{"background-color":"var(--ast-global-color-5)","background-image":"","background-repeat":"repeat","background-position":"center center","background-size":"auto","background-attachment":"scroll","background-type":"","background-media":"","overlay-type":"","overlay-color":"","overlay-opacity":"","overlay-gradient":""},"tablet":{"background-color":"var(--ast-global-color-5)","background-image":"","background-repeat":"repeat","background-position":"center center","background-size":"auto","background-attachment":"scroll","background-type":"","background-media":"","overlay-type":"","overlay-color":"","overlay-opacity":"","overlay-gradient":""},"mobile":{"background-color":"var(--ast-global-color-5)","background-image":"","background-repeat":"repeat","background-position":"center center","background-size":"auto","background-attachment":"scroll","background-type":"","background-media":"","overlay-type":"","overlay-color":"","overlay-opacity":"","overlay-gradient":""}}},"product_cat":[139,115,134],"product_tag":[],"acf":[],"_links":{"self":[{"href":"https:\/\/firmaostanski.pl\/de\/wp-json\/wp\/v2\/product\/9490380"}],"collection":[{"href":"https:\/\/firmaostanski.pl\/de\/wp-json\/wp\/v2\/product"}],"about":[{"href":"https:\/\/firmaostanski.pl\/de\/wp-json\/wp\/v2\/types\/product"}],"replies":[{"embeddable":true,"href":"https:\/\/firmaostanski.pl\/de\/wp-json\/wp\/v2\/comments?post=9490380"}],"wp:featuredmedia":[{"embeddable":true,"href":"https:\/\/firmaostanski.pl\/de\/wp-json\/wp\/v2\/media\/9537562"}],"wp:attachment":[{"href":"https:\/\/firmaostanski.pl\/de\/wp-json\/wp\/v2\/media?parent=9490380"}],"wp:term":[{"taxonomy":"product_cat","embeddable":true,"href":"https:\/\/firmaostanski.pl\/de\/wp-json\/wp\/v2\/product_cat?post=9490380"},{"taxonomy":"product_tag","embeddable":true,"href":"https:\/\/firmaostanski.pl\/de\/wp-json\/wp\/v2\/product_tag?post=9490380"}],"curies":[{"name":"wp","href":"https:\/\/api.w.org\/{rel}","templated":true}]}}