{"id":9489687,"date":"2025-05-05T00:18:33","date_gmt":"2025-05-04T22:18:33","guid":{"rendered":"https:\/\/firmaostanski.pl\/produkt\/vw-golf-7-octavia-leon-3-wahacz-lewy-tylny-9762290550\/"},"modified":"2025-05-05T00:18:33","modified_gmt":"2025-05-04T22:18:33","slug":"vw-golf-7-octavia-leon-3-wahacz-lewy-tylny-9762290550","status":"publish","type":"product","link":"https:\/\/firmaostanski.pl\/de\/produkt\/vw-golf-7-octavia-leon-3-wahacz-lewy-tylny-9762290550\/","title":{"rendered":"VW GOLF 7 OCTAVIA LEON 3 ARM HINTEN LINKS"},"content":{"rendered":"<div class=\"container\">\n<div class=\"row\" style=\"margin-bottom: 1em\">\n<div class=\"col-sm\">\n<figure class=\"wp-block-media-text__media\"><img decoding=\"async\" src=\"https:\/\/firmaostanski.pl\/wp-content\/uploads\/allegro\/2025\/5\/9762290550_eeff15624cffa74d04a32b563aaa.jpg\" alt=\"9762290550\" \/><\/figure>\n<\/div>\n<div class=\"col-sm\">\n<h1>REAR WAILER<\/h1>\n<h1>Beschreibung des Produkts:<\/h1>\n<p><b>original, gebraucht, unbesch\u00e4digt<\/b><\/p>\n<p>Auto-Modell: <b>&nbsp;SKODA OCTAVIA III, VW GOLF VII, SEAT LEON III<\/b><\/p>\n<p>Motor:<\/p>\n<p>Modelljahr: <b>2012<\/b> &#8211;<\/p>\n<p>Katalognummer: <b>5Q0505351<\/b><\/p>\n<p>Seite: <b>LINKS<\/b><\/p>\n<p>Stauraum: <b>A5<\/b><\/p>\n<p>Originalteil, gebraucht,<\/p>\n<\/div>\n<\/div>\n<div class=\"row\" style=\"margin-bottom: 1em\">\n<div class=\"col-sm\">\n<figure class=\"wp-block-media-text__media\"><img decoding=\"async\" src=\"https:\/\/firmaostanski.pl\/wp-content\/uploads\/allegro\/2025\/5\/9762290550_41ff74e14ae7b7dceaa3f426afe5.jpg\" alt=\"9762290550\" \/><\/figure>\n<\/div>\n<div class=\"col-sm\">\n<figure class=\"wp-block-media-text__media\"><img decoding=\"async\" src=\"https:\/\/firmaostanski.pl\/wp-content\/uploads\/allegro\/2025\/5\/9762290550_f3400755447388ff4a8aedd45e3a.jpg\" alt=\"9762290550\" \/><\/figure>\n<\/div>\n<\/div>\n<\/div>","protected":false},"excerpt":{"rendered":"<p>WAHACZ TYLNY Opis produktu: oryginalny, u\u017cywany, nieuszkodzony Model auta: &nbsp;SKODA OCTAVIA III, VW GOLF VII, SEAT LEON III Silnik: Rocznik modelowy: 2012 &#8211; Numer katalogowy: 5Q0505351 Strona: LEWA Miejsce na magazynie: A5 Cz\u0119\u015b\u0107 oryginalna, u\u017cywana,<\/p>","protected":false},"featured_media":9489688,"comment_status":"open","ping_status":"closed","template":"","meta":{"_acf_changed":false,"inline_featured_image":false,"site-sidebar-layout":"default","site-content-layout":"","ast-site-content-layout":"","site-content-style":"default","site-sidebar-style":"default","ast-global-header-display":"","ast-banner-title-visibility":"","ast-main-header-display":"","ast-hfb-above-header-display":"","ast-hfb-below-header-display":"","ast-hfb-mobile-header-display":"","site-post-title":"","ast-breadcrumbs-content":"","ast-featured-img":"","footer-sml-layout":"","theme-transparent-header-meta":"","adv-header-id-meta":"","stick-header-meta":"","header-above-stick-meta":"","header-main-stick-meta":"","header-below-stick-meta":"","astra-migrate-meta-layouts":"default","ast-page-background-enabled":"default","ast-page-background-meta":{"desktop":{"background-color":"","background-image":"","background-repeat":"repeat","background-position":"center center","background-size":"auto","background-attachment":"scroll","background-type":"","background-media":"","overlay-type":"","overlay-color":"","overlay-opacity":"","overlay-gradient":""},"tablet":{"background-color":"","background-image":"","background-repeat":"repeat","background-position":"center center","background-size":"auto","background-attachment":"scroll","background-type":"","background-media":"","overlay-type":"","overlay-color":"","overlay-opacity":"","overlay-gradient":""},"mobile":{"background-color":"","background-image":"","background-repeat":"repeat","background-position":"center center","background-size":"auto","background-attachment":"scroll","background-type":"","background-media":"","overlay-type":"","overlay-color":"","overlay-opacity":"","overlay-gradient":""}},"ast-content-background-meta":{"desktop":{"background-color":"var(--ast-global-color-5)","background-image":"","background-repeat":"repeat","background-position":"center center","background-size":"auto","background-attachment":"scroll","background-type":"","background-media":"","overlay-type":"","overlay-color":"","overlay-opacity":"","overlay-gradient":""},"tablet":{"background-color":"var(--ast-global-color-5)","background-image":"","background-repeat":"repeat","background-position":"center center","background-size":"auto","background-attachment":"scroll","background-type":"","background-media":"","overlay-type":"","overlay-color":"","overlay-opacity":"","overlay-gradient":""},"mobile":{"background-color":"var(--ast-global-color-5)","background-image":"","background-repeat":"repeat","background-position":"center center","background-size":"auto","background-attachment":"scroll","background-type":"","background-media":"","overlay-type":"","overlay-color":"","overlay-opacity":"","overlay-gradient":""}}},"product_cat":[225,278,277,115],"product_tag":[],"acf":[],"_links":{"self":[{"href":"https:\/\/firmaostanski.pl\/de\/wp-json\/wp\/v2\/product\/9489687"}],"collection":[{"href":"https:\/\/firmaostanski.pl\/de\/wp-json\/wp\/v2\/product"}],"about":[{"href":"https:\/\/firmaostanski.pl\/de\/wp-json\/wp\/v2\/types\/product"}],"replies":[{"embeddable":true,"href":"https:\/\/firmaostanski.pl\/de\/wp-json\/wp\/v2\/comments?post=9489687"}],"wp:featuredmedia":[{"embeddable":true,"href":"https:\/\/firmaostanski.pl\/de\/wp-json\/wp\/v2\/media\/9489688"}],"wp:attachment":[{"href":"https:\/\/firmaostanski.pl\/de\/wp-json\/wp\/v2\/media?parent=9489687"}],"wp:term":[{"taxonomy":"product_cat","embeddable":true,"href":"https:\/\/firmaostanski.pl\/de\/wp-json\/wp\/v2\/product_cat?post=9489687"},{"taxonomy":"product_tag","embeddable":true,"href":"https:\/\/firmaostanski.pl\/de\/wp-json\/wp\/v2\/product_tag?post=9489687"}],"curies":[{"name":"wp","href":"https:\/\/api.w.org\/{rel}","templated":true}]}}