{"id":9488759,"date":"2025-05-05T00:09:49","date_gmt":"2025-05-04T22:09:49","guid":{"rendered":"https:\/\/firmaostanski.pl\/produkt\/audi-q5-lift-s-line-12-15-kompletny-przod-zderzak-9636261116\/"},"modified":"2025-05-27T15:13:19","modified_gmt":"2025-05-27T13:13:19","slug":"audi-q5-lift-s-line-12-15-kompletny-przod-zderzak-9636261116","status":"publish","type":"product","link":"https:\/\/firmaostanski.pl\/de\/produkt\/audi-q5-lift-s-line-12-15-kompletny-przod-zderzak-9636261116\/","title":{"rendered":"AUDI Q5 LIFT S-LINE 12-15 KOMPLETTE STOSSSTANGE VORNE"},"content":{"rendered":"<div class=\"container\">\n<div class=\"row\" style=\"margin-bottom: 1em\">\n<div class=\"col-sm\">\n<figure class=\"wp-block-media-text__media\"><img decoding=\"async\" src=\"https:\/\/firmaostanski.pl\/wp-content\/uploads\/allegro\/2025\/5\/9636261116_07b55bcc47bcafd674609cf50620.jpg\" alt=\"9636261116\" \/><\/figure>\n<\/div>\n<div class=\"col-sm\">\n<p><b>AUDI Q5 LIFT S-LINE 2012 - 2015.<\/b><\/p>\n<p>KOMPLETTE FRONT :<\/p>\n<ul>\n<li>MASKE<\/li>\n<li>STOSSSTANGE KOMPLETT MIT ZUBEH\u00d6R<\/li>\n<\/ul>\n<p>(PARKING SPRINKLER SENSORS PARKING BOARDS WITH OR WITH WITHOUT RADAR) sind verf\u00fcgbar&nbsp;<b>ALLE ARTEN VON STOSSSTANGEN<\/b><\/p>\n<ul>\n<li>XENON-LAMPEN KOMPLETT<\/li>\n<li>2 MUDGUARD<\/li>\n<li>KOMPLETTES FRONTBAND MIT K\u00dcHLERN UND VENTILATOREN<\/li>\n<\/ul>\n<p>2.0 TDI 2.0 TSFI, SCHALT- ODER AUTOMATIKGETRIEBE,<\/p>\n<\/div>\n<\/div>\n<div class=\"row\" style=\"margin-bottom: 1em\">\n<div class=\"col-sm\">\n<p>Alle Teile sind immer zum Bemalen. Fotos ansehen.<\/p>\n<p>Wir haben keine Teile in Farbe.<\/p>\n<p><b>Unser Unternehmen fertigt Frontends entsprechend der VIN-Nummer<\/b><\/p>\n<p>f\u00fcr ein bestimmtes Auto. Die Karosserieteile sind aus zweiter Hand, w\u00e4hrend Dinge wie Luftlenker, Griffe, Profile, Clips und Gummis neu bei der VW-Serviceabteilung bestellt werden.<\/p>\n<p>Vorlaufzeit&nbsp;<b>4 - 7 Tage.<\/b><\/p>\n<\/div>\n<div class=\"col-sm\">\n<figure class=\"wp-block-media-text__media\"><img decoding=\"async\" src=\"https:\/\/firmaostanski.pl\/wp-content\/uploads\/allegro\/2025\/5\/9636261116_f5d09fd8434ab7b9b96bdbb21df5.jpg\" alt=\"9636261116\" \/><\/figure>\n<\/div>\n<\/div>\n<div class=\"row\" style=\"margin-bottom: 1em\">\n<div class=\"col-sm\">\n<figure class=\"wp-block-media-text__media\"><img decoding=\"async\" src=\"https:\/\/firmaostanski.pl\/wp-content\/uploads\/allegro\/2025\/5\/9636261116_a621fffa40beaf805ecca12b2fc4.jpg\" alt=\"9636261116\" \/><\/figure>\n<\/div>\n<\/div>\n<div class=\"row\" style=\"margin-bottom: 1em\">\n<div class=\"col-sm\">\n<h2>VIELEN DANK UND VIEL SPASS BEIM EINKAUFEN!<\/h2>\n<h2>SIEHE UNSERE ANDEREN AUKTIONEN<\/h2>\n<\/div>\n<\/div>\n<\/div>","protected":false},"excerpt":{"rendered":"<p>AUDI Q5&nbsp; LIFT S-LINE 2012 &#8211; 2015 r. KOMPLETNY&nbsp;PRZ\u00d3D : MASKA ZDERZAK KOMPLETNY Z OSPRZ\u0118TEM (SPRYSKIWACZE CZUJNIKI PARKOWANIA KRATKI POD RADAR LUB BEZ) dost\u0119pne s\u0105&nbsp;WSZYSTKIE RODZAJE ZDERZAK\u00d3W LAMPY XENON KOMPLETNE 2 B\u0141OTNIK KOMPLETNY PAS PRZEDNI Z CH\u0141ODNICAMI&nbsp; I WENTYLATORAMI 2,0 TDI&nbsp; 2,0 TSFI, SKRZYNIA MANUALNA LUB AUTOMATYCZNA, Wszystkie cz\u0119\u015bci s\u0105 zawsze do lakierowania.&nbsp;Zdj\u0119cia pogl\u0105dowe. Nie [&hellip;]<\/p>","protected":false},"featured_media":9538867,"comment_status":"open","ping_status":"closed","template":"","meta":{"_acf_changed":false,"inline_featured_image":false,"site-sidebar-layout":"default","site-content-layout":"","ast-site-content-layout":"","site-content-style":"default","site-sidebar-style":"default","ast-global-header-display":"","ast-banner-title-visibility":"","ast-main-header-display":"","ast-hfb-above-header-display":"","ast-hfb-below-header-display":"","ast-hfb-mobile-header-display":"","site-post-title":"","ast-breadcrumbs-content":"","ast-featured-img":"","footer-sml-layout":"","theme-transparent-header-meta":"","adv-header-id-meta":"","stick-header-meta":"","header-above-stick-meta":"","header-main-stick-meta":"","header-below-stick-meta":"","astra-migrate-meta-layouts":"default","ast-page-background-enabled":"default","ast-page-background-meta":{"desktop":{"background-color":"","background-image":"","background-repeat":"repeat","background-position":"center center","background-size":"auto","background-attachment":"scroll","background-type":"","background-media":"","overlay-type":"","overlay-color":"","overlay-opacity":"","overlay-gradient":""},"tablet":{"background-color":"","background-image":"","background-repeat":"repeat","background-position":"center center","background-size":"auto","background-attachment":"scroll","background-type":"","background-media":"","overlay-type":"","overlay-color":"","overlay-opacity":"","overlay-gradient":""},"mobile":{"background-color":"","background-image":"","background-repeat":"repeat","background-position":"center center","background-size":"auto","background-attachment":"scroll","background-type":"","background-media":"","overlay-type":"","overlay-color":"","overlay-opacity":"","overlay-gradient":""}},"ast-content-background-meta":{"desktop":{"background-color":"var(--ast-global-color-5)","background-image":"","background-repeat":"repeat","background-position":"center center","background-size":"auto","background-attachment":"scroll","background-type":"","background-media":"","overlay-type":"","overlay-color":"","overlay-opacity":"","overlay-gradient":""},"tablet":{"background-color":"var(--ast-global-color-5)","background-image":"","background-repeat":"repeat","background-position":"center center","background-size":"auto","background-attachment":"scroll","background-type":"","background-media":"","overlay-type":"","overlay-color":"","overlay-opacity":"","overlay-gradient":""},"mobile":{"background-color":"var(--ast-global-color-5)","background-image":"","background-repeat":"repeat","background-position":"center center","background-size":"auto","background-attachment":"scroll","background-type":"","background-media":"","overlay-type":"","overlay-color":"","overlay-opacity":"","overlay-gradient":""}}},"product_cat":[139,115,134],"product_tag":[],"acf":[],"_links":{"self":[{"href":"https:\/\/firmaostanski.pl\/de\/wp-json\/wp\/v2\/product\/9488759"}],"collection":[{"href":"https:\/\/firmaostanski.pl\/de\/wp-json\/wp\/v2\/product"}],"about":[{"href":"https:\/\/firmaostanski.pl\/de\/wp-json\/wp\/v2\/types\/product"}],"replies":[{"embeddable":true,"href":"https:\/\/firmaostanski.pl\/de\/wp-json\/wp\/v2\/comments?post=9488759"}],"wp:featuredmedia":[{"embeddable":true,"href":"https:\/\/firmaostanski.pl\/de\/wp-json\/wp\/v2\/media\/9538867"}],"wp:attachment":[{"href":"https:\/\/firmaostanski.pl\/de\/wp-json\/wp\/v2\/media?parent=9488759"}],"wp:term":[{"taxonomy":"product_cat","embeddable":true,"href":"https:\/\/firmaostanski.pl\/de\/wp-json\/wp\/v2\/product_cat?post=9488759"},{"taxonomy":"product_tag","embeddable":true,"href":"https:\/\/firmaostanski.pl\/de\/wp-json\/wp\/v2\/product_tag?post=9488759"}],"curies":[{"name":"wp","href":"https:\/\/api.w.org\/{rel}","templated":true}]}}