{"id":9488293,"date":"2025-05-05T00:06:28","date_gmt":"2025-05-04T22:06:28","guid":{"rendered":"https:\/\/firmaostanski.pl\/produkt\/vw-golf-viii-audi-a4a6-pompa-wody-2-0-010220802rt-13728673805\/"},"modified":"2025-05-26T22:10:36","modified_gmt":"2025-05-26T20:10:36","slug":"vw-golf-viii-audi-a4a6-pompa-wody-2-0-010220802rt-13728673805","status":"publish","type":"product","link":"https:\/\/firmaostanski.pl\/de\/produkt\/vw-golf-viii-audi-a4a6-pompa-wody-2-0-010220802rt-13728673805\/","title":{"rendered":"VW GOLF VIII AUDI A4,A6 WASSERPUMPE 2.0 010220802RT"},"content":{"rendered":"<div class=\"container\">\n<div class=\"row\" style=\"margin-bottom: 1em\">\n<div class=\"col-sm\">\n<figure class=\"wp-block-media-text__media\"><img decoding=\"async\" src=\"https:\/\/firmaostanski.pl\/wp-content\/uploads\/allegro\/2025\/5\/13728673805_5f1c349045e9b46ff2d2db77b0a4.jpg\" alt=\"13728673805\" \/><\/figure>\n<\/div>\n<div class=\"col-sm\">\n<h1>POMPA WODY 2.0 TDI<\/h1>\n<p><b>Beschreibung des Produkts:<\/b><\/p>\n<p><b>original, gebraucht,<\/b><\/p>\n<p>Auto-Modell: <b>VW ARTEON, VW PASSAT B8, VW TIGUAN, VW GOLF VIII, AUDI A4 B9 LIFT, AUDI A5 II LIFT, AUDI A6 C8, AUDI A7, AUDI Q5 II LIFT<\/b><\/p>\n<p>Katalognummer:<b> 010220802RT<\/b><\/p>\n<p>Modelljahr<b>: 2014-<\/b><\/p>\n<p>Seite:<\/p>\n<p>Stauraum:<b> A4 A3<\/b><\/p>\n<p>Originalteil, gebraucht<\/p>\n<\/div>\n<\/div>\n<div class=\"row\" style=\"margin-bottom: 1em\">\n<div class=\"col-sm\">\n<figure class=\"wp-block-media-text__media\"><img decoding=\"async\" src=\"https:\/\/firmaostanski.pl\/wp-content\/uploads\/allegro\/2025\/5\/13728673805_b02231ee4fbe822e182a84830c6e.jpg\" alt=\"13728673805\" \/><\/figure>\n<\/div>\n<div class=\"col-sm\">\n<figure class=\"wp-block-media-text__media\"><img decoding=\"async\" src=\"https:\/\/firmaostanski.pl\/wp-content\/uploads\/allegro\/2025\/5\/13728673805_f9207ffb4d688cc0bd271d27003f.jpg\" alt=\"13728673805\" \/><\/figure>\n<\/div>\n<\/div>\n<\/div>","protected":false},"excerpt":{"rendered":"<p>POMPA WODY 2.0 TDI Opis produktu: oryginalny, u\u017cywany, Model auta: VW ARTEON, VW PASSAT B8, VW TIGUAN, VW GOLF VIII, AUDI A4 B9 LIFT, AUDI A5 II LIFT, AUDI A6 C8, AUDI A7, AUDI Q5 II LIFT Numer katalogowy: 010220802RT Rocznik modelowy: 2014- Strona: Miejsce na magazynie: A4 A3 Cz\u0119\u015b\u0107 oryginalna, u\u017cywana<\/p>","protected":false},"featured_media":9536651,"comment_status":"open","ping_status":"closed","template":"","meta":{"_acf_changed":false,"inline_featured_image":false,"site-sidebar-layout":"default","site-content-layout":"","ast-site-content-layout":"","site-content-style":"default","site-sidebar-style":"default","ast-global-header-display":"","ast-banner-title-visibility":"","ast-main-header-display":"","ast-hfb-above-header-display":"","ast-hfb-below-header-display":"","ast-hfb-mobile-header-display":"","site-post-title":"","ast-breadcrumbs-content":"","ast-featured-img":"","footer-sml-layout":"","theme-transparent-header-meta":"","adv-header-id-meta":"","stick-header-meta":"","header-above-stick-meta":"","header-main-stick-meta":"","header-below-stick-meta":"","astra-migrate-meta-layouts":"default","ast-page-background-enabled":"default","ast-page-background-meta":{"desktop":{"background-color":"","background-image":"","background-repeat":"repeat","background-position":"center center","background-size":"auto","background-attachment":"scroll","background-type":"","background-media":"","overlay-type":"","overlay-color":"","overlay-opacity":"","overlay-gradient":""},"tablet":{"background-color":"","background-image":"","background-repeat":"repeat","background-position":"center center","background-size":"auto","background-attachment":"scroll","background-type":"","background-media":"","overlay-type":"","overlay-color":"","overlay-opacity":"","overlay-gradient":""},"mobile":{"background-color":"","background-image":"","background-repeat":"repeat","background-position":"center center","background-size":"auto","background-attachment":"scroll","background-type":"","background-media":"","overlay-type":"","overlay-color":"","overlay-opacity":"","overlay-gradient":""}},"ast-content-background-meta":{"desktop":{"background-color":"var(--ast-global-color-5)","background-image":"","background-repeat":"repeat","background-position":"center center","background-size":"auto","background-attachment":"scroll","background-type":"","background-media":"","overlay-type":"","overlay-color":"","overlay-opacity":"","overlay-gradient":""},"tablet":{"background-color":"var(--ast-global-color-5)","background-image":"","background-repeat":"repeat","background-position":"center center","background-size":"auto","background-attachment":"scroll","background-type":"","background-media":"","overlay-type":"","overlay-color":"","overlay-opacity":"","overlay-gradient":""},"mobile":{"background-color":"var(--ast-global-color-5)","background-image":"","background-repeat":"repeat","background-position":"center center","background-size":"auto","background-attachment":"scroll","background-type":"","background-media":"","overlay-type":"","overlay-color":"","overlay-opacity":"","overlay-gradient":""}}},"product_cat":[289,290,219,115],"product_tag":[],"acf":[],"_links":{"self":[{"href":"https:\/\/firmaostanski.pl\/de\/wp-json\/wp\/v2\/product\/9488293"}],"collection":[{"href":"https:\/\/firmaostanski.pl\/de\/wp-json\/wp\/v2\/product"}],"about":[{"href":"https:\/\/firmaostanski.pl\/de\/wp-json\/wp\/v2\/types\/product"}],"replies":[{"embeddable":true,"href":"https:\/\/firmaostanski.pl\/de\/wp-json\/wp\/v2\/comments?post=9488293"}],"wp:featuredmedia":[{"embeddable":true,"href":"https:\/\/firmaostanski.pl\/de\/wp-json\/wp\/v2\/media\/9536651"}],"wp:attachment":[{"href":"https:\/\/firmaostanski.pl\/de\/wp-json\/wp\/v2\/media?parent=9488293"}],"wp:term":[{"taxonomy":"product_cat","embeddable":true,"href":"https:\/\/firmaostanski.pl\/de\/wp-json\/wp\/v2\/product_cat?post=9488293"},{"taxonomy":"product_tag","embeddable":true,"href":"https:\/\/firmaostanski.pl\/de\/wp-json\/wp\/v2\/product_tag?post=9488293"}],"curies":[{"name":"wp","href":"https:\/\/api.w.org\/{rel}","templated":true}]}}