{"id":9488001,"date":"2025-05-05T00:04:36","date_gmt":"2025-05-04T22:04:36","guid":{"rendered":"https:\/\/firmaostanski.pl\/produkt\/vw-touran-5ta-15-kompletny-przod-maska-lampa-5t-9636447417\/"},"modified":"2025-05-27T11:10:50","modified_gmt":"2025-05-27T09:10:50","slug":"vw-touran-5ta-15-kompletny-przod-maska-lampa-5t-9636447417","status":"publish","type":"product","link":"https:\/\/firmaostanski.pl\/de\/produkt\/vw-touran-5ta-15-kompletny-przod-maska-lampa-5t-9636447417\/","title":{"rendered":"VW TOURAN 5TA 15- KOMPLETT VORDERE HAUBENLEUCHTE 5T"},"content":{"rendered":"<div class=\"container\">\n<div class=\"row\" style=\"margin-bottom: 1em\">\n<div class=\"col-sm\">\n<figure class=\"wp-block-media-text__media\"><img decoding=\"async\" src=\"https:\/\/firmaostanski.pl\/wp-content\/uploads\/allegro\/2025\/5\/9636447417_8acf3dfe4b54b369b776077c4fa7.jpg\" alt=\"9636447417\" \/><\/figure>\n<\/div>\n<div class=\"col-sm\">\n<p><b>VW&nbsp; TOURAN II&nbsp; &nbsp;5TA&nbsp; 2015-<\/b><\/p>\n<p>KOMPLETTE FRONT :<\/p>\n<ul>\n<li>MASKE<\/li>\n<li>STOSSSTANGE KOMPLETT MIT ZUBEH\u00d6R<\/li>\n<\/ul>\n<p>(spryskiwacze, czujniki parkowania, kratki, halogeny lub bez).dost\u0119pne s\u0105&nbsp;<b>ALLE ARTEN VON STOSSSTANGEN<\/b><\/p>\n<ul>\n<li>2 x H7 normale Lampen<\/li>\n<li>2 x Fender<\/li>\n<li>KOMPLETTES FRONTBAND MIT K\u00dcHLERN UND VENTILATOREN<\/li>\n<\/ul>\n<p><b>Silniki benzynowe:<\/b><\/p>\n<p>1.2 TSI 1.4 TSI 1.8 TSI<\/p>\n<p><b>Silniki wysokopr\u0119\u017cne:<\/b><\/p>\n<p>1.6 TDI 2.0 TDI<\/p>\n<\/div>\n<\/div>\n<div class=\"row\" style=\"margin-bottom: 1em\">\n<div class=\"col-sm\">\n<p>Alle Teile sind immer zum Bemalen. Fotos ansehen.<\/p>\n<p>Wir haben keine Teile in Farbe.<\/p>\n<p><b>Unser Unternehmen fertigt Frontends entsprechend der VIN-Nummer<\/b><\/p>\n<p><b>f\u00fcr ein bestimmtes Auto.<\/b> Die Karosserieteile sind gebraucht, w\u00e4hrend Dinge wie Luftlenker, Griffe, Profile, Clips und Gummis von der VW-Serviceabteilung neu bestellt werden.<\/p>\n<p>Vorlaufzeit&nbsp;<b>4 - 7 Tage.<\/b><\/p>\n<p><b>Lieferung mit eigenem Transport m\u00f6glich. Bezahlung in bar beim Fahrer<\/b><\/p>\n<\/div>\n<div class=\"col-sm\">\n<figure class=\"wp-block-media-text__media\"><img decoding=\"async\" src=\"https:\/\/firmaostanski.pl\/wp-content\/uploads\/allegro\/2025\/5\/9636447417_cecfffc54830afea97eea81bafcc.jpg\" alt=\"9636447417\" \/><\/figure>\n<\/div>\n<\/div>\n<div class=\"row\" style=\"margin-bottom: 1em\">\n<div class=\"col-sm\">\n<h2>VIELEN DANK UND VIEL SPASS BEIM EINKAUFEN!<\/h2>\n<h2>SIEHE UNSERE ANDEREN AUKTIONEN<\/h2>\n<\/div>\n<\/div>\n<\/div>","protected":false},"excerpt":{"rendered":"<p>VW&nbsp; TOURAN II&nbsp; &nbsp;5TA&nbsp; 2015- KOMPLETNY PRZ\u00d3D : MASKA ZDERZAK KOMPLETNY Z OSPRZ\u0118TEM (spryskiwacze, czujniki parkowania, kratki, halogeny lub bez).dost\u0119pne s\u0105&nbsp;WSZYSTKIE RODZAJE ZDERZAK\u00d3W 2 x LAMPY ZWYK\u0141E H7 2 x B\u0141OTNIK KOMPLETNY PAS PRZEDNI Z CH\u0141ODNICAMI I WENTYLATORAMI Silniki benzynowe: 1.2 TSI 1.4 TSI 1.8 TSI Silniki wysokopr\u0119\u017cne: 1.6 TDI 2.0 TDI Wszystkie cz\u0119\u015bci s\u0105 [&hellip;]<\/p>","protected":false},"featured_media":9538628,"comment_status":"open","ping_status":"closed","template":"","meta":{"_acf_changed":false,"inline_featured_image":false,"site-sidebar-layout":"default","site-content-layout":"","ast-site-content-layout":"","site-content-style":"default","site-sidebar-style":"default","ast-global-header-display":"","ast-banner-title-visibility":"","ast-main-header-display":"","ast-hfb-above-header-display":"","ast-hfb-below-header-display":"","ast-hfb-mobile-header-display":"","site-post-title":"","ast-breadcrumbs-content":"","ast-featured-img":"","footer-sml-layout":"","theme-transparent-header-meta":"","adv-header-id-meta":"","stick-header-meta":"","header-above-stick-meta":"","header-main-stick-meta":"","header-below-stick-meta":"","astra-migrate-meta-layouts":"default","ast-page-background-enabled":"default","ast-page-background-meta":{"desktop":{"background-color":"","background-image":"","background-repeat":"repeat","background-position":"center center","background-size":"auto","background-attachment":"scroll","background-type":"","background-media":"","overlay-type":"","overlay-color":"","overlay-opacity":"","overlay-gradient":""},"tablet":{"background-color":"","background-image":"","background-repeat":"repeat","background-position":"center center","background-size":"auto","background-attachment":"scroll","background-type":"","background-media":"","overlay-type":"","overlay-color":"","overlay-opacity":"","overlay-gradient":""},"mobile":{"background-color":"","background-image":"","background-repeat":"repeat","background-position":"center center","background-size":"auto","background-attachment":"scroll","background-type":"","background-media":"","overlay-type":"","overlay-color":"","overlay-opacity":"","overlay-gradient":""}},"ast-content-background-meta":{"desktop":{"background-color":"var(--ast-global-color-5)","background-image":"","background-repeat":"repeat","background-position":"center center","background-size":"auto","background-attachment":"scroll","background-type":"","background-media":"","overlay-type":"","overlay-color":"","overlay-opacity":"","overlay-gradient":""},"tablet":{"background-color":"var(--ast-global-color-5)","background-image":"","background-repeat":"repeat","background-position":"center center","background-size":"auto","background-attachment":"scroll","background-type":"","background-media":"","overlay-type":"","overlay-color":"","overlay-opacity":"","overlay-gradient":""},"mobile":{"background-color":"var(--ast-global-color-5)","background-image":"","background-repeat":"repeat","background-position":"center center","background-size":"auto","background-attachment":"scroll","background-type":"","background-media":"","overlay-type":"","overlay-color":"","overlay-opacity":"","overlay-gradient":""}}},"product_cat":[139,115,134],"product_tag":[],"acf":[],"_links":{"self":[{"href":"https:\/\/firmaostanski.pl\/de\/wp-json\/wp\/v2\/product\/9488001"}],"collection":[{"href":"https:\/\/firmaostanski.pl\/de\/wp-json\/wp\/v2\/product"}],"about":[{"href":"https:\/\/firmaostanski.pl\/de\/wp-json\/wp\/v2\/types\/product"}],"replies":[{"embeddable":true,"href":"https:\/\/firmaostanski.pl\/de\/wp-json\/wp\/v2\/comments?post=9488001"}],"wp:featuredmedia":[{"embeddable":true,"href":"https:\/\/firmaostanski.pl\/de\/wp-json\/wp\/v2\/media\/9538628"}],"wp:attachment":[{"href":"https:\/\/firmaostanski.pl\/de\/wp-json\/wp\/v2\/media?parent=9488001"}],"wp:term":[{"taxonomy":"product_cat","embeddable":true,"href":"https:\/\/firmaostanski.pl\/de\/wp-json\/wp\/v2\/product_cat?post=9488001"},{"taxonomy":"product_tag","embeddable":true,"href":"https:\/\/firmaostanski.pl\/de\/wp-json\/wp\/v2\/product_tag?post=9488001"}],"curies":[{"name":"wp","href":"https:\/\/api.w.org\/{rel}","templated":true}]}}