{"id":9487969,"date":"2025-05-05T00:04:26","date_gmt":"2025-05-04T22:04:26","guid":{"rendered":"https:\/\/firmaostanski.pl\/produkt\/seat-arona-lift-6f9-2021-kompletny-przod-led-13252522539\/"},"modified":"2025-05-26T19:13:42","modified_gmt":"2025-05-26T17:13:42","slug":"seat-arona-lift-6f9-2021-kompletny-przod-led-13252522539","status":"publish","type":"product","link":"https:\/\/firmaostanski.pl\/de\/produkt\/seat-arona-lift-6f9-2021-kompletny-przod-led-13252522539\/","title":{"rendered":"SEAT ARONA LIFT 6F9 2021- KOMPLETT VORNE LED"},"content":{"rendered":"<div class=\"container\">\n<div class=\"row\" style=\"margin-bottom: 1em\">\n<div class=\"col-sm\">\n<figure class=\"wp-block-media-text__media\"><img decoding=\"async\" src=\"https:\/\/firmaostanski.pl\/wp-content\/uploads\/allegro\/2025\/5\/13252522539_6eda0323415584e6ffebb50d49af.jpg\" alt=\"13252522539\" \/><\/figure>\n<\/div>\n<div class=\"col-sm\">\n<p><b>SEAT ARONA 6F<\/b><\/p>\n<p>KOMPLETTE FRONT :<\/p>\n<ul>\n<li>MASKE<\/li>\n<li>STOSSSTANGE KOMPLETT MIT ZUBEH\u00d6R<\/li>\n<\/ul>\n<p>( CZUJNIKI PARKOWANIA KRATKI POD RADAR ) dost\u0119pne s\u0105 <b>ALLE ARTEN VON STOSSSTANGEN<\/b><\/p>\n<ul>\n<li>2 x LAMPY LED<\/li>\n<li>2 x Fender<\/li>\n<li>KOMPLETTES FRONTBAND MIT K\u00dcHLERN UND VENTILATOREN<\/li>\n<\/ul>\n<\/div>\n<\/div>\n<div class=\"row\" style=\"margin-bottom: 1em\">\n<div class=\"col-sm\">\n<p>Alle Teile sind immer zum Bemalen. Fotos ansehen.<\/p>\n<p>Wir haben keine Teile in Farbe.<\/p>\n<p><b>Wir vervollst\u00e4ndigen Frontends entsprechend der VIN-Nummer<\/b><\/p>\n<p>do konkretnego auta. Cz\u0119\u015bci karoseryjne s\u0105 u\u017cywane, natomiast takie rzeczy jak kierownice powietrza, uchwyty, profile, spinki, gumki zamawiamy nowe w serwisie SEAT.<\/p>\n<p>Vorlaufzeit&nbsp;<b>4 - 7 Tage.<\/b><\/p>\n<p><b>Mo\u017cliwo\u015b\u0107 dostawy w\u0142asnym transportem . P\u0142atno\u015b\u0107 got\u00f3wk\u0105 u kierowcy .<\/b><\/p>\n<\/div>\n<div class=\"col-sm\">\n<figure class=\"wp-block-media-text__media\"><img decoding=\"async\" src=\"https:\/\/firmaostanski.pl\/wp-content\/uploads\/allegro\/2025\/5\/13252522539_6e43361443f4b2648f186aadf7cb.jpg\" alt=\"13252522539\" \/><\/figure>\n<\/div>\n<\/div>\n<div class=\"row\" style=\"margin-bottom: 1em\">\n<div class=\"col-sm\">\n<figure class=\"wp-block-media-text__media\"><img decoding=\"async\" src=\"https:\/\/firmaostanski.pl\/wp-content\/uploads\/allegro\/2025\/5\/13252522539_23a2c8bd41b1bac432d2f55c26ce.jpg\" alt=\"13252522539\" \/><\/figure>\n<\/div>\n<div class=\"col-sm\">\n<figure class=\"wp-block-media-text__media\"><img decoding=\"async\" src=\"https:\/\/firmaostanski.pl\/wp-content\/uploads\/allegro\/2025\/5\/13252522539_2332e77748e4bc1688c3b861f6c3.jpg\" alt=\"13252522539\" \/><\/figure>\n<\/div>\n<\/div>\n<div class=\"row\" style=\"margin-bottom: 1em\">\n<div class=\"col-sm\">\n<figure class=\"wp-block-media-text__media\"><img decoding=\"async\" src=\"https:\/\/firmaostanski.pl\/wp-content\/uploads\/allegro\/2025\/5\/13252522539_aec3195b461ca4a62974faefd4f2.jpg\" alt=\"13252522539\" \/><\/figure>\n<\/div>\n<div class=\"col-sm\">\n<figure class=\"wp-block-media-text__media\"><img decoding=\"async\" src=\"https:\/\/firmaostanski.pl\/wp-content\/uploads\/allegro\/2025\/5\/13252522539_eddcb3f64d25bb5979b69d2df3bf.jpg\" alt=\"13252522539\" \/><\/figure>\n<\/div>\n<\/div>\n<div class=\"row\" style=\"margin-bottom: 1em\">\n<div class=\"col-sm\">\n<h2>VIELEN DANK UND VIEL SPASS BEIM EINKAUFEN!<\/h2>\n<h2>SIEHE UNSERE ANDEREN AUKTIONEN<\/h2>\n<\/div>\n<\/div>\n<\/div>","protected":false},"excerpt":{"rendered":"<p>SEAT ARONA 6F KOMPLETNY PRZ\u00d3D : MASKA ZDERZAK KOMPLETNY Z OSPRZ\u0118TEM ( CZUJNIKI PARKOWANIA KRATKI POD RADAR ) dost\u0119pne s\u0105 WSZYSTKIE RODZAJE ZDERZAK\u00d3W 2 x LAMPY LED 2 x B\u0141OTNIK KOMPLETNY PAS PRZEDNI Z CH\u0141ODNICAMI I WENTYLATORAMI Wszystkie cz\u0119\u015bci s\u0105 zawsze do lakierowania.&nbsp;Zdj\u0119cia pogl\u0105dowe. Nie mamy cz\u0119\u015bci w kolor. Zajmujemy si\u0119 kompletowaniem przod\u00f3w wg numeru [&hellip;]<\/p>","protected":false},"featured_media":9534402,"comment_status":"open","ping_status":"closed","template":"","meta":{"_acf_changed":false,"inline_featured_image":false,"site-sidebar-layout":"default","site-content-layout":"","ast-site-content-layout":"","site-content-style":"default","site-sidebar-style":"default","ast-global-header-display":"","ast-banner-title-visibility":"","ast-main-header-display":"","ast-hfb-above-header-display":"","ast-hfb-below-header-display":"","ast-hfb-mobile-header-display":"","site-post-title":"","ast-breadcrumbs-content":"","ast-featured-img":"","footer-sml-layout":"","theme-transparent-header-meta":"","adv-header-id-meta":"","stick-header-meta":"","header-above-stick-meta":"","header-main-stick-meta":"","header-below-stick-meta":"","astra-migrate-meta-layouts":"default","ast-page-background-enabled":"default","ast-page-background-meta":{"desktop":{"background-color":"","background-image":"","background-repeat":"repeat","background-position":"center center","background-size":"auto","background-attachment":"scroll","background-type":"","background-media":"","overlay-type":"","overlay-color":"","overlay-opacity":"","overlay-gradient":""},"tablet":{"background-color":"","background-image":"","background-repeat":"repeat","background-position":"center center","background-size":"auto","background-attachment":"scroll","background-type":"","background-media":"","overlay-type":"","overlay-color":"","overlay-opacity":"","overlay-gradient":""},"mobile":{"background-color":"","background-image":"","background-repeat":"repeat","background-position":"center center","background-size":"auto","background-attachment":"scroll","background-type":"","background-media":"","overlay-type":"","overlay-color":"","overlay-opacity":"","overlay-gradient":""}},"ast-content-background-meta":{"desktop":{"background-color":"var(--ast-global-color-5)","background-image":"","background-repeat":"repeat","background-position":"center center","background-size":"auto","background-attachment":"scroll","background-type":"","background-media":"","overlay-type":"","overlay-color":"","overlay-opacity":"","overlay-gradient":""},"tablet":{"background-color":"var(--ast-global-color-5)","background-image":"","background-repeat":"repeat","background-position":"center center","background-size":"auto","background-attachment":"scroll","background-type":"","background-media":"","overlay-type":"","overlay-color":"","overlay-opacity":"","overlay-gradient":""},"mobile":{"background-color":"var(--ast-global-color-5)","background-image":"","background-repeat":"repeat","background-position":"center center","background-size":"auto","background-attachment":"scroll","background-type":"","background-media":"","overlay-type":"","overlay-color":"","overlay-opacity":"","overlay-gradient":""}}},"product_cat":[139,115,134],"product_tag":[],"acf":[],"_links":{"self":[{"href":"https:\/\/firmaostanski.pl\/de\/wp-json\/wp\/v2\/product\/9487969"}],"collection":[{"href":"https:\/\/firmaostanski.pl\/de\/wp-json\/wp\/v2\/product"}],"about":[{"href":"https:\/\/firmaostanski.pl\/de\/wp-json\/wp\/v2\/types\/product"}],"replies":[{"embeddable":true,"href":"https:\/\/firmaostanski.pl\/de\/wp-json\/wp\/v2\/comments?post=9487969"}],"wp:featuredmedia":[{"embeddable":true,"href":"https:\/\/firmaostanski.pl\/de\/wp-json\/wp\/v2\/media\/9534402"}],"wp:attachment":[{"href":"https:\/\/firmaostanski.pl\/de\/wp-json\/wp\/v2\/media?parent=9487969"}],"wp:term":[{"taxonomy":"product_cat","embeddable":true,"href":"https:\/\/firmaostanski.pl\/de\/wp-json\/wp\/v2\/product_cat?post=9487969"},{"taxonomy":"product_tag","embeddable":true,"href":"https:\/\/firmaostanski.pl\/de\/wp-json\/wp\/v2\/product_tag?post=9487969"}],"curies":[{"name":"wp","href":"https:\/\/api.w.org\/{rel}","templated":true}]}}