{"id":9487874,"date":"2025-05-05T00:03:49","date_gmt":"2025-05-04T22:03:49","guid":{"rendered":"https:\/\/firmaostanski.pl\/produkt\/audi-a6-c7-lift-s-line-kompletny-przod-maska-xenon-9648706385\/"},"modified":"2025-05-27T13:11:44","modified_gmt":"2025-05-27T11:11:44","slug":"audi-a6-c7-lift-s-line-kompletny-przod-maska-xenon-9648706385","status":"publish","type":"product","link":"https:\/\/firmaostanski.pl\/de\/produkt\/audi-a6-c7-lift-s-line-kompletny-przod-maska-xenon-9648706385\/","title":{"rendered":"AUDI A6 C7 LIFT S-LINE KOMPLETTE VORDERE MOTORHAUBE XENON"},"content":{"rendered":"<div class=\"container\">\n<div class=\"row\" style=\"margin-bottom: 1em\">\n<div class=\"col-sm\">\n<figure class=\"wp-block-media-text__media\"><img decoding=\"async\" src=\"https:\/\/firmaostanski.pl\/wp-content\/uploads\/allegro\/2025\/5\/9648706385_54a1e2864934a51fea07cb56a69c.jpg\" alt=\"9648706385\" \/><\/figure>\n<\/div>\n<div class=\"col-sm\">\n<p><b>AUDI A6 C7 4G0 &nbsp;LIFT S-LINE 2015 &#8211; 2017 r.<\/b><\/p>\n<p>KOMPLETTE FRONT :<\/p>\n<ul>\n<li>&#8211; MASKA<\/li>\n<li>&#8211; ZDERZAK KOMPLETNY Z OSPRZ\u0118TEM<\/li>\n<\/ul>\n<p>(PARKING SPRINKLER SENSORS PARKING BOARDS WITH OR WITH WITHOUT RADAR) sind verf\u00fcgbar&nbsp;<b>ALLE ARTEN VON STOSSSTANGEN<\/b><\/p>\n<ul>\n<li>&#8211; LAMPY XENON KOMPLETNE<\/li>\n<li>&#8211; 2 B\u0141OTNIKI<\/li>\n<li>&#8211; KOMPLETNY PAS PRZEDNI Z CH\u0141ODNICAMI&nbsp; I WENTYLATORAMI<\/li>\n<\/ul>\n<p>2.0 TDI 3.0 TDI 1.8 TFSI 2.0 TFSI 3,0 TFSI,<\/p>\n<p>SKRZYNIA MANUALNA&nbsp; LUB AUTOMATYCZNA,<\/p>\n<\/div>\n<\/div>\n<div class=\"row\" style=\"margin-bottom: 1em\">\n<div class=\"col-sm\">\n<p>Alle Teile sind immer zum Bemalen. Fotos ansehen.<\/p>\n<p>Wir haben keine Teile in Farbe.<\/p>\n<p><b>Unser Unternehmen fertigt Frontends entsprechend der VIN-Nummer<\/b><\/p>\n<p>f\u00fcr ein bestimmtes Auto. Die Karosserieteile sind aus zweiter Hand, w\u00e4hrend Dinge wie Luftlenker, Griffe, Profile, Clips und Gummis neu bei der VW-Serviceabteilung bestellt werden.<\/p>\n<p>Vorlaufzeit&nbsp;<b>4 - 7 Tage.<\/b><\/p>\n<\/div>\n<div class=\"col-sm\">\n<figure class=\"wp-block-media-text__media\"><img decoding=\"async\" src=\"https:\/\/firmaostanski.pl\/wp-content\/uploads\/allegro\/2025\/5\/9648706385_fc573b024304bf641f5936980f0f.jpg\" alt=\"9648706385\" \/><\/figure>\n<\/div>\n<\/div>\n<div class=\"row\" style=\"margin-bottom: 1em\">\n<div class=\"col-sm\">\n<figure class=\"wp-block-media-text__media\"><img decoding=\"async\" src=\"https:\/\/firmaostanski.pl\/wp-content\/uploads\/allegro\/2025\/5\/9648706385_cbaaeaee4d35ae78ebe24453ebbc.jpg\" alt=\"9648706385\" \/><\/figure>\n<\/div>\n<\/div>\n<div class=\"row\" style=\"margin-bottom: 1em\">\n<div class=\"col-sm\">\n<h2>VIELEN DANK UND VIEL SPASS BEIM EINKAUFEN!<\/h2>\n<h2>SIEHE UNSERE ANDEREN AUKTIONEN<\/h2>\n<\/div>\n<\/div>\n<\/div>","protected":false},"excerpt":{"rendered":"<p>AUDI A6 C7 4G0 &nbsp;LIFT S-LINE 2015 &#8211; 2017 r. KOMPLETNY&nbsp;PRZ\u00d3D : &#8211; MASKA &#8211; ZDERZAK KOMPLETNY Z OSPRZ\u0118TEM (SPRYSKIWACZE CZUJNIKI PARKOWANIA KRATKI POD RADAR LUB BEZ) dost\u0119pne s\u0105&nbsp;WSZYSTKIE RODZAJE ZDERZAK\u00d3W &#8211; LAMPY XENON KOMPLETNE &#8211; 2 B\u0141OTNIKI &#8211; KOMPLETNY PAS PRZEDNI Z CH\u0141ODNICAMI&nbsp; I WENTYLATORAMI 2.0 TDI 3.0 TDI 1.8 TFSI 2.0 TFSI 3,0 [&hellip;]<\/p>","protected":false},"featured_media":9538790,"comment_status":"open","ping_status":"closed","template":"","meta":{"_acf_changed":false,"inline_featured_image":false,"site-sidebar-layout":"default","site-content-layout":"","ast-site-content-layout":"","site-content-style":"default","site-sidebar-style":"default","ast-global-header-display":"","ast-banner-title-visibility":"","ast-main-header-display":"","ast-hfb-above-header-display":"","ast-hfb-below-header-display":"","ast-hfb-mobile-header-display":"","site-post-title":"","ast-breadcrumbs-content":"","ast-featured-img":"","footer-sml-layout":"","theme-transparent-header-meta":"","adv-header-id-meta":"","stick-header-meta":"","header-above-stick-meta":"","header-main-stick-meta":"","header-below-stick-meta":"","astra-migrate-meta-layouts":"default","ast-page-background-enabled":"default","ast-page-background-meta":{"desktop":{"background-color":"","background-image":"","background-repeat":"repeat","background-position":"center center","background-size":"auto","background-attachment":"scroll","background-type":"","background-media":"","overlay-type":"","overlay-color":"","overlay-opacity":"","overlay-gradient":""},"tablet":{"background-color":"","background-image":"","background-repeat":"repeat","background-position":"center center","background-size":"auto","background-attachment":"scroll","background-type":"","background-media":"","overlay-type":"","overlay-color":"","overlay-opacity":"","overlay-gradient":""},"mobile":{"background-color":"","background-image":"","background-repeat":"repeat","background-position":"center center","background-size":"auto","background-attachment":"scroll","background-type":"","background-media":"","overlay-type":"","overlay-color":"","overlay-opacity":"","overlay-gradient":""}},"ast-content-background-meta":{"desktop":{"background-color":"var(--ast-global-color-5)","background-image":"","background-repeat":"repeat","background-position":"center center","background-size":"auto","background-attachment":"scroll","background-type":"","background-media":"","overlay-type":"","overlay-color":"","overlay-opacity":"","overlay-gradient":""},"tablet":{"background-color":"var(--ast-global-color-5)","background-image":"","background-repeat":"repeat","background-position":"center center","background-size":"auto","background-attachment":"scroll","background-type":"","background-media":"","overlay-type":"","overlay-color":"","overlay-opacity":"","overlay-gradient":""},"mobile":{"background-color":"var(--ast-global-color-5)","background-image":"","background-repeat":"repeat","background-position":"center center","background-size":"auto","background-attachment":"scroll","background-type":"","background-media":"","overlay-type":"","overlay-color":"","overlay-opacity":"","overlay-gradient":""}}},"product_cat":[139,115,134],"product_tag":[],"acf":[],"_links":{"self":[{"href":"https:\/\/firmaostanski.pl\/de\/wp-json\/wp\/v2\/product\/9487874"}],"collection":[{"href":"https:\/\/firmaostanski.pl\/de\/wp-json\/wp\/v2\/product"}],"about":[{"href":"https:\/\/firmaostanski.pl\/de\/wp-json\/wp\/v2\/types\/product"}],"replies":[{"embeddable":true,"href":"https:\/\/firmaostanski.pl\/de\/wp-json\/wp\/v2\/comments?post=9487874"}],"wp:featuredmedia":[{"embeddable":true,"href":"https:\/\/firmaostanski.pl\/de\/wp-json\/wp\/v2\/media\/9538790"}],"wp:attachment":[{"href":"https:\/\/firmaostanski.pl\/de\/wp-json\/wp\/v2\/media?parent=9487874"}],"wp:term":[{"taxonomy":"product_cat","embeddable":true,"href":"https:\/\/firmaostanski.pl\/de\/wp-json\/wp\/v2\/product_cat?post=9487874"},{"taxonomy":"product_tag","embeddable":true,"href":"https:\/\/firmaostanski.pl\/de\/wp-json\/wp\/v2\/product_tag?post=9487874"}],"curies":[{"name":"wp","href":"https:\/\/api.w.org\/{rel}","templated":true}]}}